{"id":31044,"date":"2021-12-09T23:09:50","date_gmt":"2021-12-09T22:09:50","guid":{"rendered":"https:\/\/pepiniereezavin.fr\/?post_type=product&#038;p=31044"},"modified":"2022-10-18T17:35:22","modified_gmt":"2022-10-18T15:35:22","slug":"begonia-undulata","status":"publish","type":"product","link":"https:\/\/staging.pepiniereezavin.com\/en\/product\/begonia-undulata\/","title":{"rendered":"Begonia undulata"},"content":{"rendered":"<p>Nouveaut\u00e9 2017. Ce Begonia\u00a0<strong>bambusiforme<\/strong>\u00a0monte \u00e0 environ 60 cm en culture en int\u00e9rieur, mais peut atteindre 2 m de haut en pleine terre en zone tropicale. Il se pare de grappes pendantes de\u00a0<strong>fleurs blanches parfum\u00e9es<\/strong>\u00a0en \u00e9t\u00e9, et ses feuilles \u00e0\u00a0<strong>marges ondul\u00e9es<\/strong>\u00a0lui donnent une allure tr\u00e8s \u00e9l\u00e9gante. Les fleurs et les ovaires sont blancs. Croissance rapide et culture facile.<\/p>\n<p><span style=\"text-decoration: underline;\">Hauteur adulte :<\/span>\u00a060\/80(200).\u00a0<span style=\"text-decoration: underline;\">Origine g\u00e9ographique :<\/span>\u00a0Br\u00e9sil.\u00a0<span style=\"text-decoration: underline;\">Persistance hiver :<\/span>\u00a0Persistant.\u00a0<span style=\"text-decoration: underline;\">Rusticit\u00e9 USDA :<\/span>\u00a0Zone 9\/10.<\/p>","protected":false},"excerpt":{"rendered":"<p>Nouveaut\u00e9 2017. Ce Begonia\u00a0<strong>bambusiforme<\/strong>\u00a0monte \u00e0 environ 60 cm en culture en int\u00e9rieur, mais peut atteindre 2 m de haut en pleine terre en zone tropicale. Il se pare de grappes pendantes de\u00a0<strong>fleurs blanches parfum\u00e9es<\/strong>\u00a0en \u00e9t\u00e9, et ses feuilles \u00e0\u00a0<strong>marges ondul\u00e9es<\/strong>\u00a0lui donnent une allure tr\u00e8s \u00e9l\u00e9gante. Les fleurs et les ovaires sont blancs. Croissance rapide et culture facile.<\/p>\n<p><span style=\"text-decoration: underline;\">Hauteur adulte :<\/span>\u00a060\/80(200).\u00a0<span style=\"text-decoration: underline;\">Origine g\u00e9ographique :<\/span>\u00a0Br\u00e9sil.\u00a0<span style=\"text-decoration: underline;\">Persistance hiver :<\/span>\u00a0Persistant.\u00a0<span style=\"text-decoration: underline;\">Rusticit\u00e9 USDA :<\/span>\u00a0Zone 9\/10.<\/p>","protected":false},"featured_media":31075,"template":"","meta":{"site-sidebar-layout":"default","site-content-layout":"default","ast-global-header-display":"","ast-main-header-display":"","ast-hfb-above-header-display":"","ast-hfb-below-header-display":"","ast-hfb-mobile-header-display":"","site-post-title":"","ast-breadcrumbs-content":"","ast-featured-img":"","footer-sml-layout":"","theme-transparent-header-meta":"default","adv-header-id-meta":"","stick-header-meta":"default","header-above-stick-meta":"","header-main-stick-meta":"","header-below-stick-meta":""},"product_cat":[536,547],"product_tag":[520,528,556],"class_list":["post-31044","product","type-product","status-publish","has-post-thumbnail","hentry","product_cat-begonias","product_cat-begonias-interieur","product_tag-begonias-botaniques","product_tag-plantes-origine-americaine","product_tag-plantes-pour-interieur","pa_taille-du-pot-pot-12-14-cm-diametre","desktop-align-center","tablet-align-center","mobile-align-center","ast-product-gallery-layout-horizontal","ast-product-single-variable","ast-product-tabs-layout-horizontal","ast-qv-on-image"],"_links":{"self":[{"href":"https:\/\/staging.pepiniereezavin.com\/en\/wp-json\/wp\/v2\/product\/31044","targetHints":{"allow":["GET"]}}],"collection":[{"href":"https:\/\/staging.pepiniereezavin.com\/en\/wp-json\/wp\/v2\/product"}],"about":[{"href":"https:\/\/staging.pepiniereezavin.com\/en\/wp-json\/wp\/v2\/types\/product"}],"wp:featuredmedia":[{"embeddable":true,"href":"https:\/\/staging.pepiniereezavin.com\/en\/wp-json\/wp\/v2\/media\/31075"}],"wp:attachment":[{"href":"https:\/\/staging.pepiniereezavin.com\/en\/wp-json\/wp\/v2\/media?parent=31044"}],"wp:term":[{"taxonomy":"product_cat","embeddable":true,"href":"https:\/\/staging.pepiniereezavin.com\/en\/wp-json\/wp\/v2\/product_cat?post=31044"},{"taxonomy":"product_tag","embeddable":true,"href":"https:\/\/staging.pepiniereezavin.com\/en\/wp-json\/wp\/v2\/product_tag?post=31044"}],"curies":[{"name":"wp","href":"https:\/\/api.w.org\/{rel}","templated":true}]}}