{"id":31048,"date":"2021-12-09T23:09:51","date_gmt":"2021-12-09T22:09:51","guid":{"rendered":"https:\/\/pepiniereezavin.fr\/?post_type=product&#038;p=31048"},"modified":"2022-11-24T18:43:25","modified_gmt":"2022-11-24T17:43:25","slug":"selaginella-stauntoniana","status":"publish","type":"product","link":"https:\/\/staging.pepiniereezavin.com\/en\/product\/selaginella-stauntoniana\/","title":{"rendered":"Selaginella stauntoniana"},"content":{"rendered":"<p>Cette s\u00e9laginelle vient de Chine et de Cor\u00e9e. Elle a un <strong>port dress\u00e9<\/strong>, avec des rameaux recourb\u00e9s \u00e0 leur extr\u00e9mit\u00e9. Les tiges dress\u00e9es sont rouges \u00e0 la base, et les feuilles sont<strong> petites et<\/strong> <strong>imbriqu\u00e9es<\/strong> les unes dans les autres. Une merveille de d\u00e9licatesse et de d\u00e9coupage!<\/p>\n<p>Culture facile en rocaille en mi-ombre, dans un sol restant frais. Les branches s\u00e8chent en hiver et repoussent vers avril. Forme une gracieuse touffe au port dress\u00e9 et souple au bout.<\/p>\n<p><span style=\"text-decoration: underline;\">Hauteur adulte<\/span> : 20\/40(60). <span style=\"text-decoration: underline;\">Origine g\u00e9ographique<\/span> : Chine, Cor\u00e9e . <span style=\"text-decoration: underline;\">Persistance hiver<\/span> : semi-persistant. <span style=\"text-decoration: underline;\">Rusticit\u00e9 USDA<\/span> : Zone 8 au moins.<\/p>","protected":false},"excerpt":{"rendered":"<p>Cette s\u00e9laginelle vient de Chine et de Cor\u00e9e. Elle a un\u00a0<strong>port dress\u00e9<\/strong>, avec des rameaux recourb\u00e9s \u00e0 leur extr\u00e9mit\u00e9. Les tiges dress\u00e9es sont rouges \u00e0 la base, et les feuilles sont<strong>\u00a0petites et<\/strong>\u00a0<strong>imbriqu\u00e9es<\/strong>\u00a0les unes dans les autres. Une merveille de d\u00e9licatesse et de d\u00e9coupage!<\/p>\n<p>Culture facile en rocaille en mi-ombre, dans un sol restant frais. Les branches s\u00e8chent en hiver et repoussent vers avril. Forme une gracieuse touffe au port dress\u00e9 et souple au bout.<\/p>\n<p><span style=\"text-decoration: underline;\">Hauteur adulte<\/span>\u00a0: 20\/40(60).\u00a0<span style=\"text-decoration: underline;\">Origine g\u00e9ographique<\/span>\u00a0: Chine, Cor\u00e9e .\u00a0<span style=\"text-decoration: underline;\">Persistance hiver<\/span>\u00a0: semi-persistant.\u00a0<span style=\"text-decoration: underline;\">Rusticit\u00e9 USDA<\/span>\u00a0: Zone 8 au moins.<\/p>","protected":false},"featured_media":31081,"template":"","meta":{"site-sidebar-layout":"default","site-content-layout":"default","ast-global-header-display":"","ast-main-header-display":"","ast-hfb-above-header-display":"","ast-hfb-below-header-display":"","ast-hfb-mobile-header-display":"","site-post-title":"","ast-breadcrumbs-content":"","ast-featured-img":"","footer-sml-layout":"","theme-transparent-header-meta":"default","adv-header-id-meta":"","stick-header-meta":"default","header-above-stick-meta":"","header-main-stick-meta":"","header-below-stick-meta":""},"product_cat":[535,543,545,546],"product_tag":[526,529,556,558,559,533],"class_list":["post-31048","product","type-product","status-publish","has-post-thumbnail","hentry","product_cat-fougeres","product_cat-fougeres-interieur","product_cat-fougeres-climat-doux","product_cat-fougeres-climat-frais","product_tag-plantes-couvre-sol","product_tag-plantes-origine-asiatique","product_tag-plantes-pour-interieur","product_tag-plantes-pour-climats-doux","product_tag-plantes-pour-climats-frais","product_tag-plantes-pour-mur-vegetaux","pa_taille-du-pot-pot-12-14-cm-diametre","desktop-align-center","tablet-align-center","mobile-align-center","ast-product-gallery-layout-horizontal","ast-product-single-variable","ast-product-tabs-layout-horizontal","ast-qv-on-image"],"_links":{"self":[{"href":"https:\/\/staging.pepiniereezavin.com\/en\/wp-json\/wp\/v2\/product\/31048","targetHints":{"allow":["GET"]}}],"collection":[{"href":"https:\/\/staging.pepiniereezavin.com\/en\/wp-json\/wp\/v2\/product"}],"about":[{"href":"https:\/\/staging.pepiniereezavin.com\/en\/wp-json\/wp\/v2\/types\/product"}],"wp:featuredmedia":[{"embeddable":true,"href":"https:\/\/staging.pepiniereezavin.com\/en\/wp-json\/wp\/v2\/media\/31081"}],"wp:attachment":[{"href":"https:\/\/staging.pepiniereezavin.com\/en\/wp-json\/wp\/v2\/media?parent=31048"}],"wp:term":[{"taxonomy":"product_cat","embeddable":true,"href":"https:\/\/staging.pepiniereezavin.com\/en\/wp-json\/wp\/v2\/product_cat?post=31048"},{"taxonomy":"product_tag","embeddable":true,"href":"https:\/\/staging.pepiniereezavin.com\/en\/wp-json\/wp\/v2\/product_tag?post=31048"}],"curies":[{"name":"wp","href":"https:\/\/api.w.org\/{rel}","templated":true}]}}