{"id":31050,"date":"2021-12-09T23:09:51","date_gmt":"2021-12-09T22:09:51","guid":{"rendered":"https:\/\/pepiniereezavin.fr\/?post_type=product&#038;p=31050"},"modified":"2022-10-29T19:21:21","modified_gmt":"2022-10-29T17:21:21","slug":"aspidistra-elatior-asahi","status":"publish","type":"product","link":"https:\/\/staging.pepiniereezavin.com\/en\/product\/aspidistra-elatior-asahi\/","title":{"rendered":"Aspidistra elatior &lsquo;Asahi&rsquo;"},"content":{"rendered":"<p>Cette vari\u00e9t\u00e9, d&rsquo;origine japonaise, a des extr\u00e9mit\u00e9s de feuilles blanches. Les zones blanches sont flamm\u00e9es et touchent l&rsquo;extr\u00eame pointe des feuilles. Comme chez beaucoup de vari\u00e9t\u00e9s d&rsquo;Aspidistra, les pointes blanches et autres macules n&rsquo;apparaissent nettement que lorsque la plante a atteint une certaine taille. M\u00eame culture que les Aspidistra verts.<\/p>\n<p><span style=\"text-decoration: underline;\">Hauteur adulte<\/span>\u00a0: 80\/100. <span style=\"text-decoration: underline;\">Origine g\u00e9ographique<\/span>\u00a0: Origine horticole. <span style=\"text-decoration: underline;\">Persistance hiver<\/span>\u00a0: Persistant. <span style=\"text-decoration: underline;\">Rusticit\u00e9 USDA<\/span>\u00a0: Zone 7.<\/p>","protected":false},"excerpt":{"rendered":"<p>Cette vari\u00e9t\u00e9, d&rsquo;origine japonaise, a des extr\u00e9mit\u00e9s de feuilles blanches. Les zones blanches sont flamm\u00e9es et touchent l&rsquo;extr\u00eame pointe des feuilles. Comme chez beaucoup de vari\u00e9t\u00e9s d&rsquo;Aspidistra, les pointes blanches et autres macules n&rsquo;apparaissent nettement que lorsque la plante a atteint une certaine taille. M\u00eame culture que les Aspidistra verts.<\/p>\n<p><span style=\"text-decoration: underline;\">Hauteur adulte<\/span>\u00a0: 80\/100. <span style=\"text-decoration: underline;\">Origine g\u00e9ographique<\/span>\u00a0: Origine horticole. <span style=\"text-decoration: underline;\">Persistance hiver<\/span>\u00a0: Persistant. <span style=\"text-decoration: underline;\">Rusticit\u00e9 USDA<\/span>\u00a0: Zone 7.<\/p>","protected":false},"featured_media":31083,"template":"","meta":{"site-sidebar-layout":"default","site-content-layout":"default","ast-global-header-display":"","ast-main-header-display":"","ast-hfb-above-header-display":"","ast-hfb-below-header-display":"","ast-hfb-mobile-header-display":"","site-post-title":"","ast-breadcrumbs-content":"","ast-featured-img":"","footer-sml-layout":"","theme-transparent-header-meta":"","adv-header-id-meta":"","stick-header-meta":"","header-above-stick-meta":"","header-main-stick-meta":"","header-below-stick-meta":""},"product_cat":[537,551,552,553],"product_tag":[525,529,556,558,559,534],"class_list":["post-31050","product","type-product","status-publish","has-post-thumbnail","hentry","product_cat-autres-plantes","product_cat-autres-plantes-d-interieur","product_cat-autres-plantes-pour-climat-doux","product_cat-autres-plantes-pour-climat-frais","product_tag-plantes-a-feuillage-coriace","product_tag-plantes-origine-asiatique","product_tag-plantes-pour-interieur","product_tag-plantes-pour-climats-doux","product_tag-plantes-pour-climats-frais","product_tag-plantes-pour-ombre-seche","pa_taille-du-pot-pot-12-14-cm-diametre","desktop-align-center","tablet-align-center","mobile-align-center","ast-product-gallery-layout-horizontal","ast-product-gallery-with-no-image","ast-product-single-variable","ast-product-tabs-layout-horizontal","ast-qv-on-image"],"_links":{"self":[{"href":"https:\/\/staging.pepiniereezavin.com\/en\/wp-json\/wp\/v2\/product\/31050","targetHints":{"allow":["GET"]}}],"collection":[{"href":"https:\/\/staging.pepiniereezavin.com\/en\/wp-json\/wp\/v2\/product"}],"about":[{"href":"https:\/\/staging.pepiniereezavin.com\/en\/wp-json\/wp\/v2\/types\/product"}],"wp:featuredmedia":[{"embeddable":true,"href":"https:\/\/staging.pepiniereezavin.com\/en\/wp-json\/wp\/v2\/media\/31083"}],"wp:attachment":[{"href":"https:\/\/staging.pepiniereezavin.com\/en\/wp-json\/wp\/v2\/media?parent=31050"}],"wp:term":[{"taxonomy":"product_cat","embeddable":true,"href":"https:\/\/staging.pepiniereezavin.com\/en\/wp-json\/wp\/v2\/product_cat?post=31050"},{"taxonomy":"product_tag","embeddable":true,"href":"https:\/\/staging.pepiniereezavin.com\/en\/wp-json\/wp\/v2\/product_tag?post=31050"}],"curies":[{"name":"wp","href":"https:\/\/api.w.org\/{rel}","templated":true}]}}