{"id":31063,"date":"2021-12-09T23:09:53","date_gmt":"2021-12-09T22:09:53","guid":{"rendered":"https:\/\/pepiniereezavin.fr\/?post_type=product&#038;p=31063"},"modified":"2022-11-26T11:13:48","modified_gmt":"2022-11-26T10:13:48","slug":"aspidistra-zongbayi-uan-fat-lady","status":"publish","type":"product","link":"https:\/\/staging.pepiniereezavin.com\/en\/product\/aspidistra-zongbayi-uan-fat-lady\/","title":{"rendered":"Aspidistra zongbayi &lsquo;Uan Fat Lady&rsquo;"},"content":{"rendered":"<p>Cet Aspidistra se diff\u00e9rencie des autres par sa <strong>taille r\u00e9duite<\/strong> et ses<strong> feuilles larges<\/strong>, <strong>vein\u00e9es de vert plus clair\u00a0<\/strong>au centre, et marqu\u00e9es (pas toujours) de points vert clair . Croissance aussi lente que les autres esp\u00e8ces, mais tout aussi facile. Le port recourb\u00e9 des feuilles en fait une plante tr\u00e8s \u00ab\u00a0design\u00a0\u00bb pour un endroit visible du <strong>sous-bois.\u00a0<\/strong>Peut aussi facilement \u00eatre cultiv\u00e9 en <strong>int\u00e9rieur<\/strong> ou sur un <strong>mur v\u00e9g\u00e9tal.<\/strong> Rustique en r\u00e9gion parisienne, en sous-bois.<\/p>\n<p><span style=\"text-decoration: underline;\">Hauteur adulte<\/span>\u00a0: 20\/40 cm.\u00a0<span style=\"text-decoration: underline;\">Origine g\u00e9ographique<\/span>\u00a0: Chine (Yunnan).\u00a0<span style=\"text-decoration: underline;\">Persistance hiver<\/span>\u00a0: Semi-persistant.\u00a0<span style=\"text-decoration: underline;\">Rusticit\u00e9 USDA<\/span>\u00a0: Zone 7\/8.<\/p>","protected":false},"excerpt":{"rendered":"<p>Cet Aspidistra se diff\u00e9rencie des autres par sa <strong>taille r\u00e9duite<\/strong> et ses<strong> feuilles larges<\/strong>, <strong>vein\u00e9es de vert plus clair\u00a0<\/strong>au centre, et marqu\u00e9es (pas toujours) de points vert clair . Croissance aussi lente que les autres esp\u00e8ces, mais tout aussi facile. Le port recourb\u00e9 des feuilles en fait une plante tr\u00e8s \u00ab\u00a0design\u00a0\u00bb pour un endroit visible du <strong>sous-bois.\u00a0<\/strong>Peut aussi facilement \u00eatre cultiv\u00e9 en <strong>int\u00e9rieur<\/strong> ou sur un <strong>mur v\u00e9g\u00e9tal.<\/strong> Rustique en r\u00e9gion parisienne, en sous-bois.<\/p>\n<p><span style=\"text-decoration: underline;\">Hauteur adulte<\/span>\u00a0: 20\/40 cm.\u00a0<span style=\"text-decoration: underline;\">Origine g\u00e9ographique<\/span>\u00a0: Chine (Yunnan).\u00a0<span style=\"text-decoration: underline;\">Persistance hiver<\/span>\u00a0: Semi-persistant.\u00a0<span style=\"text-decoration: underline;\">Rusticit\u00e9 USDA<\/span>\u00a0: Zone 7\/8.<\/p>","protected":false},"featured_media":31088,"template":"","meta":{"site-sidebar-layout":"default","site-content-layout":"default","ast-global-header-display":"","ast-main-header-display":"","ast-hfb-above-header-display":"","ast-hfb-below-header-display":"","ast-hfb-mobile-header-display":"","site-post-title":"","ast-breadcrumbs-content":"","ast-featured-img":"","footer-sml-layout":"","theme-transparent-header-meta":"default","adv-header-id-meta":"","stick-header-meta":"default","header-above-stick-meta":"","header-main-stick-meta":"","header-below-stick-meta":""},"product_cat":[537,551,552,553],"product_tag":[525,529,556,558,559,534],"class_list":["post-31063","product","type-product","status-publish","has-post-thumbnail","hentry","product_cat-autres-plantes","product_cat-autres-plantes-d-interieur","product_cat-autres-plantes-pour-climat-doux","product_cat-autres-plantes-pour-climat-frais","product_tag-plantes-a-feuillage-coriace","product_tag-plantes-origine-asiatique","product_tag-plantes-pour-interieur","product_tag-plantes-pour-climats-doux","product_tag-plantes-pour-climats-frais","product_tag-plantes-pour-ombre-seche","pa_taille-du-pot-pot-12-14-cm-diametre","desktop-align-center","tablet-align-center","mobile-align-center","ast-product-gallery-layout-horizontal","ast-product-gallery-with-no-image","ast-product-single-variable","ast-product-tabs-layout-horizontal","ast-qv-on-image"],"_links":{"self":[{"href":"https:\/\/staging.pepiniereezavin.com\/en\/wp-json\/wp\/v2\/product\/31063","targetHints":{"allow":["GET"]}}],"collection":[{"href":"https:\/\/staging.pepiniereezavin.com\/en\/wp-json\/wp\/v2\/product"}],"about":[{"href":"https:\/\/staging.pepiniereezavin.com\/en\/wp-json\/wp\/v2\/types\/product"}],"wp:featuredmedia":[{"embeddable":true,"href":"https:\/\/staging.pepiniereezavin.com\/en\/wp-json\/wp\/v2\/media\/31088"}],"wp:attachment":[{"href":"https:\/\/staging.pepiniereezavin.com\/en\/wp-json\/wp\/v2\/media?parent=31063"}],"wp:term":[{"taxonomy":"product_cat","embeddable":true,"href":"https:\/\/staging.pepiniereezavin.com\/en\/wp-json\/wp\/v2\/product_cat?post=31063"},{"taxonomy":"product_tag","embeddable":true,"href":"https:\/\/staging.pepiniereezavin.com\/en\/wp-json\/wp\/v2\/product_tag?post=31063"}],"curies":[{"name":"wp","href":"https:\/\/api.w.org\/{rel}","templated":true}]}}