{"id":31093,"date":"2021-12-09T23:10:12","date_gmt":"2021-12-09T22:10:12","guid":{"rendered":"https:\/\/pepiniereezavin.fr\/?post_type=product&#038;p=31093"},"modified":"2022-08-10T20:21:33","modified_gmt":"2022-08-10T18:21:33","slug":"hypolepis-glandulifera","status":"publish","type":"product","link":"https:\/\/staging.pepiniereezavin.com\/en\/product\/hypolepis-glandulifera\/","title":{"rendered":"Hypolepis glandulifera"},"content":{"rendered":"<p>De la m\u00eame famille que la foug\u00e8re aigle, cette foug\u00e8re a des<strong>\u00a0frondes effil\u00e9es<\/strong>\u00a0aux extr\u00e9mit\u00e9s des pinnules, avec une forme globale triangulaire. Le feuillage est couvert de\u00a0<strong>glandes<\/strong>\u00a0qui donnent un toucher r\u00eache \u00e0 la plante. Culture en sol humif\u00e8re restant humide.<\/p>\n<p>Supporte des gels brefs (avec d\u00e9gel quotidien) en zone littorale. Tr\u00e8s\u00a0gracieux\u00a0en\u00a0<strong>v\u00e9randa<\/strong>\u00a0ou en\u00a0<strong>int\u00e9rieur<\/strong>, o\u00f9 les rhizomes poilus vert clair sont du plus bel effet. C&rsquo;est une\u00a0<strong>plante imposante<\/strong>\u00a0par les dimensions de ses frondes, jusqu&rsquo;\u00e0 2 m de haut, mais la finesse du d\u00e9coupage donne une grande \u00e9l\u00e9gance \u00e0 son port dress\u00e9.<\/p>\n<p><span style=\"text-decoration: underline;\">Hauteur adulte :<\/span>\u00a0150\/200.\u00a0<span style=\"text-decoration: underline;\">Origine g\u00e9ographique :<\/span>\u00a0de l&rsquo;Inde \u00e0 la Nouvelle-Cal\u00e9donie, en passant par l&rsquo;Australie.\u00a0<span style=\"text-decoration: underline;\">Persistance hiver :<\/span>\u00a0Persistant si hors gel.\u00a0<span style=\"text-decoration: underline;\">Rusticit\u00e9 USDA :<\/span>\u00a0Zone 9 (-6.7\u00b0C\/-1.1\u00b0C).<\/p>","protected":false},"excerpt":{"rendered":"<p>De la m\u00eame famille que la foug\u00e8re aigle, cette foug\u00e8re a des<strong>\u00a0frondes effil\u00e9es<\/strong>\u00a0aux extr\u00e9mit\u00e9s des pinnules, avec une forme globale triangulaire. Le feuillage est couvert de\u00a0<strong>glandes<\/strong>\u00a0qui donnent un toucher r\u00eache \u00e0 la plante. Culture en sol humif\u00e8re restant humide.<\/p>\n<p>Supporte des gels brefs (avec d\u00e9gel quotidien) en zone littorale. Tr\u00e8s\u00a0gracieux\u00a0en\u00a0<strong>v\u00e9randa<\/strong>\u00a0ou en\u00a0<strong>int\u00e9rieur<\/strong>, o\u00f9 les rhizomes poilus vert clair sont du plus bel effet. C&rsquo;est une\u00a0<strong>plante imposante<\/strong>\u00a0par les dimensions de ses frondes, jusqu&rsquo;\u00e0 2 m de haut, mais la finesse du d\u00e9coupage donne une grande \u00e9l\u00e9gance \u00e0 son port dress\u00e9.<\/p>\n<p><span style=\"text-decoration: underline;\">Hauteur adulte :<\/span>\u00a0150\/200.\u00a0<span style=\"text-decoration: underline;\">Origine g\u00e9ographique :<\/span>\u00a0de l&rsquo;Inde \u00e0 la Nouvelle-Cal\u00e9donie, en passant par l&rsquo;Australie.\u00a0<span style=\"text-decoration: underline;\">Persistance hiver :<\/span>\u00a0Persistant si hors gel.\u00a0<span style=\"text-decoration: underline;\">Rusticit\u00e9 USDA :<\/span>\u00a0Zone 9 (-6.7\u00b0C\/-1.1\u00b0C).<\/p>","protected":false},"featured_media":31123,"template":"","meta":{"site-sidebar-layout":"default","site-content-layout":"default","ast-global-header-display":"","ast-main-header-display":"","ast-hfb-above-header-display":"","ast-hfb-below-header-display":"","ast-hfb-mobile-header-display":"","site-post-title":"","ast-breadcrumbs-content":"","ast-featured-img":"","footer-sml-layout":"","theme-transparent-header-meta":"default","adv-header-id-meta":"","stick-header-meta":"default","header-above-stick-meta":"","header-main-stick-meta":"","header-below-stick-meta":""},"product_cat":[535,543,545],"product_tag":[526,529,556,558],"class_list":["post-31093","product","type-product","status-publish","has-post-thumbnail","hentry","product_cat-fougeres","product_cat-fougeres-interieur","product_cat-fougeres-climat-doux","product_tag-plantes-couvre-sol","product_tag-plantes-origine-asiatique","product_tag-plantes-pour-interieur","product_tag-plantes-pour-climats-doux","pa_taille-du-pot-pot-12-14-cm-diametre","desktop-align-center","tablet-align-center","mobile-align-center","ast-product-gallery-layout-horizontal","ast-product-gallery-with-no-image","ast-product-single-variable","ast-product-tabs-layout-horizontal","ast-qv-on-image"],"_links":{"self":[{"href":"https:\/\/staging.pepiniereezavin.com\/en\/wp-json\/wp\/v2\/product\/31093","targetHints":{"allow":["GET"]}}],"collection":[{"href":"https:\/\/staging.pepiniereezavin.com\/en\/wp-json\/wp\/v2\/product"}],"about":[{"href":"https:\/\/staging.pepiniereezavin.com\/en\/wp-json\/wp\/v2\/types\/product"}],"wp:featuredmedia":[{"embeddable":true,"href":"https:\/\/staging.pepiniereezavin.com\/en\/wp-json\/wp\/v2\/media\/31123"}],"wp:attachment":[{"href":"https:\/\/staging.pepiniereezavin.com\/en\/wp-json\/wp\/v2\/media?parent=31093"}],"wp:term":[{"taxonomy":"product_cat","embeddable":true,"href":"https:\/\/staging.pepiniereezavin.com\/en\/wp-json\/wp\/v2\/product_cat?post=31093"},{"taxonomy":"product_tag","embeddable":true,"href":"https:\/\/staging.pepiniereezavin.com\/en\/wp-json\/wp\/v2\/product_tag?post=31093"}],"curies":[{"name":"wp","href":"https:\/\/api.w.org\/{rel}","templated":true}]}}