{"id":31096,"date":"2021-12-09T23:10:12","date_gmt":"2021-12-09T22:10:12","guid":{"rendered":"https:\/\/pepiniereezavin.fr\/?post_type=product&#038;p=31096"},"modified":"2022-12-07T19:11:13","modified_gmt":"2022-12-07T18:11:13","slug":"begonia-maculata-wightii","status":"publish","type":"product","link":"https:\/\/staging.pepiniereezavin.com\/en\/product\/begonia-maculata-wightii\/","title":{"rendered":"Begonia maculata &lsquo;Wightii&rsquo;"},"content":{"rendered":"<p>Ce <em>Begonia maculata<\/em> est caract\u00e9ris\u00e9 par ses <strong>feuilles tr\u00e8s \u00e9troites et longues,<\/strong>\u00a0\u00e0 marges ondul\u00e9es, et par les <strong>taches blanches sur les limbes,<\/strong> bien circulaires, et beaucoup plus grosses que chez les autres vari\u00e9t\u00e9s de <em>Begonia<\/em> bambusiformes. Le revers des feuilles est rouge sombre lie de vin. Le port de la plante est reconnaissable, avec ses feuilles souvent pendantes.<\/p>\n<p>C&rsquo;est<strong>\u00a0<\/strong>une belle plante (qui se pr\u00eate bien, par le fait, \u00e0 la culture en int\u00e9rieur avec lumi\u00e8re lat\u00e9rale, gr\u00e2ce \u00e0 ses feuilles naturellement verticales). Floraison estivale en grappes blanches aux aisselles des feuilles du haut de la tige. Atteint 1m50 de haut. Je les garde \u00e0 +15\u00b0minimum en hiver, et dehors \u00e0 l&rsquo;ombre en \u00e9t\u00e9. Croissance lente.<\/p>\n<p><span style=\"text-decoration: underline;\">Hauteur adulte<\/span>\u00a0: 80\/100 (150). <span style=\"text-decoration: underline;\">Origine g\u00e9ographique<\/span>\u00a0:\u00a0origine horticole?\u00a0<span style=\"text-decoration: underline;\">Persistance hiver<\/span>\u00a0: Persistant.\u00a0<span style=\"text-decoration: underline;\">Rusticit\u00e9 USDA<\/span>\u00a0: Zone 9\/10.<\/p>","protected":false},"excerpt":{"rendered":"<p>Ce <em>Begonia maculata<\/em> est caract\u00e9ris\u00e9 par ses <strong>feuilles tr\u00e8s \u00e9troites et longues,<\/strong>\u00a0\u00e0 marges ondul\u00e9es, et par les <strong>taches blanches sur les limbes,<\/strong> bien circulaires, et beaucoup plus grosses que chez les autres vari\u00e9t\u00e9s de <em>Begonia<\/em> bambusiformes. Le revers des feuilles est rouge sombre lie de vin. Le port de la plante est reconnaissable, avec ses feuilles souvent pendantes.<\/p>\n<p>C&rsquo;est<strong>\u00a0<\/strong>une belle plante (qui se pr\u00eate bien, par le fait, \u00e0 la culture en int\u00e9rieur avec lumi\u00e8re lat\u00e9rale, gr\u00e2ce \u00e0 ses feuilles naturellement verticales). Floraison estivale en grappes blanches aux aisselles des feuilles du haut de la tige. Atteint 1m50 de haut. Je les garde \u00e0 +15\u00b0minimum en hiver, et dehors \u00e0 l&rsquo;ombre en \u00e9t\u00e9. Croissance lente.<\/p>\n<p><span style=\"text-decoration: underline;\">Hauteur adulte<\/span>\u00a0: 80\/100 (150). <span style=\"text-decoration: underline;\">Origine g\u00e9ographique<\/span>\u00a0:\u00a0origine horticole?\u00a0<span style=\"text-decoration: underline;\">Persistance hiver<\/span>\u00a0: Persistant.\u00a0<span style=\"text-decoration: underline;\">Rusticit\u00e9 USDA<\/span>\u00a0: Zone 9\/10.<\/p>","protected":false},"featured_media":31124,"template":"","meta":{"site-sidebar-layout":"default","site-content-layout":"default","ast-global-header-display":"","ast-main-header-display":"","ast-hfb-above-header-display":"","ast-hfb-below-header-display":"","ast-hfb-mobile-header-display":"","site-post-title":"","ast-breadcrumbs-content":"","ast-featured-img":"","footer-sml-layout":"","theme-transparent-header-meta":"default","adv-header-id-meta":"","stick-header-meta":"default","header-above-stick-meta":"","header-main-stick-meta":"","header-below-stick-meta":""},"product_cat":[536,547],"product_tag":[520,528,556],"class_list":["post-31096","product","type-product","status-publish","has-post-thumbnail","hentry","product_cat-begonias","product_cat-begonias-interieur","product_tag-begonias-botaniques","product_tag-plantes-origine-americaine","product_tag-plantes-pour-interieur","pa_taille-du-pot-pot-12-14-cm-diametre","desktop-align-center","tablet-align-center","mobile-align-center","ast-product-gallery-layout-horizontal","ast-product-single-variable","ast-product-tabs-layout-horizontal","ast-qv-on-image"],"_links":{"self":[{"href":"https:\/\/staging.pepiniereezavin.com\/en\/wp-json\/wp\/v2\/product\/31096","targetHints":{"allow":["GET"]}}],"collection":[{"href":"https:\/\/staging.pepiniereezavin.com\/en\/wp-json\/wp\/v2\/product"}],"about":[{"href":"https:\/\/staging.pepiniereezavin.com\/en\/wp-json\/wp\/v2\/types\/product"}],"wp:featuredmedia":[{"embeddable":true,"href":"https:\/\/staging.pepiniereezavin.com\/en\/wp-json\/wp\/v2\/media\/31124"}],"wp:attachment":[{"href":"https:\/\/staging.pepiniereezavin.com\/en\/wp-json\/wp\/v2\/media?parent=31096"}],"wp:term":[{"taxonomy":"product_cat","embeddable":true,"href":"https:\/\/staging.pepiniereezavin.com\/en\/wp-json\/wp\/v2\/product_cat?post=31096"},{"taxonomy":"product_tag","embeddable":true,"href":"https:\/\/staging.pepiniereezavin.com\/en\/wp-json\/wp\/v2\/product_tag?post=31096"}],"curies":[{"name":"wp","href":"https:\/\/api.w.org\/{rel}","templated":true}]}}