{"id":31102,"date":"2021-12-09T23:10:13","date_gmt":"2021-12-09T22:10:13","guid":{"rendered":"https:\/\/pepiniereezavin.fr\/?post_type=product&#038;p=31102"},"modified":"2022-10-14T11:03:41","modified_gmt":"2022-10-14T09:03:41","slug":"begonia-erythrophylla-bunchii","status":"publish","type":"product","link":"https:\/\/staging.pepiniereezavin.com\/en\/product\/begonia-erythrophylla-bunchii\/","title":{"rendered":"Begonia &lsquo;Erythrophylla Bunchii&rsquo;"},"content":{"rendered":"<p><em>Begonia<\/em> &lsquo;Erythrophylla Bunchii&rsquo; est tr\u00e8s rep\u00e9rable par ses feuilles dens\u00e9ment ondul\u00e9es, et seulement sur les marges. Tellement ondul\u00e9es que \u00e7a forme un feston dense autour des feuilles. Le limbe est vert clair, un peu nacr\u00e9, alors que les marges sont poilues et rouge&#8230; Ce Begonia est une variation du c\u00e9l\u00e8bre <a href=\"https:\/\/staging.pepiniereezavin.com\/en\/product\/begonia-erythrophylla\/\" target=\"_blank\" rel=\"noopener\">Begonia &lsquo;Erythrophylla&rsquo;<\/a> et il a la m\u00eame vigueur que celui-ci. Ne pas trop arroser, laisser s\u00e9cher entre les arrosages (de m\u00eame que pour l&rsquo;autre cultivar \u00e0 marges fris\u00e9es que nous proposons : <a href=\"https:\/\/staging.pepiniereezavin.com\/en\/product\/begonia-munchkin\/\" target=\"_blank\" rel=\"noopener\">Begonia &lsquo;Munchkin&rsquo;<\/a>). Floraison rose en fin d&rsquo;hiver.<\/p>\n<p><span style=\"text-decoration: underline;\">Hauteur adulte<\/span>\u00a0: 40\/60.\u00a0<span style=\"text-decoration: underline;\">Origine g\u00e9ographique<\/span>\u00a0: Origine horticole. Obtenu en 1914 aux Etats-Unis.\u00a0<span style=\"text-decoration: underline;\">Persistance hiver<\/span>\u00a0: Persistant.\u00a0<span style=\"text-decoration: underline;\">Rusticit\u00e9 USDA<\/span>\u00a0: Zone 9\/10.<\/p>","protected":false},"excerpt":{"rendered":"<p><em>Begonia<\/em> &lsquo;Erythrophylla Bunchii&rsquo; est tr\u00e8s rep\u00e9rable par ses feuilles dens\u00e9ment ondul\u00e9es, et seulement sur les marges. Tellement ondul\u00e9es que \u00e7a forme un feston dense autour des feuilles. Le limbe est vert clair, un peu nacr\u00e9, alors que les marges sont poilues et rouge&#8230; Ce Begonia est une variation du c\u00e9l\u00e8bre <a href=\"https:\/\/staging.pepiniereezavin.com\/en\/product\/begonia-erythrophylla\/\" target=\"_blank\" rel=\"noopener\">Begonia &lsquo;Erythrophylla&rsquo;<\/a> et il a la m\u00eame vigueur que celui-ci. Ne pas trop arroser, laisser s\u00e9cher entre les arrosages (de m\u00eame que pour l&rsquo;autre cultivar \u00e0 marges fris\u00e9es que nous proposons : <a href=\"https:\/\/staging.pepiniereezavin.com\/en\/product\/begonia-munchkin\/\" target=\"_blank\" rel=\"noopener\">Begonia &lsquo;Munchkin&rsquo;<\/a>). Floraison rose en fin d&rsquo;hiver.<\/p>\n<p><span style=\"text-decoration: underline;\">Hauteur adulte<\/span>\u00a0: 40\/60.\u00a0<span style=\"text-decoration: underline;\">Origine g\u00e9ographique<\/span>\u00a0: Origine horticole. Obtenu en 1914 aux Etats-Unis.\u00a0<span style=\"text-decoration: underline;\">Persistance hiver<\/span>\u00a0: Persistant.\u00a0<span style=\"text-decoration: underline;\">Rusticit\u00e9 USDA<\/span>\u00a0: Zone 9\/10.<\/p>","protected":false},"featured_media":31131,"template":"","meta":{"site-sidebar-layout":"default","site-content-layout":"default","ast-global-header-display":"","ast-main-header-display":"","ast-hfb-above-header-display":"","ast-hfb-below-header-display":"","ast-hfb-mobile-header-display":"","site-post-title":"","ast-breadcrumbs-content":"","ast-featured-img":"","footer-sml-layout":"","theme-transparent-header-meta":"default","adv-header-id-meta":"","stick-header-meta":"default","header-above-stick-meta":"","header-main-stick-meta":"","header-below-stick-meta":""},"product_cat":[536,547],"product_tag":[521,556],"class_list":["post-31102","product","type-product","status-publish","has-post-thumbnail","hentry","product_cat-begonias","product_cat-begonias-interieur","product_tag-begonias-hybrides-cultivars","product_tag-plantes-pour-interieur","pa_taille-du-pot-pot-12-14-cm-diametre","desktop-align-center","tablet-align-center","mobile-align-center","ast-product-gallery-layout-horizontal","ast-product-single-variable","ast-product-tabs-layout-horizontal","ast-qv-on-image"],"_links":{"self":[{"href":"https:\/\/staging.pepiniereezavin.com\/en\/wp-json\/wp\/v2\/product\/31102","targetHints":{"allow":["GET"]}}],"collection":[{"href":"https:\/\/staging.pepiniereezavin.com\/en\/wp-json\/wp\/v2\/product"}],"about":[{"href":"https:\/\/staging.pepiniereezavin.com\/en\/wp-json\/wp\/v2\/types\/product"}],"wp:featuredmedia":[{"embeddable":true,"href":"https:\/\/staging.pepiniereezavin.com\/en\/wp-json\/wp\/v2\/media\/31131"}],"wp:attachment":[{"href":"https:\/\/staging.pepiniereezavin.com\/en\/wp-json\/wp\/v2\/media?parent=31102"}],"wp:term":[{"taxonomy":"product_cat","embeddable":true,"href":"https:\/\/staging.pepiniereezavin.com\/en\/wp-json\/wp\/v2\/product_cat?post=31102"},{"taxonomy":"product_tag","embeddable":true,"href":"https:\/\/staging.pepiniereezavin.com\/en\/wp-json\/wp\/v2\/product_tag?post=31102"}],"curies":[{"name":"wp","href":"https:\/\/api.w.org\/{rel}","templated":true}]}}