{"id":31119,"date":"2021-12-09T23:10:14","date_gmt":"2021-12-09T22:10:14","guid":{"rendered":"https:\/\/pepiniereezavin.fr\/?post_type=product&#038;p=31119"},"modified":"2022-08-23T00:29:37","modified_gmt":"2022-08-22T22:29:37","slug":"cyclosorus-falcilobus","status":"publish","type":"product","link":"https:\/\/staging.pepiniereezavin.com\/en\/product\/cyclosorus-falcilobus\/","title":{"rendered":"Cyclosorus falcilobus"},"content":{"rendered":"<p>Cette<strong>\u00a0\u00e9l\u00e9gante foug\u00e8re<\/strong> est une herbac\u00e9e himalayenne. Son port souple lui donne une ampleur et une allure graphique incontestables. Les pennes de ses grandes frondes sont <strong>d\u00e9coup\u00e9es<\/strong> de mani\u00e8re graphique.<br \/>\nA cultiver \u00e0 l&rsquo;int\u00e9rieur, voire dehors en \u00e9t\u00e9 (\u00e0 l&rsquo;ombre). Garder en int\u00e9rieur l&rsquo;hiver, ou hors gel (r\u00e9duire les arrosages \u00e0 ce moment-l\u00e0). Sol frais, terreau riche. Croissance rapide.<\/p>\n<p><span style=\"text-decoration: underline;\">Hauteur adulte<\/span>\u00a0: 40\/60.\u00a0<span style=\"text-decoration: underline;\">Origine g\u00e9ographique<\/span>\u00a0: Inde, Birmanie, Vietnam, Chine.\u00a0<span style=\"text-decoration: underline;\">Persistance hiver<\/span>\u00a0: Persistant. \u00a0<span style=\"text-decoration: underline;\">Rusticit\u00e9 USDA<\/span>\u00a0: Zone 9\/10.<\/p>","protected":false},"excerpt":{"rendered":"<p>Cette<strong>\u00a0\u00e9l\u00e9gante foug\u00e8re<\/strong> est une herbac\u00e9e himalayenne. Son port souple lui donne une ampleur et une allure graphique incontestables. Les pennes de ses grandes frondes sont <strong>d\u00e9coup\u00e9es<\/strong> de mani\u00e8re graphique.<br \/>\nA cultiver \u00e0 l&rsquo;int\u00e9rieur, voire dehors en \u00e9t\u00e9 (\u00e0 l&rsquo;ombre). Garder en int\u00e9rieur l&rsquo;hiver, ou hors gel (r\u00e9duire les arrosages \u00e0 ce moment-l\u00e0). Sol frais, terreau riche. Croissance rapide.<\/p>\n<p><span style=\"text-decoration: underline;\">Hauteur adulte<\/span>\u00a0: 40\/60.\u00a0<span style=\"text-decoration: underline;\">Origine g\u00e9ographique<\/span>\u00a0: Inde, Birmanie, Vietnam, Chine.\u00a0<span style=\"text-decoration: underline;\">Persistance hiver<\/span>\u00a0: Persistant. \u00a0<span style=\"text-decoration: underline;\">Rusticit\u00e9 USDA<\/span>\u00a0: Zone 9\/10.<\/p>","protected":false},"featured_media":31147,"template":"","meta":{"site-sidebar-layout":"default","site-content-layout":"default","ast-global-header-display":"","ast-main-header-display":"","ast-hfb-above-header-display":"","ast-hfb-below-header-display":"","ast-hfb-mobile-header-display":"","site-post-title":"","ast-breadcrumbs-content":"","ast-featured-img":"","footer-sml-layout":"","theme-transparent-header-meta":"default","adv-header-id-meta":"","stick-header-meta":"default","header-above-stick-meta":"","header-main-stick-meta":"","header-below-stick-meta":""},"product_cat":[535,543,553],"product_tag":[529,556,557],"class_list":["post-31119","product","type-product","status-publish","has-post-thumbnail","hentry","product_cat-fougeres","product_cat-fougeres-interieur","product_cat-autres-plantes-pour-climat-frais","product_tag-plantes-origine-asiatique","product_tag-plantes-pour-interieur","product_tag-plantes-pour-terrarium","pa_taille-du-pot-pot-12-14-cm-diametre","desktop-align-center","tablet-align-center","mobile-align-center","ast-product-gallery-layout-horizontal","ast-product-single-variable","ast-product-tabs-layout-horizontal","ast-qv-on-image"],"_links":{"self":[{"href":"https:\/\/staging.pepiniereezavin.com\/en\/wp-json\/wp\/v2\/product\/31119","targetHints":{"allow":["GET"]}}],"collection":[{"href":"https:\/\/staging.pepiniereezavin.com\/en\/wp-json\/wp\/v2\/product"}],"about":[{"href":"https:\/\/staging.pepiniereezavin.com\/en\/wp-json\/wp\/v2\/types\/product"}],"wp:featuredmedia":[{"embeddable":true,"href":"https:\/\/staging.pepiniereezavin.com\/en\/wp-json\/wp\/v2\/media\/31147"}],"wp:attachment":[{"href":"https:\/\/staging.pepiniereezavin.com\/en\/wp-json\/wp\/v2\/media?parent=31119"}],"wp:term":[{"taxonomy":"product_cat","embeddable":true,"href":"https:\/\/staging.pepiniereezavin.com\/en\/wp-json\/wp\/v2\/product_cat?post=31119"},{"taxonomy":"product_tag","embeddable":true,"href":"https:\/\/staging.pepiniereezavin.com\/en\/wp-json\/wp\/v2\/product_tag?post=31119"}],"curies":[{"name":"wp","href":"https:\/\/api.w.org\/{rel}","templated":true}]}}