{"id":31151,"date":"2021-12-09T23:10:35","date_gmt":"2021-12-09T22:10:35","guid":{"rendered":"https:\/\/pepiniereezavin.fr\/?post_type=product&#038;p=31151"},"modified":"2023-01-02T18:40:43","modified_gmt":"2023-01-02T17:40:43","slug":"nephrolepis-exaltata-suzi-wong","status":"publish","type":"product","link":"https:\/\/staging.pepiniereezavin.com\/en\/product\/nephrolepis-exaltata-suzi-wong\/","title":{"rendered":"Nephrolepis exaltata &lsquo;Suzi Wong&rsquo;"},"content":{"rendered":"<p>Cette vari\u00e9t\u00e9 de <em>Nephrolepis<\/em> est<strong> la plus finement d\u00e9coup\u00e9e<\/strong> que nous cultivions. Ses frondes sont comme de la dentelle, enchev\u00eatr\u00e9es les unes dans les autres. Elle forme une boule dense de frondes fines, \u00e0 garder bien-s\u00fbr en int\u00e9rieur, et \u00e0 ne pas trop arroser : attendre que le substrat s\u00e8che un peu avant de r\u00e9-arroser. Bassiner seulement par temps chaud.<\/p>\n<p><!--more--><\/p>\n<p><span style=\"text-decoration: underline;\">Hauteur adulte<\/span>\u00a0: 20\/40 (60)\u00a0cm.\u00a0<span style=\"text-decoration: underline;\">Origine g\u00e9ographique<\/span>\u00a0: horticole.\u00a0<span style=\"text-decoration: underline;\">Persistance hiver<\/span>\u00a0: Persistant.\u00a0<span style=\"text-decoration: underline;\">Rusticit\u00e9 USDA<\/span>\u00a0: Zone 10\/11.<\/p>","protected":false},"excerpt":{"rendered":"<p>Cette vari\u00e9t\u00e9 de <em>Nephrolepis<\/em> est<strong> la plus finement d\u00e9coup\u00e9e<\/strong> que nous cultivions. Ses frondes sont comme de la dentelle, enchev\u00eatr\u00e9es les unes dans les autres. Elle forme une boule dense de frondes fines, \u00e0 garder bien-s\u00fbr en int\u00e9rieur, et \u00e0 ne pas trop arroser : attendre que le substrat s\u00e8che un peu avant de r\u00e9-arroser. Bassiner seulement par temps chaud.<\/p>\n<p><!--more--><\/p>\n<p><span style=\"text-decoration: underline;\">Hauteur adulte<\/span>\u00a0: 20\/40 (60)\u00a0cm.\u00a0<span style=\"text-decoration: underline;\">Origine g\u00e9ographique<\/span>\u00a0: horticole.\u00a0<span style=\"text-decoration: underline;\">Persistance hiver<\/span>\u00a0: Persistant.\u00a0<span style=\"text-decoration: underline;\">Rusticit\u00e9 USDA<\/span>\u00a0: Zone 10\/11.<\/p>","protected":false},"featured_media":31181,"template":"","meta":{"site-sidebar-layout":"default","site-content-layout":"default","ast-global-header-display":"","ast-main-header-display":"","ast-hfb-above-header-display":"","ast-hfb-below-header-display":"","ast-hfb-mobile-header-display":"","site-post-title":"","ast-breadcrumbs-content":"","ast-featured-img":"","footer-sml-layout":"","theme-transparent-header-meta":"default","adv-header-id-meta":"","stick-header-meta":"default","header-above-stick-meta":"","header-main-stick-meta":"","header-below-stick-meta":""},"product_cat":[535,543,544],"product_tag":[556],"class_list":["post-31151","product","type-product","status-publish","has-post-thumbnail","hentry","product_cat-fougeres","product_cat-fougeres-interieur","product_cat-fougeres-terrarium","product_tag-plantes-pour-interieur","pa_taille-du-pot-pot-12-14-cm-diametre","desktop-align-center","tablet-align-center","mobile-align-center","ast-product-gallery-layout-horizontal","ast-product-gallery-with-no-image","ast-product-single-variable","ast-product-tabs-layout-horizontal","ast-qv-on-image"],"_links":{"self":[{"href":"https:\/\/staging.pepiniereezavin.com\/en\/wp-json\/wp\/v2\/product\/31151","targetHints":{"allow":["GET"]}}],"collection":[{"href":"https:\/\/staging.pepiniereezavin.com\/en\/wp-json\/wp\/v2\/product"}],"about":[{"href":"https:\/\/staging.pepiniereezavin.com\/en\/wp-json\/wp\/v2\/types\/product"}],"wp:featuredmedia":[{"embeddable":true,"href":"https:\/\/staging.pepiniereezavin.com\/en\/wp-json\/wp\/v2\/media\/31181"}],"wp:attachment":[{"href":"https:\/\/staging.pepiniereezavin.com\/en\/wp-json\/wp\/v2\/media?parent=31151"}],"wp:term":[{"taxonomy":"product_cat","embeddable":true,"href":"https:\/\/staging.pepiniereezavin.com\/en\/wp-json\/wp\/v2\/product_cat?post=31151"},{"taxonomy":"product_tag","embeddable":true,"href":"https:\/\/staging.pepiniereezavin.com\/en\/wp-json\/wp\/v2\/product_tag?post=31151"}],"curies":[{"name":"wp","href":"https:\/\/api.w.org\/{rel}","templated":true}]}}