{"id":31153,"date":"2021-12-09T23:10:35","date_gmt":"2021-12-09T22:10:35","guid":{"rendered":"https:\/\/pepiniereezavin.fr\/?post_type=product&#038;p=31153"},"modified":"2022-12-27T14:29:53","modified_gmt":"2022-12-27T13:29:53","slug":"begonia-lospe-tu","status":"publish","type":"product","link":"https:\/\/staging.pepiniereezavin.com\/en\/product\/begonia-lospe-tu\/","title":{"rendered":"Begonia &lsquo;Lospe Tu&rsquo;"},"content":{"rendered":"<p>Ce cultivar a un port dense en touffe \u00e9rig\u00e9e. Les feuilles poilues, dont les marges sont <strong>enroul\u00e9es en spirale<\/strong> (escargot), portent des <strong>marques\u00a0noires<\/strong> \u00e0 la p\u00e9riph\u00e9rie. Fleurs blanches en \u00e9t\u00e9.<br \/>\nPlante d&rsquo;int\u00e9rieur dont la culture est assez facile. Croissance rapide. Eviter de mouiller le feuillage par temps frais.<\/p>\n<p><span style=\"text-decoration: underline;\">Hauteur adulte<\/span>\u00a0: 20\/30.\u00a0<span style=\"text-decoration: underline;\">Origine g\u00e9ographique<\/span>\u00a0: Origine horticole.\u00a0<span style=\"text-decoration: underline;\">Persistance hiver<\/span>\u00a0: Persistant.\u00a0<span style=\"text-decoration: underline;\">Rusticit\u00e9 USDA<\/span>\u00a0: Zone\u00a010.<\/p>\n<p>&nbsp;<\/p>","protected":false},"excerpt":{"rendered":"<p>Ce cultivar a un port dense en touffe \u00e9rig\u00e9e. Les feuilles poilues, dont les marges sont <strong>enroul\u00e9es en spirale<\/strong> (escargot), portent des <strong>marques\u00a0noires<\/strong> \u00e0 la p\u00e9riph\u00e9rie. Fleurs blanches en \u00e9t\u00e9.<br \/>\nPlante d&rsquo;int\u00e9rieur dont la culture est assez facile. Croissance rapide. Eviter de mouiller le feuillage par temps frais.<\/p>\n<p><span style=\"text-decoration: underline;\">Hauteur adulte<\/span>\u00a0: 20\/30.\u00a0<span style=\"text-decoration: underline;\">Origine g\u00e9ographique<\/span>\u00a0: Origine horticole.\u00a0<span style=\"text-decoration: underline;\">Persistance hiver<\/span>\u00a0: Persistant.\u00a0<span style=\"text-decoration: underline;\">Rusticit\u00e9 USDA<\/span>\u00a0: Zone\u00a010.<\/p>\n<p>&nbsp;<\/p>","protected":false},"featured_media":31182,"template":"","meta":{"site-sidebar-layout":"default","site-content-layout":"default","ast-global-header-display":"","ast-main-header-display":"","ast-hfb-above-header-display":"","ast-hfb-below-header-display":"","ast-hfb-mobile-header-display":"","site-post-title":"","ast-breadcrumbs-content":"","ast-featured-img":"","footer-sml-layout":"","theme-transparent-header-meta":"default","adv-header-id-meta":"","stick-header-meta":"default","header-above-stick-meta":"","header-main-stick-meta":"","header-below-stick-meta":""},"product_cat":[536,547],"product_tag":[521,556],"class_list":["post-31153","product","type-product","status-publish","has-post-thumbnail","hentry","product_cat-begonias","product_cat-begonias-interieur","product_tag-begonias-hybrides-cultivars","product_tag-plantes-pour-interieur","pa_taille-du-pot-pot-12-14-cm-diametre","desktop-align-center","tablet-align-center","mobile-align-center","ast-product-gallery-layout-horizontal","ast-product-single-variable","ast-product-tabs-layout-horizontal","ast-qv-on-image"],"_links":{"self":[{"href":"https:\/\/staging.pepiniereezavin.com\/en\/wp-json\/wp\/v2\/product\/31153","targetHints":{"allow":["GET"]}}],"collection":[{"href":"https:\/\/staging.pepiniereezavin.com\/en\/wp-json\/wp\/v2\/product"}],"about":[{"href":"https:\/\/staging.pepiniereezavin.com\/en\/wp-json\/wp\/v2\/types\/product"}],"wp:featuredmedia":[{"embeddable":true,"href":"https:\/\/staging.pepiniereezavin.com\/en\/wp-json\/wp\/v2\/media\/31182"}],"wp:attachment":[{"href":"https:\/\/staging.pepiniereezavin.com\/en\/wp-json\/wp\/v2\/media?parent=31153"}],"wp:term":[{"taxonomy":"product_cat","embeddable":true,"href":"https:\/\/staging.pepiniereezavin.com\/en\/wp-json\/wp\/v2\/product_cat?post=31153"},{"taxonomy":"product_tag","embeddable":true,"href":"https:\/\/staging.pepiniereezavin.com\/en\/wp-json\/wp\/v2\/product_tag?post=31153"}],"curies":[{"name":"wp","href":"https:\/\/api.w.org\/{rel}","templated":true}]}}