{"id":31157,"date":"2021-12-09T23:10:36","date_gmt":"2021-12-09T22:10:36","guid":{"rendered":"https:\/\/pepiniereezavin.fr\/?post_type=product&#038;p=31157"},"modified":"2022-10-03T15:04:49","modified_gmt":"2022-10-03T13:04:49","slug":"begonia-conchifolia","status":"publish","type":"product","link":"https:\/\/staging.pepiniereezavin.com\/en\/product\/begonia-conchifolia\/","title":{"rendered":"Begonia conchifolia"},"content":{"rendered":"<p>Ce Begonia a une <strong>tige dress\u00e9e<\/strong> \u00e9paisse et des feuilles ovales, avec quelques pointes \u00e0 l&rsquo;extr\u00e9mit\u00e9 de lobes peu marqu\u00e9s. Le limbe est lisse et brillant, et marqu\u00e9 par une <strong>tache rouge centrale<\/strong>, qui irradie sur les nervures rayonnantes. L&rsquo;effet est tr\u00e8s graphique.<br \/>\nCette plante tropicale adore les endroits chaud humides en \u00e9t\u00e9. R\u00e9duire les arrosages si les T\u00b0 descendent sous 15\u00b0C. Garder \u00e0 l&rsquo;int\u00e9rieur. Soins similaires \u00e0 ceux pour B. &lsquo;Erythrophylla&rsquo;.<\/p>\n<p><span style=\"text-decoration: underline;\">Hauteur adulte<\/span>\u00a0: 20\/30.\u00a0<span style=\"text-decoration: underline;\">Origine g\u00e9ographique<\/span>\u00a0: Am\u00e9rique centrale.\u00a0<span style=\"text-decoration: underline;\">Persistance hiver<\/span>\u00a0: Persistant.\u00a0<span style=\"text-decoration: underline;\">Rusticit\u00e9 USDA<\/span>\u00a0: Zone 10.<\/p>\n<p>&nbsp;<\/p>","protected":false},"excerpt":{"rendered":"<p>Ce Begonia a une\u00a0<strong>tige dress\u00e9e<\/strong>\u00a0\u00e9paisse et des feuilles ovales, avec quelques pointes \u00e0 l&rsquo;extr\u00e9mit\u00e9 de lobes peu marqu\u00e9s. Le limbe est lisse et brillant, et marqu\u00e9 par une\u00a0<strong>tache rouge centrale<\/strong>, qui irradie sur les nervures rayonnantes. L&rsquo;effet est tr\u00e8s graphique.<br \/>\nCette plante tropicale adore les endroits chaud humides en \u00e9t\u00e9. R\u00e9duire les arrosages si les T\u00b0 descendent sous 15\u00b0C. Garder \u00e0 l&rsquo;int\u00e9rieur. Soins similaires \u00e0 ceux pour B. &lsquo;Erythrophylla&rsquo;.<\/p>\n<p><span style=\"text-decoration: underline;\">Hauteur adulte<\/span>\u00a0: 20\/30.\u00a0<span style=\"text-decoration: underline;\">Origine g\u00e9ographique<\/span>\u00a0: Am\u00e9rique centrale.\u00a0<span style=\"text-decoration: underline;\">Persistance hiver<\/span>\u00a0: Persistant.\u00a0<span style=\"text-decoration: underline;\">Rusticit\u00e9 USDA<\/span>\u00a0: Zone 10.<\/p>\n<p>&nbsp;<\/p>","protected":false},"featured_media":31186,"template":"","meta":{"site-sidebar-layout":"default","site-content-layout":"default","ast-global-header-display":"","ast-main-header-display":"","ast-hfb-above-header-display":"","ast-hfb-below-header-display":"","ast-hfb-mobile-header-display":"","site-post-title":"","ast-breadcrumbs-content":"","ast-featured-img":"","footer-sml-layout":"","theme-transparent-header-meta":"default","adv-header-id-meta":"","stick-header-meta":"default","header-above-stick-meta":"","header-main-stick-meta":"","header-below-stick-meta":""},"product_cat":[536,547],"product_tag":[520,528,556],"class_list":["post-31157","product","type-product","status-publish","has-post-thumbnail","hentry","product_cat-begonias","product_cat-begonias-interieur","product_tag-begonias-botaniques","product_tag-plantes-origine-americaine","product_tag-plantes-pour-interieur","pa_taille-du-pot-pot-12-14-cm-diametre","desktop-align-center","tablet-align-center","mobile-align-center","ast-product-gallery-layout-horizontal","ast-product-single-variable","ast-product-tabs-layout-horizontal","ast-qv-on-image"],"_links":{"self":[{"href":"https:\/\/staging.pepiniereezavin.com\/en\/wp-json\/wp\/v2\/product\/31157","targetHints":{"allow":["GET"]}}],"collection":[{"href":"https:\/\/staging.pepiniereezavin.com\/en\/wp-json\/wp\/v2\/product"}],"about":[{"href":"https:\/\/staging.pepiniereezavin.com\/en\/wp-json\/wp\/v2\/types\/product"}],"wp:featuredmedia":[{"embeddable":true,"href":"https:\/\/staging.pepiniereezavin.com\/en\/wp-json\/wp\/v2\/media\/31186"}],"wp:attachment":[{"href":"https:\/\/staging.pepiniereezavin.com\/en\/wp-json\/wp\/v2\/media?parent=31157"}],"wp:term":[{"taxonomy":"product_cat","embeddable":true,"href":"https:\/\/staging.pepiniereezavin.com\/en\/wp-json\/wp\/v2\/product_cat?post=31157"},{"taxonomy":"product_tag","embeddable":true,"href":"https:\/\/staging.pepiniereezavin.com\/en\/wp-json\/wp\/v2\/product_tag?post=31157"}],"curies":[{"name":"wp","href":"https:\/\/api.w.org\/{rel}","templated":true}]}}