{"id":31163,"date":"2021-12-09T23:10:36","date_gmt":"2021-12-09T22:10:36","guid":{"rendered":"https:\/\/pepiniereezavin.fr\/?post_type=product&#038;p=31163"},"modified":"2022-10-24T15:41:09","modified_gmt":"2022-10-24T13:41:09","slug":"begonia-sea-urchin","status":"publish","type":"product","link":"https:\/\/staging.pepiniereezavin.com\/en\/product\/begonia-sea-urchin\/","title":{"rendered":"Begonia &lsquo;Sea Urchin&rsquo;"},"content":{"rendered":"<p>Curieux cultivar \u00e0 feuilles palm\u00e9es, dont les<strong> marges des lobes sont roul\u00e9es sur elles-m\u00eames<\/strong>, donnant un aspect de pointe \u00e0 chaque lobe&#8230;\u00a0La plante enti\u00e8re, \u00e0 port compact,\u00a0ressemblerait \u00e0 un oursin! Sp\u00e9cial, mais tr\u00e8s graphique!<\/p>\n<p>Culture facile, en int\u00e9rieur.<\/p>\n<p><span style=\"text-decoration: underline;\">Hauteur adulte<\/span>\u00a0: 20\/40 cm.\u00a0<span style=\"text-decoration: underline;\">Origine g\u00e9ographique<\/span>\u00a0: horticole.\u00a0<span style=\"text-decoration: underline;\">Persistance hiver<\/span>\u00a0:\u00a0Persistant.\u00a0<span style=\"text-decoration: underline;\">Rusticit\u00e9 USDA<\/span>\u00a0: Zone 10\/11.<\/p>","protected":false},"excerpt":{"rendered":"<p>Curieux cultivar \u00e0 feuilles palm\u00e9es, dont les<strong> marges des lobes sont roul\u00e9es sur elles-m\u00eames<\/strong>, donnant un aspect de pointe \u00e0 chaque lobe&#8230;\u00a0La plante enti\u00e8re, \u00e0 port compact,\u00a0ressemblerait \u00e0 un oursin! Sp\u00e9cial, mais tr\u00e8s graphique!<\/p>\n<p>Culture facile, en int\u00e9rieur.<\/p>\n<p><span style=\"text-decoration: underline;\">Hauteur adulte<\/span>\u00a0: 20\/40 cm.\u00a0<span style=\"text-decoration: underline;\">Origine g\u00e9ographique<\/span>\u00a0: horticole.\u00a0<span style=\"text-decoration: underline;\">Persistance hiver<\/span>\u00a0:\u00a0Persistant.\u00a0<span style=\"text-decoration: underline;\">Rusticit\u00e9 USDA<\/span>\u00a0: Zone 10\/11.<\/p>","protected":false},"featured_media":31191,"template":"","meta":{"site-sidebar-layout":"default","site-content-layout":"default","ast-global-header-display":"","ast-main-header-display":"","ast-hfb-above-header-display":"","ast-hfb-below-header-display":"","ast-hfb-mobile-header-display":"","site-post-title":"","ast-breadcrumbs-content":"","ast-featured-img":"","footer-sml-layout":"","theme-transparent-header-meta":"default","adv-header-id-meta":"","stick-header-meta":"default","header-above-stick-meta":"","header-main-stick-meta":"","header-below-stick-meta":""},"product_cat":[536,547],"product_tag":[521,556],"class_list":["post-31163","product","type-product","status-publish","has-post-thumbnail","hentry","product_cat-begonias","product_cat-begonias-interieur","product_tag-begonias-hybrides-cultivars","product_tag-plantes-pour-interieur","pa_taille-du-pot-pot-12-14-cm-diametre","desktop-align-center","tablet-align-center","mobile-align-center","ast-product-gallery-layout-horizontal","ast-product-gallery-with-no-image","ast-product-single-variable","ast-product-tabs-layout-horizontal","ast-qv-on-image"],"_links":{"self":[{"href":"https:\/\/staging.pepiniereezavin.com\/en\/wp-json\/wp\/v2\/product\/31163","targetHints":{"allow":["GET"]}}],"collection":[{"href":"https:\/\/staging.pepiniereezavin.com\/en\/wp-json\/wp\/v2\/product"}],"about":[{"href":"https:\/\/staging.pepiniereezavin.com\/en\/wp-json\/wp\/v2\/types\/product"}],"wp:featuredmedia":[{"embeddable":true,"href":"https:\/\/staging.pepiniereezavin.com\/en\/wp-json\/wp\/v2\/media\/31191"}],"wp:attachment":[{"href":"https:\/\/staging.pepiniereezavin.com\/en\/wp-json\/wp\/v2\/media?parent=31163"}],"wp:term":[{"taxonomy":"product_cat","embeddable":true,"href":"https:\/\/staging.pepiniereezavin.com\/en\/wp-json\/wp\/v2\/product_cat?post=31163"},{"taxonomy":"product_tag","embeddable":true,"href":"https:\/\/staging.pepiniereezavin.com\/en\/wp-json\/wp\/v2\/product_tag?post=31163"}],"curies":[{"name":"wp","href":"https:\/\/api.w.org\/{rel}","templated":true}]}}