{"id":31165,"date":"2021-12-09T23:10:36","date_gmt":"2021-12-09T22:10:36","guid":{"rendered":"https:\/\/pepiniereezavin.fr\/?post_type=product&#038;p=31165"},"modified":"2022-06-20T08:49:35","modified_gmt":"2022-06-20T06:49:35","slug":"begonia-manicata-aureomaculata","status":"publish","type":"product","link":"https:\/\/staging.pepiniereezavin.com\/en\/product\/begonia-manicata-aureomaculata\/","title":{"rendered":"Begonia manicata &lsquo;aureomaculata&rsquo;"},"content":{"rendered":"<p>Voici un curieux cultivar \u00e0<strong> feuilles marbr\u00e9es<\/strong> de macules jaunes \u00e0 vert clair, chacune diff\u00e9rente des autres. Chaque feuille a donc une panachure qui lui est unique. Le feston de poils rouge \u00e0 la marge des limbe souligne la coloration bigarr\u00e9e de la plante, et les \u00e9cailles le long des p\u00e9tioles et sous les feuilles ajoutent \u00e0 l&rsquo;originalit\u00e9 de ce rare cultivar!! La plante forme un buisson avec une ou plusieurs tiges centrales.<\/p>\n<p><span style=\"text-decoration: underline;\">Hauteur adulte<\/span>\u00a0: 40\/40 cm.\u00a0<span style=\"text-decoration: underline;\">Origine g\u00e9ographique<\/span>\u00a0:\u00a0horticole.\u00a0<span style=\"text-decoration: underline;\">Persistance hiver<\/span>\u00a0:\u00a0Persistant.\u00a0<span style=\"text-decoration: underline;\">Rusticit\u00e9 USDA<\/span>\u00a0: Zone 10\/11.<\/p>","protected":false},"excerpt":{"rendered":"<p>Voici un curieux cultivar \u00e0<strong> feuilles marbr\u00e9es<\/strong> de macules jaunes \u00e0 vert clair, chacune diff\u00e9rente des autres. Chaque feuille a donc une panachure qui lui est unique. Le feston de poils rouge \u00e0 la marge des limbe souligne la coloration bigarr\u00e9e de la plante, et les \u00e9cailles le long des p\u00e9tioles et sous les feuilles ajoutent \u00e0 l&rsquo;originalit\u00e9 de ce rare cultivar!! La plante forme un buisson avec une ou plusieurs tiges centrales.<\/p>\n<p><span style=\"text-decoration: underline;\">Hauteur adulte<\/span>\u00a0: 40\/40 cm.\u00a0<span style=\"text-decoration: underline;\">Origine g\u00e9ographique<\/span>\u00a0:\u00a0horticole.\u00a0<span style=\"text-decoration: underline;\">Persistance hiver<\/span>\u00a0:\u00a0Persistant.\u00a0<span style=\"text-decoration: underline;\">Rusticit\u00e9 USDA<\/span>\u00a0: Zone 10\/11.<\/p>","protected":false},"featured_media":31192,"template":"","meta":{"site-sidebar-layout":"default","site-content-layout":"default","ast-global-header-display":"","ast-main-header-display":"","ast-hfb-above-header-display":"","ast-hfb-below-header-display":"","ast-hfb-mobile-header-display":"","site-post-title":"","ast-breadcrumbs-content":"","ast-featured-img":"","footer-sml-layout":"","theme-transparent-header-meta":"default","adv-header-id-meta":"","stick-header-meta":"default","header-above-stick-meta":"","header-main-stick-meta":"","header-below-stick-meta":""},"product_cat":[536,547],"product_tag":[521,528,556,557],"class_list":["post-31165","product","type-product","status-publish","has-post-thumbnail","hentry","product_cat-begonias","product_cat-begonias-interieur","product_tag-begonias-hybrides-cultivars","product_tag-plantes-origine-americaine","product_tag-plantes-pour-interieur","product_tag-plantes-pour-terrarium","pa_taille-du-pot-pot-12-14-cm-diametre","desktop-align-center","tablet-align-center","mobile-align-center","ast-product-gallery-layout-horizontal","ast-product-single-variable","ast-product-tabs-layout-horizontal","ast-qv-on-image"],"_links":{"self":[{"href":"https:\/\/staging.pepiniereezavin.com\/en\/wp-json\/wp\/v2\/product\/31165","targetHints":{"allow":["GET"]}}],"collection":[{"href":"https:\/\/staging.pepiniereezavin.com\/en\/wp-json\/wp\/v2\/product"}],"about":[{"href":"https:\/\/staging.pepiniereezavin.com\/en\/wp-json\/wp\/v2\/types\/product"}],"wp:featuredmedia":[{"embeddable":true,"href":"https:\/\/staging.pepiniereezavin.com\/en\/wp-json\/wp\/v2\/media\/31192"}],"wp:attachment":[{"href":"https:\/\/staging.pepiniereezavin.com\/en\/wp-json\/wp\/v2\/media?parent=31165"}],"wp:term":[{"taxonomy":"product_cat","embeddable":true,"href":"https:\/\/staging.pepiniereezavin.com\/en\/wp-json\/wp\/v2\/product_cat?post=31165"},{"taxonomy":"product_tag","embeddable":true,"href":"https:\/\/staging.pepiniereezavin.com\/en\/wp-json\/wp\/v2\/product_tag?post=31165"}],"curies":[{"name":"wp","href":"https:\/\/api.w.org\/{rel}","templated":true}]}}