{"id":31167,"date":"2021-12-09T23:10:37","date_gmt":"2021-12-09T22:10:37","guid":{"rendered":"https:\/\/pepiniereezavin.fr\/?post_type=product&#038;p=31167"},"modified":"2022-09-23T13:24:40","modified_gmt":"2022-09-23T11:24:40","slug":"begonia-aborensis","status":"publish","type":"product","link":"https:\/\/staging.pepiniereezavin.com\/en\/product\/begonia-aborensis\/","title":{"rendered":"Begonia aborensis"},"content":{"rendered":"<p>Ce <em>Begonia<\/em>\u00a0des contreforts himalayens forme une rosette de feuilles vert vif satin\u00e9 de toute beaut\u00e9, couleur cuivre lorsqu&rsquo;elle sont jeunes. Les limbes peuvent atteindre 40 cm de diam\u00e8tre. Les fleurs sont rose p\u00e2le et regroup\u00e9es \u00e0 la base de la rosette. Elles apparaissant en automne.<\/p>\n<p>Croissance rapide, tant que les T\u00b0 restent \u00e9lev\u00e9es (&gt;15\u00b0C), r\u00e9duire les arrosages en-dessous.<\/p>\n<p><span style=\"text-decoration: underline;\">Hauteur adulte<\/span>\u00a0: 60\/80 cm.\u00a0<span style=\"text-decoration: underline;\">Origine g\u00e9ographique<\/span>\u00a0: Inde, Vietnam.\u00a0<span style=\"text-decoration: underline;\">Persistance hiver<\/span>\u00a0:\u00a0Persistant.\u00a0<span style=\"text-decoration: underline;\">Rusticit\u00e9 USDA<\/span>\u00a0: Zone 10.<\/p>","protected":false},"excerpt":{"rendered":"<p>Ce <em>Begonia<\/em>\u00a0des contreforts himalayens forme une rosette de feuilles vert vif satin\u00e9 de toute beaut\u00e9, couleur cuivre lorsqu&rsquo;elle sont jeunes. Les limbes peuvent atteindre 40 cm de diam\u00e8tre. Les fleurs sont rose p\u00e2le et regroup\u00e9es \u00e0 la base de la rosette. Elles apparaissant en automne.<\/p>\n<p>Croissance rapide, tant que les T\u00b0 restent \u00e9lev\u00e9es (&gt;15\u00b0C), r\u00e9duire les arrosages en-dessous.<\/p>\n<p><span style=\"text-decoration: underline;\">Hauteur adulte<\/span>\u00a0: 60\/80 cm.\u00a0<span style=\"text-decoration: underline;\">Origine g\u00e9ographique<\/span>\u00a0: Inde, Vietnam.\u00a0<span style=\"text-decoration: underline;\">Persistance hiver<\/span>\u00a0:\u00a0Persistant.\u00a0<span style=\"text-decoration: underline;\">Rusticit\u00e9 USDA<\/span>\u00a0: Zone 10.<\/p>","protected":false},"featured_media":31196,"template":"","meta":{"site-sidebar-layout":"default","site-content-layout":"default","ast-global-header-display":"","ast-main-header-display":"","ast-hfb-above-header-display":"","ast-hfb-below-header-display":"","ast-hfb-mobile-header-display":"","site-post-title":"","ast-breadcrumbs-content":"","ast-featured-img":"","footer-sml-layout":"","theme-transparent-header-meta":"default","adv-header-id-meta":"","stick-header-meta":"default","header-above-stick-meta":"","header-main-stick-meta":"","header-below-stick-meta":""},"product_cat":[536,547],"product_tag":[562,529,556],"class_list":["post-31167","product","type-product","status-publish","has-post-thumbnail","hentry","product_cat-begonias","product_cat-begonias-interieur","product_tag-pl","product_tag-plantes-origine-asiatique","product_tag-plantes-pour-interieur","pa_taille-du-pot-pot-12-14-cm-diametre","desktop-align-center","tablet-align-center","mobile-align-center","ast-product-gallery-layout-horizontal","ast-product-single-variable","ast-product-tabs-layout-horizontal","ast-qv-on-image"],"_links":{"self":[{"href":"https:\/\/staging.pepiniereezavin.com\/en\/wp-json\/wp\/v2\/product\/31167","targetHints":{"allow":["GET"]}}],"collection":[{"href":"https:\/\/staging.pepiniereezavin.com\/en\/wp-json\/wp\/v2\/product"}],"about":[{"href":"https:\/\/staging.pepiniereezavin.com\/en\/wp-json\/wp\/v2\/types\/product"}],"wp:featuredmedia":[{"embeddable":true,"href":"https:\/\/staging.pepiniereezavin.com\/en\/wp-json\/wp\/v2\/media\/31196"}],"wp:attachment":[{"href":"https:\/\/staging.pepiniereezavin.com\/en\/wp-json\/wp\/v2\/media?parent=31167"}],"wp:term":[{"taxonomy":"product_cat","embeddable":true,"href":"https:\/\/staging.pepiniereezavin.com\/en\/wp-json\/wp\/v2\/product_cat?post=31167"},{"taxonomy":"product_tag","embeddable":true,"href":"https:\/\/staging.pepiniereezavin.com\/en\/wp-json\/wp\/v2\/product_tag?post=31167"}],"curies":[{"name":"wp","href":"https:\/\/api.w.org\/{rel}","templated":true}]}}