{"id":31169,"date":"2021-12-09T23:10:37","date_gmt":"2021-12-09T22:10:37","guid":{"rendered":"https:\/\/pepiniereezavin.fr\/?post_type=product&#038;p=31169"},"modified":"2022-11-01T20:01:12","modified_gmt":"2022-11-01T19:01:12","slug":"viola-selkirkii","status":"publish","type":"product","link":"https:\/\/staging.pepiniereezavin.com\/en\/product\/viola-selkirkii\/","title":{"rendered":"Viola selkirkii"},"content":{"rendered":"<p>Une <strong>toute petite<\/strong> <strong>violette<\/strong> &#8211; les feuilles ne d\u00e9passent pas 2 cm de diam\u00e8tre &#8211; d&rsquo;environ 5 cm de haut. Plante id\u00e9ale (et recherch\u00e9e) pour ses applications en plantes-compagnes de bonsa\u00efs. Le feuillage est d\u00e9licatement marbr\u00e9 de vert argent\u00e9 autour des nervures et est vert franc entre. La floraison est printani\u00e8re et automnale. Les p\u00e9tales sont violets avec la base blanche, et tr\u00e8s \u00e9troits. Ce bijou, \u00e0 installer au pied d&rsquo;un bonsa\u00ef, dans une rocaille, dans un terrarium, ou sur un mur de plantes (bien en vue!), se ress\u00e8me naturellement.<\/p>\n<p><span style=\"text-decoration: underline;\">Hauteur\u00a0adulte<\/span>\u00a0: 2\/4\u00a0cm.\u00a0<span style=\"text-decoration: underline;\">Origine g\u00e9ographique<\/span>\u00a0: n&rsquo;\u00e9tant pas s\u00fbr de son nom, je ne peux donner d&rsquo;origine&#8230; \u00a0<span style=\"text-decoration: underline;\">Persistance hiver<\/span>\u00a0:\u00a0Persistant.\u00a0<span style=\"text-decoration: underline;\">Rusticit\u00e9 USDA<\/span>\u00a0: Zone 8, peut-\u00eatre moins.<\/p>","protected":false},"excerpt":{"rendered":"<p>Une <strong>toute petite<\/strong> violette &#8211; les feuilles ne d\u00e9passent pas 2 cm de diam\u00e8tre &#8211; d&rsquo;environ 5 cm de haut. Plante id\u00e9ale (et recherch\u00e9e) pour ses applications en bonsa\u00efs. Le feuillage est d\u00e9licatement marbr\u00e9 de vert argent\u00e9 autour des nervures et est vert franc entre. La floraison est printani\u00e8re et automnale. Les p\u00e9tales sont violets avec la base blanche, et tr\u00e8s \u00e9troits. Ce bijou, \u00e0 installer au pied d&rsquo;un bonsa\u00ef, dans une rocaille, dans un terrarium, ou sur un mur de plantes (bien en vue!), se ress\u00e8me naturellement.<\/p>\n<p><span style=\"text-decoration: underline;\">Hauteur\u00a0adulte<\/span>\u00a0: 2\/4\u00a0cm.\u00a0<span style=\"text-decoration: underline;\">Origine g\u00e9ographique<\/span>\u00a0: n&rsquo;\u00e9tant pas s\u00fbr de son nom, je ne peux donner d&rsquo;origine&#8230; \u00a0<span style=\"text-decoration: underline;\">Persistance hiver<\/span>\u00a0:\u00a0Persistant.\u00a0<span style=\"text-decoration: underline;\">Rusticit\u00e9 USDA<\/span>\u00a0: Zone 8, peut-\u00eatre moins.<\/p>","protected":false},"featured_media":31199,"template":"","meta":{"site-sidebar-layout":"default","site-content-layout":"default","ast-global-header-display":"","ast-main-header-display":"","ast-hfb-above-header-display":"","ast-hfb-below-header-display":"","ast-hfb-mobile-header-display":"","site-post-title":"","ast-breadcrumbs-content":"","ast-featured-img":"","footer-sml-layout":"","theme-transparent-header-meta":"default","adv-header-id-meta":"","stick-header-meta":"default","header-above-stick-meta":"","header-main-stick-meta":"","header-below-stick-meta":""},"product_cat":[537,552,553],"product_tag":[526,529],"class_list":["post-31169","product","type-product","status-publish","has-post-thumbnail","hentry","product_cat-autres-plantes","product_cat-autres-plantes-pour-climat-doux","product_cat-autres-plantes-pour-climat-frais","product_tag-plantes-couvre-sol","product_tag-plantes-origine-asiatique","pa_taille-du-pot-pot-10-cm-diametre","desktop-align-center","tablet-align-center","mobile-align-center","ast-product-gallery-layout-horizontal","ast-product-single-variable","ast-product-tabs-layout-horizontal","ast-qv-on-image"],"_links":{"self":[{"href":"https:\/\/staging.pepiniereezavin.com\/en\/wp-json\/wp\/v2\/product\/31169","targetHints":{"allow":["GET"]}}],"collection":[{"href":"https:\/\/staging.pepiniereezavin.com\/en\/wp-json\/wp\/v2\/product"}],"about":[{"href":"https:\/\/staging.pepiniereezavin.com\/en\/wp-json\/wp\/v2\/types\/product"}],"wp:featuredmedia":[{"embeddable":true,"href":"https:\/\/staging.pepiniereezavin.com\/en\/wp-json\/wp\/v2\/media\/31199"}],"wp:attachment":[{"href":"https:\/\/staging.pepiniereezavin.com\/en\/wp-json\/wp\/v2\/media?parent=31169"}],"wp:term":[{"taxonomy":"product_cat","embeddable":true,"href":"https:\/\/staging.pepiniereezavin.com\/en\/wp-json\/wp\/v2\/product_cat?post=31169"},{"taxonomy":"product_tag","embeddable":true,"href":"https:\/\/staging.pepiniereezavin.com\/en\/wp-json\/wp\/v2\/product_tag?post=31169"}],"curies":[{"name":"wp","href":"https:\/\/api.w.org\/{rel}","templated":true}]}}