{"id":31173,"date":"2021-12-09T23:10:37","date_gmt":"2021-12-09T22:10:37","guid":{"rendered":"https:\/\/pepiniereezavin.fr\/?post_type=product&#038;p=31173"},"modified":"2022-06-16T09:39:30","modified_gmt":"2022-06-16T07:39:30","slug":"kohleria-eriantha","status":"publish","type":"product","link":"https:\/\/staging.pepiniereezavin.com\/en\/product\/kohleria-eriantha\/","title":{"rendered":"Kohleria eriantha"},"content":{"rendered":"<p>Voici une plante d&rsquo;<strong>int\u00e9rieur <\/strong>et de<strong> v\u00e9randa<\/strong> \u00e0 floraison rouge pendant toute la belle saison, et plus si le climat lui pla\u00eet! Les fleurs apparaissent au printemps et s&rsquo;\u00e9chelonnent tout l&rsquo;\u00e9t\u00e9 et l&rsquo;automne. D&rsquo;un beau rouge velout\u00e9 et mouchet\u00e9es de jaune, elles apparaissent en grappes terminales. Caduque en hiver si les temp\u00e9ratures descendent sous les 5\u00b0C.<br \/>\nPas trop d&rsquo;arrosage (\u00e9viter le feuillage), et surtout au sec pendant la p\u00e9riode hivernale. Id\u00e9ale en v\u00e9randa car elle supporte des (petites) baisses de temp\u00e9rature la nuit (comme les <a title=\"Aspidistra zongbayi \u2018Uan Fat Lady\u2019\" href=\"https:\/\/staging.pepiniereezavin.com\/en\/product\/aspidistra-zongbayi-uan-fat-lady\/\">Aspidistra<\/a>). Garder hors gel. Rempoter r\u00e9guli\u00e8rement.<\/p>\n<p><span style=\"text-decoration: underline;\">Hauteur adulte<\/span>\u00a0: 20\/40 (80). Peut \u00eatre retombant.\u00a0 <span style=\"text-decoration: underline;\">Origine g\u00e9ographique<\/span>\u00a0: Am\u00e9rique centrale et du sud. <span style=\"text-decoration: underline;\">Persistance hiver<\/span>\u00a0: Caduque si il fait froid. <span style=\"text-decoration: underline;\">Rusticit\u00e9 USDA<\/span>\u00a0: Zone 10.<\/p>","protected":false},"excerpt":{"rendered":"<p>Voici une plante d&rsquo;<strong>int\u00e9rieur <\/strong>et de<strong> v\u00e9randa<\/strong> \u00e0 floraison rouge pendant toute la belle saison, et plus si le climat lui pla\u00eet! Les fleurs apparaissent au printemps et s&rsquo;\u00e9chelonnent tout l&rsquo;\u00e9t\u00e9 et l&rsquo;automne. D&rsquo;un beau rouge velout\u00e9 et mouchet\u00e9es de jaune, elles apparaissent en grappes terminales. Caduque en hiver si les temp\u00e9ratures descendent sous les 5\u00b0C.<br \/>\nPas trop d&rsquo;arrosage (\u00e9viter le feuillage), et surtout au sec pendant la p\u00e9riode hivernale. Id\u00e9ale en v\u00e9randa car elle supporte des (petites) baisses de temp\u00e9rature la nuit (comme les <a title=\"Aspidistra zongbayi \u2018Uan Fat Lady\u2019\" href=\"https:\/\/staging.pepiniereezavin.com\/en\/product\/aspidistra-zongbayi-uan-fat-lady\/\">Aspidistra<\/a>). Garder hors gel. Rempoter r\u00e9guli\u00e8rement.<\/p>\n<p><span style=\"text-decoration: underline;\">Hauteur adulte<\/span>\u00a0: 20\/40 (80). Peut \u00eatre retombant.\u00a0 <span style=\"text-decoration: underline;\">Origine g\u00e9ographique<\/span>\u00a0: Am\u00e9rique centrale et du sud. <span style=\"text-decoration: underline;\">Persistance hiver<\/span>\u00a0: Caduque si il fait froid. <span style=\"text-decoration: underline;\">Rusticit\u00e9 USDA<\/span>\u00a0: Zone 10.<\/p>","protected":false},"featured_media":31202,"template":"","meta":{"site-sidebar-layout":"default","site-content-layout":"default","ast-global-header-display":"","ast-main-header-display":"","ast-hfb-above-header-display":"","ast-hfb-below-header-display":"","ast-hfb-mobile-header-display":"","site-post-title":"","ast-breadcrumbs-content":"","ast-featured-img":"","footer-sml-layout":"","theme-transparent-header-meta":"default","adv-header-id-meta":"","stick-header-meta":"default","header-above-stick-meta":"","header-main-stick-meta":"","header-below-stick-meta":""},"product_cat":[537,551,552],"product_tag":[528,556,558,533],"class_list":["post-31173","product","type-product","status-publish","has-post-thumbnail","hentry","product_cat-autres-plantes","product_cat-autres-plantes-d-interieur","product_cat-autres-plantes-pour-climat-doux","product_tag-plantes-origine-americaine","product_tag-plantes-pour-interieur","product_tag-plantes-pour-climats-doux","product_tag-plantes-pour-mur-vegetaux","pa_taille-du-pot-pot-10-12-cm-diametre","desktop-align-center","tablet-align-center","mobile-align-center","ast-product-gallery-layout-horizontal","ast-product-single-variable","ast-product-tabs-layout-horizontal","ast-qv-on-image"],"_links":{"self":[{"href":"https:\/\/staging.pepiniereezavin.com\/en\/wp-json\/wp\/v2\/product\/31173","targetHints":{"allow":["GET"]}}],"collection":[{"href":"https:\/\/staging.pepiniereezavin.com\/en\/wp-json\/wp\/v2\/product"}],"about":[{"href":"https:\/\/staging.pepiniereezavin.com\/en\/wp-json\/wp\/v2\/types\/product"}],"wp:featuredmedia":[{"embeddable":true,"href":"https:\/\/staging.pepiniereezavin.com\/en\/wp-json\/wp\/v2\/media\/31202"}],"wp:attachment":[{"href":"https:\/\/staging.pepiniereezavin.com\/en\/wp-json\/wp\/v2\/media?parent=31173"}],"wp:term":[{"taxonomy":"product_cat","embeddable":true,"href":"https:\/\/staging.pepiniereezavin.com\/en\/wp-json\/wp\/v2\/product_cat?post=31173"},{"taxonomy":"product_tag","embeddable":true,"href":"https:\/\/staging.pepiniereezavin.com\/en\/wp-json\/wp\/v2\/product_tag?post=31173"}],"curies":[{"name":"wp","href":"https:\/\/api.w.org\/{rel}","templated":true}]}}