{"id":31208,"date":"2021-12-09T23:10:56","date_gmt":"2021-12-09T22:10:56","guid":{"rendered":"https:\/\/pepiniereezavin.fr\/?post_type=product&#038;p=31208"},"modified":"2022-09-30T08:34:40","modified_gmt":"2022-09-30T06:34:40","slug":"begonia-tiger-paws-nigricans","status":"publish","type":"product","link":"https:\/\/staging.pepiniereezavin.com\/en\/product\/begonia-tiger-paws-nigricans\/","title":{"rendered":"Begonia &lsquo;Tiger Paws nigricans&rsquo;"},"content":{"rendered":"<p>Ce Begonia rhizomateux a des feuilles de 5 \u00e0 7 cm de long, ovales, et un port compact en touffe.<br \/>\nChez la forme nigricans, le limbe est toujours vert clair iris\u00e9, mais la couleur vert fonc\u00e9 des nervures envahit le limbe. L&rsquo;aspect g\u00e9n\u00e9ral est plus sombre, avec des pointes vert clair en bordure des feuilles. Excellent en appartement ou en v\u00e9randa. Floraison rose. Culture facile. Persistant. Garder \u00e0 + 5\u00b0C mini en r\u00e9duisant les arrosages en hiver.<\/p>\n<p><span style=\"text-decoration: underline;\">Hauteur adulte<\/span> : 20\/40. <span style=\"text-decoration: underline;\">Origine g\u00e9ographique<\/span> : Origine horticole. <span style=\"text-decoration: underline;\">Persistance hiver<\/span> : Persistant. <span style=\"text-decoration: underline;\">Rusticit\u00e9 USDA<\/span> : Zone 9.<\/p>","protected":false},"excerpt":{"rendered":"<p>Ce Begonia rhizomateux a des feuilles de 5 \u00e0 7 cm de long, ovales, et un port compact en touffe.<br \/>\nChez la forme nigricans, le limbe est toujours vert clair iris\u00e9, mais la couleur vert fonc\u00e9 des nervures envahit le limbe. L&rsquo;aspect g\u00e9n\u00e9ral est plus sombre, avec des pointes vert clair en bordure des feuilles. Excellent en appartement ou en v\u00e9randa. Floraison blanche en hiver. Culture facile. Persistant. Garder \u00e0 + 5\u00b0C mini en r\u00e9duisant les arrosages en hiver.<\/p>\n<p><span style=\"text-decoration: underline;\">Hauteur adulte<\/span> : 20\/40. <span style=\"text-decoration: underline;\">Origine g\u00e9ographique<\/span> : Origine horticole. <span style=\"text-decoration: underline;\">Persistance hiver<\/span> : Persistant. <span style=\"text-decoration: underline;\">Rusticit\u00e9 USDA<\/span> : Zone 9.<\/p>","protected":false},"featured_media":31238,"template":"","meta":{"site-sidebar-layout":"default","site-content-layout":"default","ast-global-header-display":"","ast-main-header-display":"","ast-hfb-above-header-display":"","ast-hfb-below-header-display":"","ast-hfb-mobile-header-display":"","site-post-title":"","ast-breadcrumbs-content":"","ast-featured-img":"","footer-sml-layout":"","theme-transparent-header-meta":"default","adv-header-id-meta":"","stick-header-meta":"default","header-above-stick-meta":"","header-main-stick-meta":"","header-below-stick-meta":""},"product_cat":[536,547],"product_tag":[521,556],"class_list":["post-31208","product","type-product","status-publish","has-post-thumbnail","hentry","product_cat-begonias","product_cat-begonias-interieur","product_tag-begonias-hybrides-cultivars","product_tag-plantes-pour-interieur","pa_taille-du-pot-pot-12-14-cm-diametre","desktop-align-center","tablet-align-center","mobile-align-center","ast-product-gallery-layout-horizontal","ast-product-single-variable","ast-product-tabs-layout-horizontal","ast-qv-on-image"],"_links":{"self":[{"href":"https:\/\/staging.pepiniereezavin.com\/en\/wp-json\/wp\/v2\/product\/31208","targetHints":{"allow":["GET"]}}],"collection":[{"href":"https:\/\/staging.pepiniereezavin.com\/en\/wp-json\/wp\/v2\/product"}],"about":[{"href":"https:\/\/staging.pepiniereezavin.com\/en\/wp-json\/wp\/v2\/types\/product"}],"wp:featuredmedia":[{"embeddable":true,"href":"https:\/\/staging.pepiniereezavin.com\/en\/wp-json\/wp\/v2\/media\/31238"}],"wp:attachment":[{"href":"https:\/\/staging.pepiniereezavin.com\/en\/wp-json\/wp\/v2\/media?parent=31208"}],"wp:term":[{"taxonomy":"product_cat","embeddable":true,"href":"https:\/\/staging.pepiniereezavin.com\/en\/wp-json\/wp\/v2\/product_cat?post=31208"},{"taxonomy":"product_tag","embeddable":true,"href":"https:\/\/staging.pepiniereezavin.com\/en\/wp-json\/wp\/v2\/product_tag?post=31208"}],"curies":[{"name":"wp","href":"https:\/\/api.w.org\/{rel}","templated":true}]}}