{"id":31214,"date":"2021-12-09T23:10:57","date_gmt":"2021-12-09T22:10:57","guid":{"rendered":"https:\/\/pepiniereezavin.fr\/?post_type=product&#038;p=31214"},"modified":"2022-05-31T09:45:03","modified_gmt":"2022-05-31T07:45:03","slug":"pilea-insolens","status":"publish","type":"product","link":"https:\/\/staging.pepiniereezavin.com\/en\/product\/pilea-insolens\/","title":{"rendered":"Pilea insolens"},"content":{"rendered":"<p>Cette <em>Urticaceae<\/em> (famille des orties) non urticante vient du Tibet, Inde, N\u00e9pal, et pousse en for\u00eat humide, formant un buisson herbac\u00e9 d&rsquo;environ 50 cm de haut. La nervation des feuilles est caract\u00e9ristique, et originale. De m\u00eame, le port du feuillage, oblique, en fait une plante tr\u00e8s graphique, qui pousse aussi bien en int\u00e9rieur qu&rsquo;en ext\u00e9rieur.<\/p>\n<p><em>Pilea insolens<\/em> peut \u00eatre cultiv\u00e9 en ext\u00e9rieur en r\u00e9gion parisienne, \u00e0 l&rsquo;ombre ou mi-ombre, en sol frais et riche, avec protection lors des hivers froids. En int\u00e9rieur, il appr\u00e9ciera un endroit lumineux, sans soleil direct, et un terreau riche et restant frais. Caduque en dessous de 0\u00b0C, il sera persistant en int\u00e9rieur et renouvellera ses branches au cours du printemps. Floraison fin de printemps, d\u00e9but d&rsquo;\u00e9t\u00e9. Plante drageonnante (comme les orties).<\/p>\n<p><span style=\"text-decoration: underline;\">Hauteur adulte<\/span>\u00a0: 40\/60. <span style=\"text-decoration: underline;\">Origine g\u00e9ographique<\/span>\u00a0: Sud-Ouest de la Chine, Tibet, Inde, N\u00e9pal.\u00a0 <span style=\"text-decoration: underline;\">Persistance hiver<\/span>\u00a0: caduque si en ext\u00e9rieur, persistant si en int\u00e9rieur. <span style=\"text-decoration: underline;\">Rusticit\u00e9 USDA<\/span>\u00a0: Zone 7\/8, peut-\u00eatre moins.<\/p>","protected":false},"excerpt":{"rendered":"<p>Cette\u00a0<em>Urticaceae<\/em>\u00a0(famille des orties) non urticante vient du Tibet, Inde, N\u00e9pal, et pousse en for\u00eat humide, formant un buisson herbac\u00e9 d&rsquo;environ 50 cm de haut. La nervation des feuilles est caract\u00e9ristique, et originale. De m\u00eame, le port du feuillage, oblique, en fait une plante tr\u00e8s graphique, qui pousse aussi bien en int\u00e9rieur qu&rsquo;en ext\u00e9rieur.<\/p>\n<p><em>Pilea insolens<\/em>\u00a0peut \u00eatre cultiv\u00e9 en ext\u00e9rieur en r\u00e9gion parisienne, \u00e0 l&rsquo;ombre ou mi-ombre, en sol frais et riche, avec protection lors des hivers froids. En int\u00e9rieur, il appr\u00e9ciera un endroit lumineux, sans soleil direct, et un terreau riche et restant frais. Caduque en dessous de 0\u00b0C, il sera persistant en int\u00e9rieur et renouvellera ses branches au cours du printemps. Floraison fin de printemps, d\u00e9but d&rsquo;\u00e9t\u00e9. Plante drageonnante (comme les orties).<\/p>\n<p><span style=\"text-decoration: underline;\">Hauteur adulte<\/span>\u00a0: 40\/60.\u00a0<span style=\"text-decoration: underline;\">Origine g\u00e9ographique<\/span>\u00a0: Sud-Ouest de la Chine, Tibet, Inde, N\u00e9pal.\u00a0\u00a0<span style=\"text-decoration: underline;\">Persistance hiver<\/span>\u00a0: caduque si en ext\u00e9rieur, persistant si en int\u00e9rieur.\u00a0<span style=\"text-decoration: underline;\">Rusticit\u00e9 USDA<\/span>\u00a0: Zone 7\/8, peut-\u00eatre moins.<\/p>","protected":false},"featured_media":31240,"template":"","meta":{"site-sidebar-layout":"default","site-content-layout":"default","ast-global-header-display":"","ast-main-header-display":"","ast-hfb-above-header-display":"","ast-hfb-below-header-display":"","ast-hfb-mobile-header-display":"","site-post-title":"","ast-breadcrumbs-content":"","ast-featured-img":"","footer-sml-layout":"","theme-transparent-header-meta":"default","adv-header-id-meta":"","stick-header-meta":"default","header-above-stick-meta":"","header-main-stick-meta":"","header-below-stick-meta":""},"product_cat":[537,551,552,553],"product_tag":[524,525,529,556,558,559,533],"class_list":["post-31214","product","type-product","status-publish","has-post-thumbnail","hentry","product_cat-autres-plantes","product_cat-autres-plantes-d-interieur","product_cat-autres-plantes-pour-climat-doux","product_cat-autres-plantes-pour-climat-frais","product_tag-plantes-famille-urticaceae","product_tag-plantes-a-feuillage-coriace","product_tag-plantes-origine-asiatique","product_tag-plantes-pour-interieur","product_tag-plantes-pour-climats-doux","product_tag-plantes-pour-climats-frais","product_tag-plantes-pour-mur-vegetaux","pa_taille-du-pot-pot-10-cm-diametre","desktop-align-center","tablet-align-center","mobile-align-center","ast-product-gallery-layout-horizontal","ast-product-single-variable","ast-product-tabs-layout-horizontal","ast-qv-on-image"],"_links":{"self":[{"href":"https:\/\/staging.pepiniereezavin.com\/en\/wp-json\/wp\/v2\/product\/31214","targetHints":{"allow":["GET"]}}],"collection":[{"href":"https:\/\/staging.pepiniereezavin.com\/en\/wp-json\/wp\/v2\/product"}],"about":[{"href":"https:\/\/staging.pepiniereezavin.com\/en\/wp-json\/wp\/v2\/types\/product"}],"wp:featuredmedia":[{"embeddable":true,"href":"https:\/\/staging.pepiniereezavin.com\/en\/wp-json\/wp\/v2\/media\/31240"}],"wp:attachment":[{"href":"https:\/\/staging.pepiniereezavin.com\/en\/wp-json\/wp\/v2\/media?parent=31214"}],"wp:term":[{"taxonomy":"product_cat","embeddable":true,"href":"https:\/\/staging.pepiniereezavin.com\/en\/wp-json\/wp\/v2\/product_cat?post=31214"},{"taxonomy":"product_tag","embeddable":true,"href":"https:\/\/staging.pepiniereezavin.com\/en\/wp-json\/wp\/v2\/product_tag?post=31214"}],"curies":[{"name":"wp","href":"https:\/\/api.w.org\/{rel}","templated":true}]}}