{"id":31220,"date":"2021-12-09T23:10:57","date_gmt":"2021-12-09T22:10:57","guid":{"rendered":"https:\/\/pepiniereezavin.fr\/?post_type=product&#038;p=31220"},"modified":"2022-06-16T09:27:53","modified_gmt":"2022-06-16T07:27:53","slug":"hedychium-thyrsiforme","status":"publish","type":"product","link":"https:\/\/staging.pepiniereezavin.com\/en\/product\/hedychium-thyrsiforme\/","title":{"rendered":"Hedychium thyrsiforme"},"content":{"rendered":"<p><em>Hedychium thyrsiforme<\/em> est\u00a0un gingembre d\u00e9coratif \u00e0 <strong>fleurs blanc pur<\/strong> en \u00e9pis terminaux <strong>courts et denses<\/strong>. Les fleurs sont parfum\u00e9es, les longues \u00e9tamines donnent une allure a\u00e9rienne aux floraisons automnales. Les larges feuilles sont un peu ondul\u00e9es et vert fonc\u00e9, port\u00e9es par des tiges arqu\u00e9es. Souche tr\u00e8s vigoureuse et florif\u00e8re.<\/p>\n<p>En <strong>ext\u00e9rieur<\/strong>, sol frais, soleil \u00e0 mi-ombre. En <strong>int\u00e9rieur<\/strong>, installer dans un lieu clair. Rempoter r\u00e9guli\u00e8rement.<\/p>\n<p><span style=\"text-decoration: underline;\">Hauteur adulte<\/span>\u00a0: 80\/150.\u00a0<span style=\"text-decoration: underline;\">Origine g\u00e9ographique<\/span>\u00a0: La souche que nous vendons est tr\u00e8s florif\u00e8re et vient du N\u00e9pal.\u00a0<span style=\"text-decoration: underline;\">Persistance hiver<\/span>\u00a0: Caduque. \u00a0<span style=\"text-decoration: underline;\">Rusticit\u00e9 USDA<\/span>\u00a0:\u00a0Zone 8 (-12.2\u00b0C\/-6.7\u00b0C).<\/p>","protected":false},"excerpt":{"rendered":"<p><em>Hedychium thyrsiforme<\/em> est\u00a0un gingembre d\u00e9coratif \u00e0 <strong>fleurs blanc pur<\/strong> en \u00e9pis terminaux <strong>courts et denses<\/strong>. Les fleurs sont parfum\u00e9es, les longues \u00e9tamines donnent une allure a\u00e9rienne aux floraisons automnales. Les larges feuilles sont un peu ondul\u00e9es et vert fonc\u00e9, port\u00e9es par des tiges arqu\u00e9es. Souche tr\u00e8s vigoureuse et florif\u00e8re.<\/p>\n<p>En <strong>ext\u00e9rieur<\/strong>, sol frais, soleil \u00e0 mi-ombre. En <strong>int\u00e9rieur<\/strong>, installer dans un lieu clair. Rempoter r\u00e9guli\u00e8rement.<\/p>\n<p><span style=\"text-decoration: underline;\">Hauteur adulte<\/span>\u00a0: 80\/150.\u00a0<span style=\"text-decoration: underline;\">Origine g\u00e9ographique<\/span>\u00a0: La souche que nous vendons est tr\u00e8s florif\u00e8re et vient du N\u00e9pal.\u00a0<span style=\"text-decoration: underline;\">Persistance hiver<\/span>\u00a0: Caduque. \u00a0<span style=\"text-decoration: underline;\">Rusticit\u00e9 USDA<\/span>\u00a0:\u00a0Zone 8 (-12.2\u00b0C\/-6.7\u00b0C).<\/p>","protected":false},"featured_media":31245,"template":"","meta":{"site-sidebar-layout":"default","site-content-layout":"default","ast-global-header-display":"","ast-main-header-display":"","ast-hfb-above-header-display":"","ast-hfb-below-header-display":"","ast-hfb-mobile-header-display":"","site-post-title":"","ast-breadcrumbs-content":"","ast-featured-img":"","footer-sml-layout":"","theme-transparent-header-meta":"default","adv-header-id-meta":"","stick-header-meta":"default","header-above-stick-meta":"","header-main-stick-meta":"","header-below-stick-meta":""},"product_cat":[537,551,552,553],"product_tag":[529],"class_list":["post-31220","product","type-product","status-publish","has-post-thumbnail","hentry","product_cat-autres-plantes","product_cat-autres-plantes-d-interieur","product_cat-autres-plantes-pour-climat-doux","product_cat-autres-plantes-pour-climat-frais","product_tag-plantes-origine-asiatique","pa_taille-du-pot-pot-12-14-cm-diametre","pa_taille-du-pot-pot-15-18-cm-diametre","desktop-align-center","tablet-align-center","mobile-align-center","ast-product-gallery-layout-horizontal","ast-product-single-variable","ast-product-tabs-layout-horizontal","ast-qv-on-image"],"_links":{"self":[{"href":"https:\/\/staging.pepiniereezavin.com\/en\/wp-json\/wp\/v2\/product\/31220","targetHints":{"allow":["GET"]}}],"collection":[{"href":"https:\/\/staging.pepiniereezavin.com\/en\/wp-json\/wp\/v2\/product"}],"about":[{"href":"https:\/\/staging.pepiniereezavin.com\/en\/wp-json\/wp\/v2\/types\/product"}],"wp:featuredmedia":[{"embeddable":true,"href":"https:\/\/staging.pepiniereezavin.com\/en\/wp-json\/wp\/v2\/media\/31245"}],"wp:attachment":[{"href":"https:\/\/staging.pepiniereezavin.com\/en\/wp-json\/wp\/v2\/media?parent=31220"}],"wp:term":[{"taxonomy":"product_cat","embeddable":true,"href":"https:\/\/staging.pepiniereezavin.com\/en\/wp-json\/wp\/v2\/product_cat?post=31220"},{"taxonomy":"product_tag","embeddable":true,"href":"https:\/\/staging.pepiniereezavin.com\/en\/wp-json\/wp\/v2\/product_tag?post=31220"}],"curies":[{"name":"wp","href":"https:\/\/api.w.org\/{rel}","templated":true}]}}