{"id":31222,"date":"2021-12-09T23:10:57","date_gmt":"2021-12-09T22:10:57","guid":{"rendered":"https:\/\/pepiniereezavin.fr\/?post_type=product&#038;p=31222"},"modified":"2022-07-25T11:46:04","modified_gmt":"2022-07-25T09:46:04","slug":"tradescantia-sillamontana-variegata","status":"publish","type":"product","link":"https:\/\/staging.pepiniereezavin.com\/en\/product\/tradescantia-sillamontana-variegata\/","title":{"rendered":"Tradescantia sillamontana &lsquo;Variegata&rsquo;"},"content":{"rendered":"<p>C&rsquo;est la forme panach\u00e9e, \u00e0 bandes blanches longitudinales de diff\u00e9rentes largeurs. Pour une rocaille ensoleill\u00e9e (en zone hors gel), voici une plante en touffe basse \u00e0 feuilles ovales recouvertes de\u00a0 poils blancs tous accroch\u00e9s ensemble. Grosses fleurs rose fonc\u00e9 le matin, qui tranchent beaucoup sur le feuillage quasi-blanc. Excellente plante de rocaille. R\u00e9siste bien \u00e0 de courts moments \u00e0 0\u00b0C si au sec (zone littorale).<\/p>\n<p>A l&rsquo;int\u00e9rieur, c&rsquo;est une plante facile \u00e0 cultiver, sans trop d&rsquo;arrosage, \u00e0 garder avec les plantes grasses, en pleine lumi\u00e8re.<\/p>\n<p><span style=\"text-decoration: underline;\">Hauteur adulte<\/span>\u00a0: 20\/40 cm.\u00a0<span style=\"text-decoration: underline;\">Origine g\u00e9ographique<\/span>\u00a0: horticole.\u00a0<span style=\"text-decoration: underline;\">Persistance hiver<\/span>\u00a0: Persistant \u00e0 l&rsquo;int\u00e9rieur, caduque dehors (au sec, et gels tr\u00e8s brefs).\u00a0<span style=\"text-decoration: underline;\">Rusticit\u00e9 USDA<\/span>\u00a0: Zone 9.<\/p>","protected":false},"excerpt":{"rendered":"<p>C&rsquo;est la forme panach\u00e9e, \u00e0 bandes blanches longitudinales de diff\u00e9rentes largeurs. Pour une rocaille ensoleill\u00e9e (en zone hors gel), voici une plante en touffe basse \u00e0 feuilles ovales recouvertes de\u00a0 poils blancs tous accroch\u00e9s ensemble. Grosses fleurs rose fonc\u00e9 le matin, qui tranchent beaucoup sur le feuillage quasi-blanc. Excellente plante de rocaille. R\u00e9siste bien \u00e0 de courts moments \u00e0 0\u00b0C si au sec (zone littorale).<\/p>\n<p>A l&rsquo;int\u00e9rieur, c&rsquo;est une plante facile \u00e0 cultiver, sans trop d&rsquo;arrosage, \u00e0 garder avec les plantes grasses, en pleine lumi\u00e8re.<\/p>\n<p><span style=\"text-decoration: underline;\">Hauteur adulte<\/span>\u00a0: 20\/40 cm.\u00a0<span style=\"text-decoration: underline;\">Origine g\u00e9ographique<\/span>\u00a0: horticole.\u00a0<span style=\"text-decoration: underline;\">Persistance hiver<\/span>\u00a0: Persistant \u00e0 l&rsquo;int\u00e9rieur, caduque dehors (au sec, et gels tr\u00e8s brefs).\u00a0<span style=\"text-decoration: underline;\">Rusticit\u00e9 USDA<\/span>\u00a0: Zone 9.<\/p>","protected":false},"featured_media":31247,"template":"","meta":{"site-sidebar-layout":"default","site-content-layout":"default","ast-global-header-display":"","ast-main-header-display":"","ast-hfb-above-header-display":"","ast-hfb-below-header-display":"","ast-hfb-mobile-header-display":"","site-post-title":"","ast-breadcrumbs-content":"","ast-featured-img":"","footer-sml-layout":"","theme-transparent-header-meta":"default","adv-header-id-meta":"","stick-header-meta":"default","header-above-stick-meta":"","header-main-stick-meta":"","header-below-stick-meta":""},"product_cat":[537,551,552],"product_tag":[522,534],"class_list":["post-31222","product","type-product","status-publish","has-post-thumbnail","hentry","product_cat-autres-plantes","product_cat-autres-plantes-d-interieur","product_cat-autres-plantes-pour-climat-doux","product_tag-plantes-famille-commelinacees","product_tag-plantes-pour-ombre-seche","pa_taille-du-pot-pot-12-14-cm-diametre","desktop-align-center","tablet-align-center","mobile-align-center","ast-product-gallery-layout-horizontal","ast-product-single-variable","ast-product-tabs-layout-horizontal","ast-qv-on-image"],"_links":{"self":[{"href":"https:\/\/staging.pepiniereezavin.com\/en\/wp-json\/wp\/v2\/product\/31222","targetHints":{"allow":["GET"]}}],"collection":[{"href":"https:\/\/staging.pepiniereezavin.com\/en\/wp-json\/wp\/v2\/product"}],"about":[{"href":"https:\/\/staging.pepiniereezavin.com\/en\/wp-json\/wp\/v2\/types\/product"}],"wp:featuredmedia":[{"embeddable":true,"href":"https:\/\/staging.pepiniereezavin.com\/en\/wp-json\/wp\/v2\/media\/31247"}],"wp:attachment":[{"href":"https:\/\/staging.pepiniereezavin.com\/en\/wp-json\/wp\/v2\/media?parent=31222"}],"wp:term":[{"taxonomy":"product_cat","embeddable":true,"href":"https:\/\/staging.pepiniereezavin.com\/en\/wp-json\/wp\/v2\/product_cat?post=31222"},{"taxonomy":"product_tag","embeddable":true,"href":"https:\/\/staging.pepiniereezavin.com\/en\/wp-json\/wp\/v2\/product_tag?post=31222"}],"curies":[{"name":"wp","href":"https:\/\/api.w.org\/{rel}","templated":true}]}}