{"id":31224,"date":"2021-12-09T23:10:58","date_gmt":"2021-12-09T22:10:58","guid":{"rendered":"https:\/\/pepiniereezavin.fr\/?post_type=product&#038;p=31224"},"modified":"2022-12-01T19:05:53","modified_gmt":"2022-12-01T18:05:53","slug":"tradescantia-purpurea-variegata","status":"publish","type":"product","link":"https:\/\/staging.pepiniereezavin.com\/en\/product\/tradescantia-purpurea-variegata\/","title":{"rendered":"Tradescantia purpurea &lsquo;Variegata&rsquo;"},"content":{"rendered":"<p>(=\u00a0<em>Setcreasea purpurea<\/em> &lsquo;Variegata&rsquo;) Pour une rocaille ensoleill\u00e9e ou en mi-ombre, cette forme panach\u00e9e forme une touffe basse. Ses feuilles sont violet vif, stri\u00e9es de bandes longitudinales blanches \u00e0 roses. Du printemps \u00e0 l&rsquo;automne, les fleurs rose vif tranchent bien sur le feuillage. Tiges et feuilles sont succulentes et couvertes de longs poils \u00e9pars dress\u00e9s. Tr\u00e8s r\u00e9sistant au sec et au froid (si au sec et d\u00e9gel pendant la journ\u00e9e).<\/p>\n<p><span style=\"text-decoration: underline;\">Hauteur adulte<\/span>\u00a0: 20\/40 cm.\u00a0<span style=\"text-decoration: underline;\">Origine g\u00e9ographique<\/span>\u00a0: horticole.\u00a0<span style=\"text-decoration: underline;\">Persistance hiver<\/span>\u00a0: Persistant \u00e0 l&rsquo;int\u00e9rieur, caduque dehors.\u00a0<span style=\"text-decoration: underline;\">Rusticit\u00e9 USDA<\/span> : Zone 9 (-6.7\u00b0C\/-1.1\u00b0C) en le gardant au sec en hiver.<\/p>","protected":false},"excerpt":{"rendered":"<p>(=\u00a0<em>Setcreasea purpurea<\/em> &lsquo;Variegata&rsquo;) Pour une rocaille ensoleill\u00e9e ou en mi-ombre, cette forme panach\u00e9e forme une touffe basse. Ses feuilles sont violet vif, stri\u00e9es de bandes longitudinales blanches \u00e0 roses. Du printemps \u00e0 l&rsquo;automne, les fleurs rose vif tranchent bien sur le feuillage. Tiges et feuilles sont succulentes et couvertes de longs poils \u00e9pars dress\u00e9s. Tr\u00e8s r\u00e9sistant au sec et au froid (si au sec et d\u00e9gel pendant la journ\u00e9e).<\/p>\n<p><span style=\"text-decoration: underline;\">Hauteur adulte<\/span>\u00a0: 20\/40 cm.\u00a0<span style=\"text-decoration: underline;\">Origine g\u00e9ographique<\/span>\u00a0: horticole.\u00a0<span style=\"text-decoration: underline;\">Persistance hiver<\/span>\u00a0: Persistant \u00e0 l&rsquo;int\u00e9rieur, caduque dehors.\u00a0<span style=\"text-decoration: underline;\">Rusticit\u00e9 USDA<\/span> : Zone 9 (-6.7\u00b0C\/-1.1\u00b0C) en le gardant au sec en hiver.<\/p>","protected":false},"featured_media":31249,"template":"","meta":{"site-sidebar-layout":"default","site-content-layout":"default","ast-global-header-display":"","ast-main-header-display":"","ast-hfb-above-header-display":"","ast-hfb-below-header-display":"","ast-hfb-mobile-header-display":"","site-post-title":"","ast-breadcrumbs-content":"","ast-featured-img":"","footer-sml-layout":"","theme-transparent-header-meta":"default","adv-header-id-meta":"","stick-header-meta":"default","header-above-stick-meta":"","header-main-stick-meta":"","header-below-stick-meta":""},"product_cat":[537,551,552],"product_tag":[522,556,558,534,557],"class_list":["post-31224","product","type-product","status-publish","has-post-thumbnail","hentry","product_cat-autres-plantes","product_cat-autres-plantes-d-interieur","product_cat-autres-plantes-pour-climat-doux","product_tag-plantes-famille-commelinacees","product_tag-plantes-pour-interieur","product_tag-plantes-pour-climats-doux","product_tag-plantes-pour-ombre-seche","product_tag-plantes-pour-terrarium","pa_taille-du-pot-pot-12-14-cm-diametre","desktop-align-center","tablet-align-center","mobile-align-center","ast-product-gallery-layout-horizontal","ast-product-gallery-with-no-image","ast-product-single-variable","ast-product-tabs-layout-horizontal","ast-qv-on-image"],"_links":{"self":[{"href":"https:\/\/staging.pepiniereezavin.com\/en\/wp-json\/wp\/v2\/product\/31224","targetHints":{"allow":["GET"]}}],"collection":[{"href":"https:\/\/staging.pepiniereezavin.com\/en\/wp-json\/wp\/v2\/product"}],"about":[{"href":"https:\/\/staging.pepiniereezavin.com\/en\/wp-json\/wp\/v2\/types\/product"}],"wp:featuredmedia":[{"embeddable":true,"href":"https:\/\/staging.pepiniereezavin.com\/en\/wp-json\/wp\/v2\/media\/31249"}],"wp:attachment":[{"href":"https:\/\/staging.pepiniereezavin.com\/en\/wp-json\/wp\/v2\/media?parent=31224"}],"wp:term":[{"taxonomy":"product_cat","embeddable":true,"href":"https:\/\/staging.pepiniereezavin.com\/en\/wp-json\/wp\/v2\/product_cat?post=31224"},{"taxonomy":"product_tag","embeddable":true,"href":"https:\/\/staging.pepiniereezavin.com\/en\/wp-json\/wp\/v2\/product_tag?post=31224"}],"curies":[{"name":"wp","href":"https:\/\/api.w.org\/{rel}","templated":true}]}}