{"id":31226,"date":"2021-12-09T23:10:58","date_gmt":"2021-12-09T22:10:58","guid":{"rendered":"https:\/\/pepiniereezavin.fr\/?post_type=product&#038;p=31226"},"modified":"2022-06-15T11:11:44","modified_gmt":"2022-06-15T09:11:44","slug":"aichryson-laxum","status":"publish","type":"product","link":"https:\/\/staging.pepiniereezavin.com\/en\/product\/aichryson-laxum\/","title":{"rendered":"Aichryson laxum"},"content":{"rendered":"<p><!--more-->Originaire de l&rsquo;archipel des Canaries, cette curieuse (et atypique) plante grasse (Crassulaceae) pousse dans les cascades et sur les rochers suintants en sous bois. Les fleurs jaunes apparaissent en \u00e9t\u00e9, en inflorescences denses. Les feuilles sont couvertes d&rsquo;un d\u00e9licat duvet, tr\u00e8s esth\u00e9tique. Supporte bien des passages secs en \u00e9t\u00e9. Nous la prot\u00e9geons du gel par un voile.<\/p>\n<p><span style=\"text-decoration: underline;\">Hauteur adulte<\/span>\u00a0: 10\/20. Port retombant ou rampant s&rsquo;il est au sol. <span style=\"text-decoration: underline;\">Origine g\u00e9ographique<\/span>\u00a0: Iles Canaries (T\u00e9n\u00e9rife). <span style=\"text-decoration: underline;\">Persistance hiver<\/span>\u00a0: Persistant si hors gel. <span style=\"text-decoration: underline;\">Rusticit\u00e9 USDA<\/span>\u00a0: Zone 9.<\/p>","protected":false},"excerpt":{"rendered":"<p>Originaire de l&rsquo;archipel des Canaries, cette curieuse (et atypique) plante grasse (Crassulaceae) pousse dans les cascades et sur les rochers suintants en sous bois. Les fleurs jaunes apparaissent en \u00e9t\u00e9, en inflorescences denses. Les feuilles sont couvertes d&rsquo;un d\u00e9licat duvet, tr\u00e8s esth\u00e9tique. Supporte bien des passages secs en \u00e9t\u00e9. Nous la prot\u00e9geons du gel par un voile.<\/p>\n<p><span style=\"text-decoration: underline;\">Hauteur adulte<\/span>\u00a0: 10\/20. Port retombant ou rampant s&rsquo;il est au sol. <span style=\"text-decoration: underline;\">Origine g\u00e9ographique<\/span>\u00a0: Iles Canaries (T\u00e9n\u00e9rife). <span style=\"text-decoration: underline;\">Persistance hiver<\/span>\u00a0: Persistant si hors gel. <span style=\"text-decoration: underline;\">Rusticit\u00e9 USDA<\/span>\u00a0: Zone 9.<\/p>","protected":false},"featured_media":31250,"template":"","meta":{"site-sidebar-layout":"default","site-content-layout":"default","ast-global-header-display":"","ast-main-header-display":"","ast-hfb-above-header-display":"","ast-hfb-below-header-display":"","ast-hfb-mobile-header-display":"","site-post-title":"","ast-breadcrumbs-content":"","ast-featured-img":"","footer-sml-layout":"","theme-transparent-header-meta":"default","adv-header-id-meta":"","stick-header-meta":"default","header-above-stick-meta":"","header-main-stick-meta":"","header-below-stick-meta":""},"product_cat":[537,551,554,552],"product_tag":[527,530,556,558,533,557],"class_list":["post-31226","product","type-product","status-publish","has-post-thumbnail","hentry","product_cat-autres-plantes","product_cat-autres-plantes-d-interieur","product_cat-autres-plantes-pour-terrarium","product_cat-autres-plantes-pour-climat-doux","product_tag-plantes-origine-africaine","product_tag-plantes-origine-europeenne","product_tag-plantes-pour-interieur","product_tag-plantes-pour-climats-doux","product_tag-plantes-pour-mur-vegetaux","product_tag-plantes-pour-terrarium","pa_taille-du-pot-pot-10-12-cm-diametre","desktop-align-center","tablet-align-center","mobile-align-center","ast-product-gallery-layout-horizontal","ast-product-single-variable","ast-product-tabs-layout-horizontal","ast-qv-on-image"],"_links":{"self":[{"href":"https:\/\/staging.pepiniereezavin.com\/en\/wp-json\/wp\/v2\/product\/31226","targetHints":{"allow":["GET"]}}],"collection":[{"href":"https:\/\/staging.pepiniereezavin.com\/en\/wp-json\/wp\/v2\/product"}],"about":[{"href":"https:\/\/staging.pepiniereezavin.com\/en\/wp-json\/wp\/v2\/types\/product"}],"wp:featuredmedia":[{"embeddable":true,"href":"https:\/\/staging.pepiniereezavin.com\/en\/wp-json\/wp\/v2\/media\/31250"}],"wp:attachment":[{"href":"https:\/\/staging.pepiniereezavin.com\/en\/wp-json\/wp\/v2\/media?parent=31226"}],"wp:term":[{"taxonomy":"product_cat","embeddable":true,"href":"https:\/\/staging.pepiniereezavin.com\/en\/wp-json\/wp\/v2\/product_cat?post=31226"},{"taxonomy":"product_tag","embeddable":true,"href":"https:\/\/staging.pepiniereezavin.com\/en\/wp-json\/wp\/v2\/product_tag?post=31226"}],"curies":[{"name":"wp","href":"https:\/\/api.w.org\/{rel}","templated":true}]}}