{"id":31228,"date":"2021-12-09T23:10:58","date_gmt":"2021-12-09T22:10:58","guid":{"rendered":"https:\/\/pepiniereezavin.fr\/?post_type=product&#038;p=31228"},"modified":"2022-04-20T21:48:57","modified_gmt":"2022-04-20T19:48:57","slug":"hedychium-villosum-var-tenuiflorum","status":"publish","type":"product","link":"https:\/\/staging.pepiniereezavin.com\/en\/product\/hedychium-villosum-var-tenuiflorum\/","title":{"rendered":"Hedychium villosum var. tenuiflorum"},"content":{"rendered":"<p>Voici un Hedychium (gingembre d\u00e9coratif) de petite taille, 50\/60 cm de haut ici. Il fait de fines fleurs blanches en \u00e9pis terminaux, contrast\u00e9es par les bract\u00e9es rouges de chaque fleur. Sa petite taille permet de le cultiver en int\u00e9rieur lumineux ou en v\u00e9randa. Floraison automnale r\u00e9guli\u00e8re. Cette plante est un ravissement de d\u00e9licatesse, et se montre facile \u00e0 cultiver depuis 4 ans que nous la testons. Prot\u00e9ger du gel. Peut s&rsquo;adapter \u00e0 un mur v\u00e9g\u00e9tal.<\/p>\n<p><span style=\"text-decoration: underline;\">Hauteur adulte<\/span>\u00a0: 50\/60.\u00a0<span style=\"text-decoration: underline;\">Origine g\u00e9ographique<\/span>\u00a0: Inde, Chine, Vietnam, Tha\u00eflande, Malaisie.\u00a0<span style=\"text-decoration: underline;\">Persistance hiver<\/span>\u00a0: Persistant . <span style=\"text-decoration: underline;\">Rusticit\u00e9 USDA<\/span>\u00a0: Zone 9.<\/p>","protected":false},"excerpt":{"rendered":"<p>Voici un Hedychium (gingembre d\u00e9coratif) de petite taille, 50\/60 cm de haut ici. Il fait de fines fleurs blanches en \u00e9pis terminaux, contrast\u00e9es par les bract\u00e9es rouges de chaque fleur. Sa petite taille permet de le cultiver en int\u00e9rieur lumineux ou en v\u00e9randa. Floraison automnale r\u00e9guli\u00e8re. Cette plante est un ravissement de d\u00e9licatesse, et se montre facile \u00e0 cultiver depuis 4 ans que nous la testons. Prot\u00e9ger du gel. Peut s&rsquo;adapter \u00e0 un mur v\u00e9g\u00e9tal.<\/p>\n<p><span style=\"text-decoration: underline;\">Hauteur adulte<\/span>\u00a0: 50\/60.\u00a0<span style=\"text-decoration: underline;\">Origine g\u00e9ographique<\/span>\u00a0: Inde, Chine, Vietnam, Tha\u00eflande, Malaisie.\u00a0<span style=\"text-decoration: underline;\">Persistance hiver<\/span>\u00a0: Persistant . <span style=\"text-decoration: underline;\">Rusticit\u00e9 USDA<\/span>\u00a0: Zone 9.<\/p>","protected":false},"featured_media":31253,"template":"","meta":{"site-sidebar-layout":"default","site-content-layout":"default","ast-global-header-display":"","ast-main-header-display":"","ast-hfb-above-header-display":"","ast-hfb-below-header-display":"","ast-hfb-mobile-header-display":"","site-post-title":"","ast-breadcrumbs-content":"","ast-featured-img":"","footer-sml-layout":"","theme-transparent-header-meta":"default","adv-header-id-meta":"","stick-header-meta":"default","header-above-stick-meta":"","header-main-stick-meta":"","header-below-stick-meta":""},"product_cat":[537,551,552],"product_tag":[529,556,558,533],"class_list":["post-31228","product","type-product","status-publish","has-post-thumbnail","hentry","product_cat-autres-plantes","product_cat-autres-plantes-d-interieur","product_cat-autres-plantes-pour-climat-doux","product_tag-plantes-origine-asiatique","product_tag-plantes-pour-interieur","product_tag-plantes-pour-climats-doux","product_tag-plantes-pour-mur-vegetaux","pa_taille-du-pot-pot-12-14-cm-diametre","desktop-align-center","tablet-align-center","mobile-align-center","ast-product-gallery-layout-horizontal","ast-product-single-variable","ast-product-tabs-layout-horizontal","ast-qv-on-image"],"_links":{"self":[{"href":"https:\/\/staging.pepiniereezavin.com\/en\/wp-json\/wp\/v2\/product\/31228","targetHints":{"allow":["GET"]}}],"collection":[{"href":"https:\/\/staging.pepiniereezavin.com\/en\/wp-json\/wp\/v2\/product"}],"about":[{"href":"https:\/\/staging.pepiniereezavin.com\/en\/wp-json\/wp\/v2\/types\/product"}],"wp:featuredmedia":[{"embeddable":true,"href":"https:\/\/staging.pepiniereezavin.com\/en\/wp-json\/wp\/v2\/media\/31253"}],"wp:attachment":[{"href":"https:\/\/staging.pepiniereezavin.com\/en\/wp-json\/wp\/v2\/media?parent=31228"}],"wp:term":[{"taxonomy":"product_cat","embeddable":true,"href":"https:\/\/staging.pepiniereezavin.com\/en\/wp-json\/wp\/v2\/product_cat?post=31228"},{"taxonomy":"product_tag","embeddable":true,"href":"https:\/\/staging.pepiniereezavin.com\/en\/wp-json\/wp\/v2\/product_tag?post=31228"}],"curies":[{"name":"wp","href":"https:\/\/api.w.org\/{rel}","templated":true}]}}