{"id":31230,"date":"2021-12-09T23:10:58","date_gmt":"2021-12-09T22:10:58","guid":{"rendered":"https:\/\/pepiniereezavin.fr\/?post_type=product&#038;p=31230"},"modified":"2022-09-28T15:12:44","modified_gmt":"2022-09-28T13:12:44","slug":"pyrrosia-lingua-tachiba-koryu","status":"publish","type":"product","link":"https:\/\/staging.pepiniereezavin.com\/en\/product\/pyrrosia-lingua-tachiba-koryu\/","title":{"rendered":"Pyrrosia lingua &lsquo;Tachiba Koryu&rsquo;"},"content":{"rendered":"<p>Cette forme de Pyrrosia lingua a des marges foliaires ondul\u00e9es, et est un peu plus petite que le type. Elle correspond \u00e0 une forme \u00ab\u00a0Crispa\u00a0\u00bb. Le port est colonisant avec des rhizomes tra\u00e7ants. Si il est plant\u00e9 en ext\u00e9rieur, il formera un couvre sol \u00e9l\u00e9gant ; si gard\u00e9 en pot en int\u00e9rieur, les rhizomes sortiront du pot et retomberont sur les c\u00f4t\u00e9s, \u00e0 la mani\u00e8re des Davallia.<br \/>\nCroissance lente, comme tous les Pyrrosia, mais culture facile, sans trop arroser.<\/p>\n<p><span style=\"text-decoration: underline;\">Hauteur adulte<\/span> : 20\/40 cm. <span style=\"text-decoration: underline;\">Origine g\u00e9ographique<\/span> : horticole. <span style=\"text-decoration: underline;\">Persistance hiver<\/span> : Persistant. <span style=\"text-decoration: underline;\">Rusticit\u00e9 USDA<\/span> : Zone 8\/9.<\/p>","protected":false},"excerpt":{"rendered":"<p>Cette forme de Pyrrosia lingua a des marges foliaires ondul\u00e9es, et est un peu plus petite que le type. Elle correspond \u00e0 une forme \u00ab\u00a0Crispa\u00a0\u00bb. Le port est colonisant avec des rhizomes tra\u00e7ants. Si il est plant\u00e9 en ext\u00e9rieur, il formera un couvre sol \u00e9l\u00e9gant ; si gard\u00e9 en pot en int\u00e9rieur, les rhizomes sortiront du pot et retomberont sur les c\u00f4t\u00e9s, \u00e0 la mani\u00e8re des Davallia.<br \/>\nCroissance lente, comme tous les Pyrrosia, mais culture facile, sans trop arroser.<\/p>\n<p><span style=\"text-decoration: underline;\">Hauteur adulte<\/span>\u00a0: 20\/40 cm.\u00a0<span style=\"text-decoration: underline;\">Origine g\u00e9ographique<\/span>\u00a0: horticole.\u00a0<span style=\"text-decoration: underline;\">Persistance hiver<\/span>\u00a0: Persistant.\u00a0<span style=\"text-decoration: underline;\">Rusticit\u00e9 USDA<\/span>\u00a0: Zone 8\/9.<\/p>","protected":false},"featured_media":31255,"template":"","meta":{"site-sidebar-layout":"default","site-content-layout":"default","ast-global-header-display":"","ast-main-header-display":"","ast-hfb-above-header-display":"","ast-hfb-below-header-display":"","ast-hfb-mobile-header-display":"","site-post-title":"","ast-breadcrumbs-content":"","ast-featured-img":"","footer-sml-layout":"","theme-transparent-header-meta":"default","adv-header-id-meta":"","stick-header-meta":"default","header-above-stick-meta":"","header-main-stick-meta":"","header-below-stick-meta":""},"product_cat":[535,543,545],"product_tag":[525,526,529,556,558,559,533],"class_list":["post-31230","product","type-product","status-publish","has-post-thumbnail","hentry","product_cat-fougeres","product_cat-fougeres-interieur","product_cat-fougeres-climat-doux","product_tag-plantes-a-feuillage-coriace","product_tag-plantes-couvre-sol","product_tag-plantes-origine-asiatique","product_tag-plantes-pour-interieur","product_tag-plantes-pour-climats-doux","product_tag-plantes-pour-climats-frais","product_tag-plantes-pour-mur-vegetaux","pa_taille-du-pot-pot-12-14-cm-diametre","desktop-align-center","tablet-align-center","mobile-align-center","ast-product-gallery-layout-horizontal","ast-product-single-variable","ast-product-tabs-layout-horizontal","ast-qv-on-image"],"_links":{"self":[{"href":"https:\/\/staging.pepiniereezavin.com\/en\/wp-json\/wp\/v2\/product\/31230","targetHints":{"allow":["GET"]}}],"collection":[{"href":"https:\/\/staging.pepiniereezavin.com\/en\/wp-json\/wp\/v2\/product"}],"about":[{"href":"https:\/\/staging.pepiniereezavin.com\/en\/wp-json\/wp\/v2\/types\/product"}],"wp:featuredmedia":[{"embeddable":true,"href":"https:\/\/staging.pepiniereezavin.com\/en\/wp-json\/wp\/v2\/media\/31255"}],"wp:attachment":[{"href":"https:\/\/staging.pepiniereezavin.com\/en\/wp-json\/wp\/v2\/media?parent=31230"}],"wp:term":[{"taxonomy":"product_cat","embeddable":true,"href":"https:\/\/staging.pepiniereezavin.com\/en\/wp-json\/wp\/v2\/product_cat?post=31230"},{"taxonomy":"product_tag","embeddable":true,"href":"https:\/\/staging.pepiniereezavin.com\/en\/wp-json\/wp\/v2\/product_tag?post=31230"}],"curies":[{"name":"wp","href":"https:\/\/api.w.org\/{rel}","templated":true}]}}