{"id":31232,"date":"2021-12-09T23:10:58","date_gmt":"2021-12-09T22:10:58","guid":{"rendered":"https:\/\/pepiniereezavin.fr\/?post_type=product&#038;p=31232"},"modified":"2022-04-20T15:22:25","modified_gmt":"2022-04-20T13:22:25","slug":"quechualia-fulta","status":"publish","type":"product","link":"https:\/\/staging.pepiniereezavin.com\/en\/product\/quechualia-fulta\/","title":{"rendered":"Quechualia fulta"},"content":{"rendered":"<p>Originaire des Andes p\u00e9ruviennes et boliviennes, cette\u00a0<strong>plante grimpante<\/strong>, cousine de nos Asters, fait des branches sarmenteuses et des inflorescences retombantes de\u00a0<strong>fleurs bleues<\/strong>\u00a0au printemps. C&rsquo;est une plante\u00a0<strong>vigoureuse<\/strong>\u00a0et adapt\u00e9e au littoraux hors gel, ou en v\u00e9randa. Ils sont conserv\u00e9s juste hors gel ici. Soleil \u00e0 mi-ombre.<\/p>\n<p><span style=\"text-decoration: underline;\">Hauteur adulte<\/span>\u00a0: 200\/300\u00a0<span style=\"text-decoration: underline;\">Origine g\u00e9ographique<\/span>\u00a0: Am\u00e9rique du Sud.\u00a0<span style=\"text-decoration: underline;\">Persistance hiver<\/span>\u00a0: Semi-Persistant.\u00a0<span style=\"text-decoration: underline;\">Rusticit\u00e9 USDA<\/span>\u00a0:\u00a0Zone 10 (-1.1\u00b0C\/+4.4\u00b0C).<\/p>","protected":false},"excerpt":{"rendered":"<p>Originaire des Andes p\u00e9ruviennes et boliviennes, cette\u00a0<strong>plante grimpante<\/strong>, cousine de nos Asters, fait des branches sarmenteuses et des inflorescences retombantes de\u00a0<strong>fleurs bleues<\/strong>\u00a0au printemps. C&rsquo;est une plante\u00a0<strong>vigoureuse<\/strong>\u00a0et adapt\u00e9e au littoraux hors gel, ou en v\u00e9randa. Ils sont conserv\u00e9s juste hors gel ici. Soleil \u00e0 mi-ombre.<\/p>\n<p><span style=\"text-decoration: underline;\">Hauteur adulte<\/span>\u00a0: 200\/300\u00a0<span style=\"text-decoration: underline;\">Origine g\u00e9ographique<\/span>\u00a0: Am\u00e9rique du Sud.\u00a0<span style=\"text-decoration: underline;\">Persistance hiver<\/span>\u00a0: Semi-Persistant.\u00a0<span style=\"text-decoration: underline;\">Rusticit\u00e9 USDA<\/span>\u00a0:\u00a0Zone 10 (-1.1\u00b0C\/+4.4\u00b0C).<\/p>","protected":false},"featured_media":31257,"template":"","meta":{"site-sidebar-layout":"default","site-content-layout":"default","ast-global-header-display":"","ast-main-header-display":"","ast-hfb-above-header-display":"","ast-hfb-below-header-display":"","ast-hfb-mobile-header-display":"","site-post-title":"","ast-breadcrumbs-content":"","ast-featured-img":"","footer-sml-layout":"","theme-transparent-header-meta":"default","adv-header-id-meta":"","stick-header-meta":"default","header-above-stick-meta":"","header-main-stick-meta":"","header-below-stick-meta":""},"product_cat":[537,551,552],"product_tag":[528,556,558],"class_list":["post-31232","product","type-product","status-publish","has-post-thumbnail","hentry","product_cat-autres-plantes","product_cat-autres-plantes-d-interieur","product_cat-autres-plantes-pour-climat-doux","product_tag-plantes-origine-americaine","product_tag-plantes-pour-interieur","product_tag-plantes-pour-climats-doux","pa_taille-du-pot-pot-12-14-cm-diametre","desktop-align-center","tablet-align-center","mobile-align-center","ast-product-gallery-layout-horizontal","ast-product-single-variable","ast-product-tabs-layout-horizontal","ast-qv-on-image"],"_links":{"self":[{"href":"https:\/\/staging.pepiniereezavin.com\/en\/wp-json\/wp\/v2\/product\/31232","targetHints":{"allow":["GET"]}}],"collection":[{"href":"https:\/\/staging.pepiniereezavin.com\/en\/wp-json\/wp\/v2\/product"}],"about":[{"href":"https:\/\/staging.pepiniereezavin.com\/en\/wp-json\/wp\/v2\/types\/product"}],"wp:featuredmedia":[{"embeddable":true,"href":"https:\/\/staging.pepiniereezavin.com\/en\/wp-json\/wp\/v2\/media\/31257"}],"wp:attachment":[{"href":"https:\/\/staging.pepiniereezavin.com\/en\/wp-json\/wp\/v2\/media?parent=31232"}],"wp:term":[{"taxonomy":"product_cat","embeddable":true,"href":"https:\/\/staging.pepiniereezavin.com\/en\/wp-json\/wp\/v2\/product_cat?post=31232"},{"taxonomy":"product_tag","embeddable":true,"href":"https:\/\/staging.pepiniereezavin.com\/en\/wp-json\/wp\/v2\/product_tag?post=31232"}],"curies":[{"name":"wp","href":"https:\/\/api.w.org\/{rel}","templated":true}]}}