{"id":31234,"date":"2021-12-09T23:10:59","date_gmt":"2021-12-09T22:10:59","guid":{"rendered":"https:\/\/pepiniereezavin.fr\/?post_type=product&#038;p=31234"},"modified":"2022-09-28T08:01:46","modified_gmt":"2022-09-28T06:01:46","slug":"aspidistra-sichuanensis","status":"publish","type":"product","link":"https:\/\/staging.pepiniereezavin.com\/en\/product\/aspidistra-sichuanensis\/","title":{"rendered":"Aspidistra sichuanensis"},"content":{"rendered":"<p><em>Aspidistra sichuanensis<\/em> pr\u00e9sente des feuilles plus effil\u00e9es que <a href=\"https:\/\/staging.pepiniereezavin.com\/en\/product\/aspidistra-elatior\/\" target=\"_blank\" rel=\"noopener\"><em>Aspidistra elatior<\/em><\/a>. Le port est plus souple aussi. Les jeunes feuilles sont enserr\u00e9es dans des gaines violettes brillantes tr\u00e8s originales et visibles au printemps. Ombre \u00e0 mi-ombre. Int\u00e9rieur ou ext\u00e9rieur. Sol frais, mais supporte bien des arrosages espac\u00e9s.<\/p>\n<p><span style=\"text-decoration: underline;\">Hauteur adulte<\/span> : 40\/60. <span style=\"text-decoration: underline;\">Origine g\u00e9ographique<\/span> : Chine. <span style=\"text-decoration: underline;\">Persistance hiver<\/span> : Persistant. <span style=\"text-decoration: underline;\">Rusticit\u00e9 USDA<\/span> : Zone 8 (-12.2\u00b0C\/-6.7\u00b0C).<\/p>","protected":false},"excerpt":{"rendered":"<p><em>Aspidistra sichuanensis<\/em> pr\u00e9sente des feuilles plus effil\u00e9es que <a href=\"https:\/\/staging.pepiniereezavin.com\/en\/product\/aspidistra-elatior\/\" target=\"_blank\" rel=\"noopener\"><em>Aspidistra elatior<\/em><\/a>. Le port est plus souple aussi. Les jeunes feuilles sont enserr\u00e9es dans des gaines violettes brillantes tr\u00e8s originales et visibles au printemps. Ombre \u00e0 mi-ombre. Int\u00e9rieur ou ext\u00e9rieur. Sol frais, mais supporte bien des arrosages espac\u00e9s.<\/p>\n<p><span style=\"text-decoration: underline;\">Hauteur adulte<\/span> : 40\/60. <span style=\"text-decoration: underline;\">Origine g\u00e9ographique<\/span> : Chine. <span style=\"text-decoration: underline;\">Persistance hiver<\/span> : Persistant. <span style=\"text-decoration: underline;\">Rusticit\u00e9 USDA<\/span> : Zone 8 (-12.2\u00b0C\/-6.7\u00b0C).<\/p>","protected":false},"featured_media":31265,"template":"","meta":{"site-sidebar-layout":"default","site-content-layout":"default","ast-global-header-display":"","ast-main-header-display":"","ast-hfb-above-header-display":"","ast-hfb-below-header-display":"","ast-hfb-mobile-header-display":"","site-post-title":"","ast-breadcrumbs-content":"","ast-featured-img":"","footer-sml-layout":"","theme-transparent-header-meta":"default","adv-header-id-meta":"","stick-header-meta":"default","header-above-stick-meta":"","header-main-stick-meta":"","header-below-stick-meta":""},"product_cat":[537,551,552,553],"product_tag":[525,526,529,556,558,559,534],"class_list":["post-31234","product","type-product","status-publish","has-post-thumbnail","hentry","product_cat-autres-plantes","product_cat-autres-plantes-d-interieur","product_cat-autres-plantes-pour-climat-doux","product_cat-autres-plantes-pour-climat-frais","product_tag-plantes-a-feuillage-coriace","product_tag-plantes-couvre-sol","product_tag-plantes-origine-asiatique","product_tag-plantes-pour-interieur","product_tag-plantes-pour-climats-doux","product_tag-plantes-pour-climats-frais","product_tag-plantes-pour-ombre-seche","pa_taille-du-pot-pot-12-14-cm-diametre","desktop-align-center","tablet-align-center","mobile-align-center","ast-product-gallery-layout-horizontal","ast-product-tabs-layout-horizontal","ast-qv-on-image"],"_links":{"self":[{"href":"https:\/\/staging.pepiniereezavin.com\/en\/wp-json\/wp\/v2\/product\/31234","targetHints":{"allow":["GET"]}}],"collection":[{"href":"https:\/\/staging.pepiniereezavin.com\/en\/wp-json\/wp\/v2\/product"}],"about":[{"href":"https:\/\/staging.pepiniereezavin.com\/en\/wp-json\/wp\/v2\/types\/product"}],"wp:featuredmedia":[{"embeddable":true,"href":"https:\/\/staging.pepiniereezavin.com\/en\/wp-json\/wp\/v2\/media\/31265"}],"wp:attachment":[{"href":"https:\/\/staging.pepiniereezavin.com\/en\/wp-json\/wp\/v2\/media?parent=31234"}],"wp:term":[{"taxonomy":"product_cat","embeddable":true,"href":"https:\/\/staging.pepiniereezavin.com\/en\/wp-json\/wp\/v2\/product_cat?post=31234"},{"taxonomy":"product_tag","embeddable":true,"href":"https:\/\/staging.pepiniereezavin.com\/en\/wp-json\/wp\/v2\/product_tag?post=31234"}],"curies":[{"name":"wp","href":"https:\/\/api.w.org\/{rel}","templated":true}]}}