{"id":31277,"date":"2021-12-09T23:16:18","date_gmt":"2021-12-09T22:16:18","guid":{"rendered":"https:\/\/pepiniereezavin.fr\/?post_type=product&#038;p=31277"},"modified":"2022-06-20T10:23:39","modified_gmt":"2022-06-20T08:23:39","slug":"begonia-fagifolia","status":"publish","type":"product","link":"https:\/\/staging.pepiniereezavin.com\/en\/product\/begonia-fagifolia\/","title":{"rendered":"Begonia fagifolia"},"content":{"rendered":"<p>Ce b\u00e9gonia rampant a des feuilles tr\u00e8s nervur\u00e9es (rappelant celles du h\u00eatre selon son nom latin), couvertes de poils translucides. Les fleurs blanches en pompons apparaissent en fin d&rsquo;hiver.<br \/>\nC&rsquo;est un vigoureux couvre sol bas, ou il peut \u00eatre men\u00e9 en suspension. Culture facile. R\u00e9duire les arrosages en hiver.<br \/>\nHauteur adulte : 20\/40. Origine g\u00e9ographique : Am\u00e9rique du Sud (Br\u00e9sil). Persistance hiver : Persistant. Rusticit\u00e9 USDA : Zone 10\/11.<\/p>","protected":false},"excerpt":{"rendered":"<p>Ce b\u00e9gonia rampant a des feuilles tr\u00e8s nervur\u00e9es (rappelant celles du h\u00eatre selon son nom latin), couvertes de poils translucides. Les fleurs blanches en pompons apparaissent en fin d&rsquo;hiver.<br \/>\nC&rsquo;est un vigoureux couvre sol bas, ou il peut \u00eatre men\u00e9 en suspension. Culture facile. R\u00e9duire les arrosages en hiver.<br \/>\nHauteur adulte : 20\/40. Origine g\u00e9ographique : Am\u00e9rique du Sud (Br\u00e9sil). Persistance hiver : Persistant. Rusticit\u00e9 USDA : Zone 10\/11.<\/p>","protected":false},"featured_media":31307,"template":"","meta":{"site-sidebar-layout":"default","site-content-layout":"default","ast-global-header-display":"","ast-main-header-display":"","ast-hfb-above-header-display":"","ast-hfb-below-header-display":"","ast-hfb-mobile-header-display":"","site-post-title":"","ast-breadcrumbs-content":"","ast-featured-img":"","footer-sml-layout":"","theme-transparent-header-meta":"default","adv-header-id-meta":"","stick-header-meta":"default","header-above-stick-meta":"","header-main-stick-meta":"","header-below-stick-meta":""},"product_cat":[536,547],"product_tag":[520,526,528,556],"class_list":["post-31277","product","type-product","status-publish","has-post-thumbnail","hentry","product_cat-begonias","product_cat-begonias-interieur","product_tag-begonias-botaniques","product_tag-plantes-couvre-sol","product_tag-plantes-origine-americaine","product_tag-plantes-pour-interieur","pa_taille-du-pot-pot-12-14-cm-diametre","desktop-align-center","tablet-align-center","mobile-align-center","ast-product-gallery-layout-horizontal","ast-product-single-variable","ast-product-tabs-layout-horizontal","ast-qv-on-image"],"_links":{"self":[{"href":"https:\/\/staging.pepiniereezavin.com\/en\/wp-json\/wp\/v2\/product\/31277","targetHints":{"allow":["GET"]}}],"collection":[{"href":"https:\/\/staging.pepiniereezavin.com\/en\/wp-json\/wp\/v2\/product"}],"about":[{"href":"https:\/\/staging.pepiniereezavin.com\/en\/wp-json\/wp\/v2\/types\/product"}],"wp:featuredmedia":[{"embeddable":true,"href":"https:\/\/staging.pepiniereezavin.com\/en\/wp-json\/wp\/v2\/media\/31307"}],"wp:attachment":[{"href":"https:\/\/staging.pepiniereezavin.com\/en\/wp-json\/wp\/v2\/media?parent=31277"}],"wp:term":[{"taxonomy":"product_cat","embeddable":true,"href":"https:\/\/staging.pepiniereezavin.com\/en\/wp-json\/wp\/v2\/product_cat?post=31277"},{"taxonomy":"product_tag","embeddable":true,"href":"https:\/\/staging.pepiniereezavin.com\/en\/wp-json\/wp\/v2\/product_tag?post=31277"}],"curies":[{"name":"wp","href":"https:\/\/api.w.org\/{rel}","templated":true}]}}