{"id":31279,"date":"2021-12-09T23:16:18","date_gmt":"2021-12-09T22:16:18","guid":{"rendered":"https:\/\/pepiniereezavin.fr\/?post_type=product&#038;p=31279"},"modified":"2022-04-19T16:29:59","modified_gmt":"2022-04-19T14:29:59","slug":"begonia-cubensis","status":"publish","type":"product","link":"https:\/\/staging.pepiniereezavin.com\/en\/product\/begonia-cubensis\/","title":{"rendered":"Begonia cubensis"},"content":{"rendered":"<p>(= <em>B. plagioneuron<\/em>) Ce b\u00e9gonia buissonnant a un port \u00e9rig\u00e9. Les petites feuilles vertes satin\u00e9es et ondul\u00e9es sur les marges couvrent les tiges. La forme que nous vous proposons a des fleurs rose vif au printemps, et rose clair en \u00e9t\u00e9 et automne. Originaire de Cuba.<br \/>\nUn b\u00e9gonia buissonnant tr\u00e8s florif\u00e8re, tant qu&rsquo;il est gard\u00e9 au dessus de 10\u00b0C.<\/p>\n<p><span style=\"text-decoration: underline;\">Hauteur adulte<\/span>\u00a0: 40\/60(100).\u00a0<span style=\"text-decoration: underline;\">Origine g\u00e9ographique<\/span>\u00a0: Cuba.\u00a0<span style=\"text-decoration: underline;\">Persistance hiver<\/span>\u00a0: Persistant.\u00a0<span style=\"text-decoration: underline;\">Rusticit\u00e9 USDA<\/span>\u00a0: Zone 11 (+4.4\u00b0C\/+10\u00b0C).<\/p>","protected":false},"excerpt":{"rendered":"<p>(= <em>B. plagioneuron<\/em>) Ce b\u00e9gonia buissonnant a un port \u00e9rig\u00e9. Les petites feuilles vertes satin\u00e9es et ondul\u00e9es sur les marges couvrent les tiges. La forme que nous vous proposons a des fleurs rose vif au printemps, et rose clair en \u00e9t\u00e9 et automne. Originaire de Cuba.<br \/>\nUn b\u00e9gonia buissonnant tr\u00e8s florif\u00e8re, tant qu&rsquo;il est gard\u00e9 au dessus de 10\u00b0C.<\/p>\n<p><span style=\"text-decoration: underline;\">Hauteur adulte<\/span>\u00a0: 40\/60(100).\u00a0<span style=\"text-decoration: underline;\">Origine g\u00e9ographique<\/span>\u00a0: Cuba.\u00a0<span style=\"text-decoration: underline;\">Persistance hiver<\/span>\u00a0: Persistant.\u00a0<span style=\"text-decoration: underline;\">Rusticit\u00e9 USDA<\/span>\u00a0: Zone 11 (+4.4\u00b0C\/+10\u00b0C).<\/p>","protected":false},"featured_media":31309,"template":"","meta":{"site-sidebar-layout":"default","site-content-layout":"default","ast-global-header-display":"","ast-main-header-display":"","ast-hfb-above-header-display":"","ast-hfb-below-header-display":"","ast-hfb-mobile-header-display":"","site-post-title":"","ast-breadcrumbs-content":"","ast-featured-img":"","footer-sml-layout":"","theme-transparent-header-meta":"default","adv-header-id-meta":"","stick-header-meta":"default","header-above-stick-meta":"","header-main-stick-meta":"","header-below-stick-meta":""},"product_cat":[536,547],"product_tag":[528,556,533],"class_list":["post-31279","product","type-product","status-publish","has-post-thumbnail","hentry","product_cat-begonias","product_cat-begonias-interieur","product_tag-plantes-origine-americaine","product_tag-plantes-pour-interieur","product_tag-plantes-pour-mur-vegetaux","pa_taille-du-pot-pot-12-14-cm-diametre","desktop-align-center","tablet-align-center","mobile-align-center","ast-product-gallery-layout-horizontal","ast-product-single-variable","ast-product-tabs-layout-horizontal","ast-qv-on-image"],"_links":{"self":[{"href":"https:\/\/staging.pepiniereezavin.com\/en\/wp-json\/wp\/v2\/product\/31279","targetHints":{"allow":["GET"]}}],"collection":[{"href":"https:\/\/staging.pepiniereezavin.com\/en\/wp-json\/wp\/v2\/product"}],"about":[{"href":"https:\/\/staging.pepiniereezavin.com\/en\/wp-json\/wp\/v2\/types\/product"}],"wp:featuredmedia":[{"embeddable":true,"href":"https:\/\/staging.pepiniereezavin.com\/en\/wp-json\/wp\/v2\/media\/31309"}],"wp:attachment":[{"href":"https:\/\/staging.pepiniereezavin.com\/en\/wp-json\/wp\/v2\/media?parent=31279"}],"wp:term":[{"taxonomy":"product_cat","embeddable":true,"href":"https:\/\/staging.pepiniereezavin.com\/en\/wp-json\/wp\/v2\/product_cat?post=31279"},{"taxonomy":"product_tag","embeddable":true,"href":"https:\/\/staging.pepiniereezavin.com\/en\/wp-json\/wp\/v2\/product_tag?post=31279"}],"curies":[{"name":"wp","href":"https:\/\/api.w.org\/{rel}","templated":true}]}}