{"id":31282,"date":"2021-12-09T23:16:18","date_gmt":"2021-12-09T22:16:18","guid":{"rendered":"https:\/\/pepiniereezavin.fr\/?post_type=product&#038;p=31282"},"modified":"2022-09-28T15:10:44","modified_gmt":"2022-09-28T13:10:44","slug":"selaginella-cf-pulcherrima","status":"publish","type":"product","link":"https:\/\/staging.pepiniereezavin.com\/en\/product\/selaginella-cf-pulcherrima\/","title":{"rendered":"Selaginella cf. pulcherrima"},"content":{"rendered":"<p>Cette s\u00e9laginelle mexicaine et du Honduras pousse en rosettes dress\u00e9es, compactes, d&rsquo;environ 20 cm de diam\u00e8tre et 15\/20 cm de haut. Les rhizomes souterrains permettent \u00e0 la plante de coloniser les endroits chauds et humides en permanence. Tr\u00e8s belle plante de terrarium ou de partie basse de mur de plantes.<\/p>\n<p><span style=\"text-decoration: underline;\">Hauteur adulte<\/span> : 20\/40. <span style=\"text-decoration: underline;\">Origine g\u00e9ographique<\/span> : Am\u00e9rique centrale. Mexique, Honduras. <span style=\"text-decoration: underline;\">Persistance hiver<\/span> : Persistant. <span style=\"text-decoration: underline;\">Rusticit\u00e9 USDA<\/span> : Zone 11 (+4.4\u00b0C\/+10\u00b0C)<\/p>","protected":false},"excerpt":{"rendered":"<p>Cette s\u00e9laginelle mexicaine et du Honduras pousse en rosettes dress\u00e9es, compactes, d&rsquo;environ 20 cm de diam\u00e8tre et 15\/20 cm de haut. Les rhizomes souterrains permettent \u00e0 la plante de coloniser les endroits chauds et humides en permanence. Tr\u00e8s belle plante de terrarium ou de partie basse de mur de plantes.<\/p>\n<p><span style=\"text-decoration: underline;\">Hauteur adulte<\/span> : 20\/40. <span style=\"text-decoration: underline;\">Origine g\u00e9ographiqu<\/span>e : Am\u00e9rique centrale. Mexique, Honduras. P<span style=\"text-decoration: underline;\">ersistance hiver<\/span> : Persistant. <span style=\"text-decoration: underline;\">Rusticit\u00e9 USDA<\/span> : Zone 11 (+4.4\u00b0C\/+10\u00b0C)<\/p>","protected":false},"featured_media":31311,"template":"","meta":{"site-sidebar-layout":"default","site-content-layout":"default","ast-global-header-display":"","ast-main-header-display":"","ast-hfb-above-header-display":"","ast-hfb-below-header-display":"","ast-hfb-mobile-header-display":"","site-post-title":"","ast-breadcrumbs-content":"","ast-featured-img":"","footer-sml-layout":"","theme-transparent-header-meta":"default","adv-header-id-meta":"","stick-header-meta":"default","header-above-stick-meta":"","header-main-stick-meta":"","header-below-stick-meta":""},"product_cat":[535,543,544],"product_tag":[528,556,533,557],"class_list":["post-31282","product","type-product","status-publish","has-post-thumbnail","hentry","product_cat-fougeres","product_cat-fougeres-interieur","product_cat-fougeres-terrarium","product_tag-plantes-origine-americaine","product_tag-plantes-pour-interieur","product_tag-plantes-pour-mur-vegetaux","product_tag-plantes-pour-terrarium","pa_taille-du-pot-pot-12-14-cm-diametre","desktop-align-center","tablet-align-center","mobile-align-center","ast-product-gallery-layout-horizontal","ast-product-single-variable","ast-product-tabs-layout-horizontal","ast-qv-on-image"],"_links":{"self":[{"href":"https:\/\/staging.pepiniereezavin.com\/en\/wp-json\/wp\/v2\/product\/31282","targetHints":{"allow":["GET"]}}],"collection":[{"href":"https:\/\/staging.pepiniereezavin.com\/en\/wp-json\/wp\/v2\/product"}],"about":[{"href":"https:\/\/staging.pepiniereezavin.com\/en\/wp-json\/wp\/v2\/types\/product"}],"wp:featuredmedia":[{"embeddable":true,"href":"https:\/\/staging.pepiniereezavin.com\/en\/wp-json\/wp\/v2\/media\/31311"}],"wp:attachment":[{"href":"https:\/\/staging.pepiniereezavin.com\/en\/wp-json\/wp\/v2\/media?parent=31282"}],"wp:term":[{"taxonomy":"product_cat","embeddable":true,"href":"https:\/\/staging.pepiniereezavin.com\/en\/wp-json\/wp\/v2\/product_cat?post=31282"},{"taxonomy":"product_tag","embeddable":true,"href":"https:\/\/staging.pepiniereezavin.com\/en\/wp-json\/wp\/v2\/product_tag?post=31282"}],"curies":[{"name":"wp","href":"https:\/\/api.w.org\/{rel}","templated":true}]}}