{"id":31284,"date":"2021-12-09T23:16:18","date_gmt":"2021-12-09T22:16:18","guid":{"rendered":"https:\/\/pepiniereezavin.fr\/?post_type=product&#038;p=31284"},"modified":"2022-07-29T07:15:07","modified_gmt":"2022-07-29T05:15:07","slug":"steudnera-kerrii","status":"publish","type":"product","link":"https:\/\/staging.pepiniereezavin.com\/en\/product\/steudnera-kerrii\/","title":{"rendered":"Steudnera kerrii"},"content":{"rendered":"<p>Voici une Araceae calcicole, ramen\u00e9e du nord de la Tha\u00eflande par Patrick Blanc, qui pousse en for\u00eat \u00e0 saison s\u00e8che. Le rhizome dress\u00e9 \u00e9met une \u00e0 deux feuilles pelt\u00e9es, dont la surface est satin\u00e9e, sur lesquelles les gouttes d&rsquo;eau perlent. Magnifique! Floraison en avril. Culture ais\u00e9e, sans trop arroser, et en respectant la p\u00e9riode de repos hivernale si les temp\u00e9ratures baissent (environ 10\u00b0). Persistant si les temp\u00e9ratures restent au dessus. Plante compacte \u00e0 floraison orang\u00e9e tr\u00e8s originale.<\/p>\n<p><span style=\"text-decoration: underline;\">Hauteur adulte<\/span>\u00a0: 20\/40. <span style=\"text-decoration: underline;\">Origine g\u00e9ographique<\/span>\u00a0: Nord Tha\u00eflande, Nord Vietnam. <span style=\"text-decoration: underline;\">Persistance hiver<\/span>: Persistant si serre chaude, caduque en serre froide. <span style=\"text-decoration: underline;\">Rusticit\u00e9 USDA<\/span>\u00a0: Zone 10.<\/p>","protected":false},"excerpt":{"rendered":"<p>Voici une Araceae calcicole, ramen\u00e9e du nord de la Tha\u00eflande par Patrick Blanc, qui pousse en for\u00eat \u00e0 saison s\u00e8che. Le rhizome dress\u00e9 \u00e9met une \u00e0 deux feuilles pelt\u00e9es, dont la surface est satin\u00e9e, sur lesquelles les gouttes d&rsquo;eau perlent. Magnifique! Floraison en avril. Culture ais\u00e9e, sans trop arroser, et en respectant la p\u00e9riode de repos hivernale si les temp\u00e9ratures baissent (environ 10\u00b0). Persistant si les temp\u00e9ratures restent au dessus. Plante compacte \u00e0 floraison orang\u00e9e tr\u00e8s originale.<\/p>\n<p><span style=\"text-decoration: underline;\">Hauteur adulte<\/span>\u00a0: 20\/40. <span style=\"text-decoration: underline;\">Origine g\u00e9ographique<\/span>\u00a0: Nord Tha\u00eflande, Nord Vietnam. <span style=\"text-decoration: underline;\">Persistance hiver<\/span>\u00a0: Persistant si serre chaude, caduque en serre froide. <span style=\"text-decoration: underline;\">Rusticit\u00e9 USDA<\/span>\u00a0: Zone 10.<\/p>","protected":false},"featured_media":31313,"template":"","meta":{"site-sidebar-layout":"default","site-content-layout":"default","ast-global-header-display":"","ast-main-header-display":"","ast-hfb-above-header-display":"","ast-hfb-below-header-display":"","ast-hfb-mobile-header-display":"","site-post-title":"","ast-breadcrumbs-content":"","ast-featured-img":"","footer-sml-layout":"","theme-transparent-header-meta":"default","adv-header-id-meta":"","stick-header-meta":"default","header-above-stick-meta":"","header-main-stick-meta":"","header-below-stick-meta":""},"product_cat":[537,551,554],"product_tag":[529,556,533,557],"class_list":["post-31284","product","type-product","status-publish","has-post-thumbnail","hentry","product_cat-autres-plantes","product_cat-autres-plantes-d-interieur","product_cat-autres-plantes-pour-terrarium","product_tag-plantes-origine-asiatique","product_tag-plantes-pour-interieur","product_tag-plantes-pour-mur-vegetaux","product_tag-plantes-pour-terrarium","pa_taille-du-pot-pot-10-12-cm-diametre","desktop-align-center","tablet-align-center","mobile-align-center","ast-product-gallery-layout-horizontal","ast-product-single-variable","ast-product-tabs-layout-horizontal","ast-qv-on-image"],"_links":{"self":[{"href":"https:\/\/staging.pepiniereezavin.com\/en\/wp-json\/wp\/v2\/product\/31284","targetHints":{"allow":["GET"]}}],"collection":[{"href":"https:\/\/staging.pepiniereezavin.com\/en\/wp-json\/wp\/v2\/product"}],"about":[{"href":"https:\/\/staging.pepiniereezavin.com\/en\/wp-json\/wp\/v2\/types\/product"}],"wp:featuredmedia":[{"embeddable":true,"href":"https:\/\/staging.pepiniereezavin.com\/en\/wp-json\/wp\/v2\/media\/31313"}],"wp:attachment":[{"href":"https:\/\/staging.pepiniereezavin.com\/en\/wp-json\/wp\/v2\/media?parent=31284"}],"wp:term":[{"taxonomy":"product_cat","embeddable":true,"href":"https:\/\/staging.pepiniereezavin.com\/en\/wp-json\/wp\/v2\/product_cat?post=31284"},{"taxonomy":"product_tag","embeddable":true,"href":"https:\/\/staging.pepiniereezavin.com\/en\/wp-json\/wp\/v2\/product_tag?post=31284"}],"curies":[{"name":"wp","href":"https:\/\/api.w.org\/{rel}","templated":true}]}}