{"id":31301,"date":"2021-12-09T23:16:20","date_gmt":"2021-12-09T22:16:20","guid":{"rendered":"https:\/\/pepiniereezavin.fr\/?post_type=product&#038;p=31301"},"modified":"2022-08-11T17:31:41","modified_gmt":"2022-08-11T15:31:41","slug":"neolepisorus-fortunei","status":"publish","type":"product","link":"https:\/\/staging.pepiniereezavin.com\/en\/product\/neolepisorus-fortunei\/","title":{"rendered":"Neolepisorus fortunei"},"content":{"rendered":"<p>Voici une curieuse foug\u00e8re \u00e0 frondes enti\u00e8res et longuement effil\u00e9es. Elle s&rsquo;\u00e9tend par de nombreux rhizomes rampants, et r\u00e9siste bien \u00e0 des p\u00e9riodes de s\u00e9cheresse, peut-\u00eatre souvenir de son habitat \u00e9piphyte.\u00a0 Croissance tr\u00e8s vigoureuse. Id\u00e9al pour une suspension ou un mur v\u00e9g\u00e9tal.<br \/>\nHauteur adulte : 20\/40 cm. Plante d&rsquo;int\u00e9rieur et v\u00e9randa. Ext\u00e9rieur en bord de mer hors gel.<\/p>\n<p>Origine g\u00e9ographique : Chine. Persistance hiver : Persistant. Rusticit\u00e9 USDA : Zone 10 (-1.1\u00b0C\/+4.4\u00b0C)<\/p>","protected":false},"excerpt":{"rendered":"<p>Voici une curieuse foug\u00e8re \u00e0 frondes enti\u00e8res et longuement effil\u00e9es. Elle s&rsquo;\u00e9tend par de nombreux rhizomes rampants, et r\u00e9siste bien \u00e0 des p\u00e9riodes de s\u00e9cheresse, peut-\u00eatre souvenir de son habitat \u00e9piphyte.\u00a0 Croissance tr\u00e8s vigoureuse. Id\u00e9al pour une suspension ou un mur v\u00e9g\u00e9tal.<br \/>\nHauteur adulte : 20\/40 cm. Plante d&rsquo;int\u00e9rieur et v\u00e9randa. Ext\u00e9rieur en bord de mer hors gel.<\/p>\n<p>Origine g\u00e9ographique : Chine. Persistance hiver : Persistant. Rusticit\u00e9 USDA : Zone 10 (-1.1\u00b0C\/+4.4\u00b0C)<\/p>","protected":false},"featured_media":31329,"template":"","meta":{"site-sidebar-layout":"default","site-content-layout":"default","ast-global-header-display":"","ast-main-header-display":"","ast-hfb-above-header-display":"","ast-hfb-below-header-display":"","ast-hfb-mobile-header-display":"","site-post-title":"","ast-breadcrumbs-content":"","ast-featured-img":"","footer-sml-layout":"","theme-transparent-header-meta":"default","adv-header-id-meta":"","stick-header-meta":"default","header-above-stick-meta":"","header-main-stick-meta":"","header-below-stick-meta":""},"product_cat":[535,543,544,545],"product_tag":[525,529,556,533],"class_list":["post-31301","product","type-product","status-publish","has-post-thumbnail","hentry","product_cat-fougeres","product_cat-fougeres-interieur","product_cat-fougeres-terrarium","product_cat-fougeres-climat-doux","product_tag-plantes-a-feuillage-coriace","product_tag-plantes-origine-asiatique","product_tag-plantes-pour-interieur","product_tag-plantes-pour-mur-vegetaux","pa_taille-du-pot-pot-12-14-cm-diametre","desktop-align-center","tablet-align-center","mobile-align-center","ast-product-gallery-layout-horizontal","ast-product-single-variable","ast-product-tabs-layout-horizontal","ast-qv-on-image"],"_links":{"self":[{"href":"https:\/\/staging.pepiniereezavin.com\/en\/wp-json\/wp\/v2\/product\/31301","targetHints":{"allow":["GET"]}}],"collection":[{"href":"https:\/\/staging.pepiniereezavin.com\/en\/wp-json\/wp\/v2\/product"}],"about":[{"href":"https:\/\/staging.pepiniereezavin.com\/en\/wp-json\/wp\/v2\/types\/product"}],"wp:featuredmedia":[{"embeddable":true,"href":"https:\/\/staging.pepiniereezavin.com\/en\/wp-json\/wp\/v2\/media\/31329"}],"wp:attachment":[{"href":"https:\/\/staging.pepiniereezavin.com\/en\/wp-json\/wp\/v2\/media?parent=31301"}],"wp:term":[{"taxonomy":"product_cat","embeddable":true,"href":"https:\/\/staging.pepiniereezavin.com\/en\/wp-json\/wp\/v2\/product_cat?post=31301"},{"taxonomy":"product_tag","embeddable":true,"href":"https:\/\/staging.pepiniereezavin.com\/en\/wp-json\/wp\/v2\/product_tag?post=31301"}],"curies":[{"name":"wp","href":"https:\/\/api.w.org\/{rel}","templated":true}]}}