{"id":31339,"date":"2021-12-09T23:20:00","date_gmt":"2021-12-09T22:20:00","guid":{"rendered":"https:\/\/pepiniereezavin.fr\/?post_type=product&#038;p=31339"},"modified":"2022-11-14T17:37:07","modified_gmt":"2022-11-14T16:37:07","slug":"pteris-cf-dentata-naivasha","status":"publish","type":"product","link":"https:\/\/staging.pepiniereezavin.com\/en\/product\/pteris-cf-dentata-naivasha\/","title":{"rendered":"Pteris cf dentata &lsquo;Naivasha&rsquo;"},"content":{"rendered":"<p>Cette foug\u00e8re dress\u00e9e vient du Kenya, en savane. elle atteint 1m \u00e0 1.2m de haut, et forme une vigoureuse touffe de frondes vert fonc\u00e9. Parfait en serre, v\u00e9randa, ou int\u00e9rieur clair. Ext\u00e9rieur en r\u00e9gion hors gel.<\/p>\n<p><span style=\"text-decoration: underline;\">Hauteur adulte<\/span> : 100\/120. <span style=\"text-decoration: underline;\">Origine g\u00e9ographique<\/span> : Kenya, r\u00e9gion de Naivasha. <span style=\"text-decoration: underline;\">Persistance hiver<\/span> :\u00a0 persistant si hors gel. <span style=\"text-decoration: underline;\">Rusticit\u00e9 USDA<\/span> : Zone 10.<\/p>","protected":false},"excerpt":{"rendered":"<p>Cette foug\u00e8re dress\u00e9e vient du Kenya, en savane. elle atteint 1m \u00e0 1.2m de haut, et forme une vigoureuse touffe de frondes vert fonc\u00e9. Parfait en serre, v\u00e9randa, ou int\u00e9rieur clair. Ext\u00e9rieur en r\u00e9gion hors gel.<\/p>\n<p><span style=\"text-decoration: underline;\">Hauteur adulte<\/span> : 100\/120. <span style=\"text-decoration: underline;\">Origine g\u00e9ographiqu<\/span>e : Kenya, r\u00e9gion de Naivasha. <span style=\"text-decoration: underline;\">Persistance hiver<\/span> :\u00a0 persistant si hors gel. <span style=\"text-decoration: underline;\">Rusticit\u00e9 USDA<\/span> : Zone 10.<\/p>","protected":false},"featured_media":31367,"template":"","meta":{"site-sidebar-layout":"default","site-content-layout":"default","ast-global-header-display":"","ast-main-header-display":"","ast-hfb-above-header-display":"","ast-hfb-below-header-display":"","ast-hfb-mobile-header-display":"","site-post-title":"","ast-breadcrumbs-content":"","ast-featured-img":"","footer-sml-layout":"","theme-transparent-header-meta":"default","adv-header-id-meta":"","stick-header-meta":"default","header-above-stick-meta":"","header-main-stick-meta":"","header-below-stick-meta":""},"product_cat":[535,543,545],"product_tag":[527,556,558],"class_list":["post-31339","product","type-product","status-publish","has-post-thumbnail","hentry","product_cat-fougeres","product_cat-fougeres-interieur","product_cat-fougeres-climat-doux","product_tag-plantes-origine-africaine","product_tag-plantes-pour-interieur","product_tag-plantes-pour-climats-doux","pa_taille-du-pot-pot-12-14-cm-diametre","desktop-align-center","tablet-align-center","mobile-align-center","ast-product-gallery-layout-horizontal","ast-product-single-variable","ast-product-tabs-layout-horizontal","ast-qv-on-image"],"_links":{"self":[{"href":"https:\/\/staging.pepiniereezavin.com\/en\/wp-json\/wp\/v2\/product\/31339","targetHints":{"allow":["GET"]}}],"collection":[{"href":"https:\/\/staging.pepiniereezavin.com\/en\/wp-json\/wp\/v2\/product"}],"about":[{"href":"https:\/\/staging.pepiniereezavin.com\/en\/wp-json\/wp\/v2\/types\/product"}],"wp:featuredmedia":[{"embeddable":true,"href":"https:\/\/staging.pepiniereezavin.com\/en\/wp-json\/wp\/v2\/media\/31367"}],"wp:attachment":[{"href":"https:\/\/staging.pepiniereezavin.com\/en\/wp-json\/wp\/v2\/media?parent=31339"}],"wp:term":[{"taxonomy":"product_cat","embeddable":true,"href":"https:\/\/staging.pepiniereezavin.com\/en\/wp-json\/wp\/v2\/product_cat?post=31339"},{"taxonomy":"product_tag","embeddable":true,"href":"https:\/\/staging.pepiniereezavin.com\/en\/wp-json\/wp\/v2\/product_tag?post=31339"}],"curies":[{"name":"wp","href":"https:\/\/api.w.org\/{rel}","templated":true}]}}