{"id":31350,"date":"2021-12-09T23:20:01","date_gmt":"2021-12-09T22:20:01","guid":{"rendered":"https:\/\/pepiniereezavin.fr\/?post_type=product&#038;p=31350"},"modified":"2022-12-13T12:16:07","modified_gmt":"2022-12-13T11:16:07","slug":"abutilon-x-rose","status":"publish","type":"product","link":"https:\/\/staging.pepiniereezavin.com\/en\/product\/abutilon-x-rose\/","title":{"rendered":"Abutilon x &lsquo;Rose&rsquo;"},"content":{"rendered":"<p>Ce cultivar \u00e0 <strong>port dress\u00e9<\/strong> a des fleurs couleur <strong>rose bonbon.<\/strong> Ses feuilles palm\u00e9es rappellent celles de l&rsquo;\u00e9rable. Culture facile en mi-ombre ou soleil tamis\u00e9. Pr\u00e9f\u00e8re les climats doux, ou adoss\u00e9 \u00e0 un mur en r\u00e9gions plus fraiches. Convient aussi pour une v\u00e9randa ou un int\u00e9rieur clair.<\/p>\n<p>Hauteur adulte : 60\/80. Origine g\u00e9ographique : horticole. Persistance hiver : Semi-persistant. Rusticit\u00e9 USDA : Zone 8.<\/p>","protected":false},"excerpt":{"rendered":"<p>Ce cultivar \u00e0 <strong>port dress\u00e9<\/strong> a des fleurs couleur <strong>rose bonbon.<\/strong> Ses feuilles palm\u00e9es rappellent celles de l&rsquo;\u00e9rable. Culture facile en mi-ombre ou soleil tamis\u00e9. Pr\u00e9f\u00e8re les climats doux, ou adoss\u00e9 \u00e0 un mur en r\u00e9gions plus fraiches. Convient aussi pour une v\u00e9randa ou un int\u00e9rieur clair.<\/p>\n<p>Hauteur adulte : 60\/80. Origine g\u00e9ographique : horticole. Persistance hiver : Semi-persistant. Rusticit\u00e9 USDA : Zone 8.<\/p>","protected":false},"featured_media":31377,"template":"","meta":{"site-sidebar-layout":"default","site-content-layout":"default","ast-global-header-display":"","ast-main-header-display":"","ast-hfb-above-header-display":"","ast-hfb-below-header-display":"","ast-hfb-mobile-header-display":"","site-post-title":"","ast-breadcrumbs-content":"","ast-featured-img":"","footer-sml-layout":"","theme-transparent-header-meta":"default","adv-header-id-meta":"","stick-header-meta":"default","header-above-stick-meta":"","header-main-stick-meta":"","header-below-stick-meta":""},"product_cat":[537,551,552],"product_tag":[556,558,533],"class_list":["post-31350","product","type-product","status-publish","has-post-thumbnail","hentry","product_cat-autres-plantes","product_cat-autres-plantes-d-interieur","product_cat-autres-plantes-pour-climat-doux","product_tag-plantes-pour-interieur","product_tag-plantes-pour-climats-doux","product_tag-plantes-pour-mur-vegetaux","pa_taille-du-pot-pot-12-14-cm-diametre","desktop-align-center","tablet-align-center","mobile-align-center","ast-product-gallery-layout-horizontal","ast-product-tabs-layout-horizontal","ast-qv-on-image"],"_links":{"self":[{"href":"https:\/\/staging.pepiniereezavin.com\/en\/wp-json\/wp\/v2\/product\/31350","targetHints":{"allow":["GET"]}}],"collection":[{"href":"https:\/\/staging.pepiniereezavin.com\/en\/wp-json\/wp\/v2\/product"}],"about":[{"href":"https:\/\/staging.pepiniereezavin.com\/en\/wp-json\/wp\/v2\/types\/product"}],"wp:featuredmedia":[{"embeddable":true,"href":"https:\/\/staging.pepiniereezavin.com\/en\/wp-json\/wp\/v2\/media\/31377"}],"wp:attachment":[{"href":"https:\/\/staging.pepiniereezavin.com\/en\/wp-json\/wp\/v2\/media?parent=31350"}],"wp:term":[{"taxonomy":"product_cat","embeddable":true,"href":"https:\/\/staging.pepiniereezavin.com\/en\/wp-json\/wp\/v2\/product_cat?post=31350"},{"taxonomy":"product_tag","embeddable":true,"href":"https:\/\/staging.pepiniereezavin.com\/en\/wp-json\/wp\/v2\/product_tag?post=31350"}],"curies":[{"name":"wp","href":"https:\/\/api.w.org\/{rel}","templated":true}]}}