{"id":31354,"date":"2021-12-09T23:20:01","date_gmt":"2021-12-09T22:20:01","guid":{"rendered":"https:\/\/pepiniereezavin.fr\/?post_type=product&#038;p=31354"},"modified":"2023-01-02T21:37:25","modified_gmt":"2023-01-02T20:37:25","slug":"rohdea-japonica-talbot-manor","status":"publish","type":"product","link":"https:\/\/staging.pepiniereezavin.com\/en\/product\/rohdea-japonica-talbot-manor\/","title":{"rendered":"Rohdea japonica &lsquo;Talbot Manor&rsquo;"},"content":{"rendered":"<p>Voici une vari\u00e9t\u00e9 curieusement panach\u00e9e du Lis Sacr\u00e9 du Japon. Les macules blanches sont allong\u00e9es et r\u00e9parties de fa\u00e7on irr\u00e9guli\u00e8re sur le limbe des feuilles. Croissance lente, comme tous les <em>Rohdea<\/em>. Mi-ombre claire \u00e0 lumi\u00e8re tamis\u00e9e. Sol riche, drainant. Supporte bien des endroits secs (mais avec un peu d&rsquo;eau de temps en temps quand m\u00eame).<\/p>\n<p><span style=\"text-decoration: underline;\">Hauteur adulte<\/span> : 40\/60 cm. <span style=\"text-decoration: underline;\">Origine g\u00e9ographique<\/span> : horticole. <span style=\"text-decoration: underline;\">Persistance hiver<\/span> : Persistante. <span style=\"text-decoration: underline;\">Rusticit\u00e9 USDA<\/span> : Zone 8 (-12.2\u00b0C\/-6.7\u00b0C).<\/p>","protected":false},"excerpt":{"rendered":"<p>Voici une vari\u00e9t\u00e9 curieusement panach\u00e9e du Lis Sacr\u00e9 du Japon. Les macules blanches sont allong\u00e9es et r\u00e9parties de fa\u00e7on irr\u00e9guli\u00e8re sur le limbe des feuilles. Croissance lente, comme tous les\u00a0<em>Rohdea<\/em>. Mi-ombre claire \u00e0 lumi\u00e8re tamis\u00e9e. Sol riche, drainant. Supporte bien des endroits secs (mais avec un peu d&rsquo;eau de temps en temps quand m\u00eame).<\/p>\n<p><span style=\"text-decoration: underline;\">Hauteur adulte<\/span>\u00a0: 40\/60 cm.\u00a0<span style=\"text-decoration: underline;\">Origine g\u00e9ographique<\/span>\u00a0: horticole.\u00a0<span style=\"text-decoration: underline;\">Persistance hiver<\/span>\u00a0: Persistante.\u00a0<span style=\"text-decoration: underline;\">Rusticit\u00e9 USDA<\/span>\u00a0:\u00a0Zone 8 (-12.2\u00b0C\/-6.7\u00b0C).<\/p>","protected":false},"featured_media":31381,"template":"","meta":{"site-sidebar-layout":"default","site-content-layout":"default","ast-global-header-display":"","ast-main-header-display":"","ast-hfb-above-header-display":"","ast-hfb-below-header-display":"","ast-hfb-mobile-header-display":"","site-post-title":"","ast-breadcrumbs-content":"","ast-featured-img":"","footer-sml-layout":"","theme-transparent-header-meta":"default","adv-header-id-meta":"","stick-header-meta":"default","header-above-stick-meta":"","header-main-stick-meta":"","header-below-stick-meta":""},"product_cat":[537,551,552,553],"product_tag":[525,529,556,558,559,534],"class_list":["post-31354","product","type-product","status-publish","has-post-thumbnail","hentry","product_cat-autres-plantes","product_cat-autres-plantes-d-interieur","product_cat-autres-plantes-pour-climat-doux","product_cat-autres-plantes-pour-climat-frais","product_tag-plantes-a-feuillage-coriace","product_tag-plantes-origine-asiatique","product_tag-plantes-pour-interieur","product_tag-plantes-pour-climats-doux","product_tag-plantes-pour-climats-frais","product_tag-plantes-pour-ombre-seche","pa_taille-du-pot-pot-12-14-cm-diametre","desktop-align-center","tablet-align-center","mobile-align-center","ast-product-gallery-layout-horizontal","ast-product-single-variable","ast-product-tabs-layout-horizontal","ast-qv-on-image"],"_links":{"self":[{"href":"https:\/\/staging.pepiniereezavin.com\/en\/wp-json\/wp\/v2\/product\/31354","targetHints":{"allow":["GET"]}}],"collection":[{"href":"https:\/\/staging.pepiniereezavin.com\/en\/wp-json\/wp\/v2\/product"}],"about":[{"href":"https:\/\/staging.pepiniereezavin.com\/en\/wp-json\/wp\/v2\/types\/product"}],"wp:featuredmedia":[{"embeddable":true,"href":"https:\/\/staging.pepiniereezavin.com\/en\/wp-json\/wp\/v2\/media\/31381"}],"wp:attachment":[{"href":"https:\/\/staging.pepiniereezavin.com\/en\/wp-json\/wp\/v2\/media?parent=31354"}],"wp:term":[{"taxonomy":"product_cat","embeddable":true,"href":"https:\/\/staging.pepiniereezavin.com\/en\/wp-json\/wp\/v2\/product_cat?post=31354"},{"taxonomy":"product_tag","embeddable":true,"href":"https:\/\/staging.pepiniereezavin.com\/en\/wp-json\/wp\/v2\/product_tag?post=31354"}],"curies":[{"name":"wp","href":"https:\/\/api.w.org\/{rel}","templated":true}]}}