{"id":31358,"date":"2021-12-09T23:20:01","date_gmt":"2021-12-09T22:20:01","guid":{"rendered":"https:\/\/pepiniereezavin.fr\/?post_type=product&#038;p=31358"},"modified":"2022-07-29T10:30:23","modified_gmt":"2022-07-29T08:30:23","slug":"aspidistra-spek-tacular","status":"publish","type":"product","link":"https:\/\/staging.pepiniereezavin.com\/en\/product\/aspidistra-spek-tacular\/","title":{"rendered":"Aspidistra &lsquo;Spek-Tacular&rsquo;"},"content":{"rendered":"<p>Cette vari\u00e9t\u00e9 d&rsquo;<em>Aspidistra sichuanensis<\/em> plante tout de suite le d\u00e9cor avec les taches blanches qui paraissent floues, et constellent ses feuilles. De plus, sa taille \u00e9lev\u00e9e, et la finesse de ses p\u00e9tioles lui donnent une allure tr\u00e8s \u00e9l\u00e9gante. De culture facile, cet Aspidistra &lsquo;Spek-Tacular&rsquo; s&rsquo;adapte \u00e0 beaucoup d&rsquo;environnements ombrag\u00e9s, et a des besoins d&rsquo;arrosage assez faibles. Excellente plante d&rsquo;int\u00e9rieur, ou d&rsquo;ext\u00e9rieur en climat oc\u00e9anique \u00e0 m\u00e9diterran\u00e9en.<\/p>\n<p><span style=\"text-decoration: underline;\">Hauteur adulte<\/span> : 60\/80. <span style=\"text-decoration: underline;\">Origine g\u00e9ographique<\/span> : origine horticole. <span style=\"text-decoration: underline;\">Persistance hiver<\/span> : Persistant. <span style=\"text-decoration: underline;\">Rusticit\u00e9 USDA<\/span> : Zone 8.<\/p>","protected":false},"excerpt":{"rendered":"<p>Cette vari\u00e9t\u00e9 d&rsquo;<em>Aspidistra sichuanensis<\/em> plante tout de suite le d\u00e9cor avec les taches blanches qui paraissent floues, et constellent ses feuilles. De plus, sa taille \u00e9lev\u00e9e, et la finesse de ses p\u00e9tioles lui donnent une allure tr\u00e8s \u00e9l\u00e9gante. De culture facile, cet Aspidistra &lsquo;Spek-Tacular&rsquo; s&rsquo;adapte \u00e0 beaucoup d&rsquo;environnements ombrag\u00e9s, et a des besoins d&rsquo;arrosage assez faibles. Excellente plante d&rsquo;int\u00e9rieur, ou d&rsquo;ext\u00e9rieur en climat oc\u00e9anique \u00e0 m\u00e9diterran\u00e9en.<\/p>\n<p><span style=\"text-decoration: underline;\">Hauteur adulte<\/span> : 60\/80. <span style=\"text-decoration: underline;\">Origine g\u00e9ographique<\/span> : origine horticole. <span style=\"text-decoration: underline;\">Persistance hiver<\/span> : Persistant. <span style=\"text-decoration: underline;\">Rusticit\u00e9 USDA<\/span> : Zone 8.<\/p>","protected":false},"featured_media":31390,"template":"","meta":{"site-sidebar-layout":"default","site-content-layout":"default","ast-global-header-display":"","ast-main-header-display":"","ast-hfb-above-header-display":"","ast-hfb-below-header-display":"","ast-hfb-mobile-header-display":"","site-post-title":"","ast-breadcrumbs-content":"","ast-featured-img":"","footer-sml-layout":"","theme-transparent-header-meta":"default","adv-header-id-meta":"","stick-header-meta":"default","header-above-stick-meta":"","header-main-stick-meta":"","header-below-stick-meta":""},"product_cat":[537,551,552,553],"product_tag":[525,529,556,558,559,534],"class_list":["post-31358","product","type-product","status-publish","has-post-thumbnail","hentry","product_cat-autres-plantes","product_cat-autres-plantes-d-interieur","product_cat-autres-plantes-pour-climat-doux","product_cat-autres-plantes-pour-climat-frais","product_tag-plantes-a-feuillage-coriace","product_tag-plantes-origine-asiatique","product_tag-plantes-pour-interieur","product_tag-plantes-pour-climats-doux","product_tag-plantes-pour-climats-frais","product_tag-plantes-pour-ombre-seche","pa_taille-du-pot-pot-15-18-cm-diametre","desktop-align-center","tablet-align-center","mobile-align-center","ast-product-gallery-layout-horizontal","ast-product-single-variable","ast-product-tabs-layout-horizontal","ast-qv-on-image"],"_links":{"self":[{"href":"https:\/\/staging.pepiniereezavin.com\/en\/wp-json\/wp\/v2\/product\/31358","targetHints":{"allow":["GET"]}}],"collection":[{"href":"https:\/\/staging.pepiniereezavin.com\/en\/wp-json\/wp\/v2\/product"}],"about":[{"href":"https:\/\/staging.pepiniereezavin.com\/en\/wp-json\/wp\/v2\/types\/product"}],"wp:featuredmedia":[{"embeddable":true,"href":"https:\/\/staging.pepiniereezavin.com\/en\/wp-json\/wp\/v2\/media\/31390"}],"wp:attachment":[{"href":"https:\/\/staging.pepiniereezavin.com\/en\/wp-json\/wp\/v2\/media?parent=31358"}],"wp:term":[{"taxonomy":"product_cat","embeddable":true,"href":"https:\/\/staging.pepiniereezavin.com\/en\/wp-json\/wp\/v2\/product_cat?post=31358"},{"taxonomy":"product_tag","embeddable":true,"href":"https:\/\/staging.pepiniereezavin.com\/en\/wp-json\/wp\/v2\/product_tag?post=31358"}],"curies":[{"name":"wp","href":"https:\/\/api.w.org\/{rel}","templated":true}]}}