{"id":31360,"date":"2021-12-09T23:20:02","date_gmt":"2021-12-09T22:20:02","guid":{"rendered":"https:\/\/pepiniereezavin.fr\/?post_type=product&#038;p=31360"},"modified":"2022-07-29T14:17:18","modified_gmt":"2022-07-29T12:17:18","slug":"aspidistra-elatior-snow-cap","status":"publish","type":"product","link":"https:\/\/staging.pepiniereezavin.com\/en\/product\/aspidistra-elatior-snow-cap\/","title":{"rendered":"Aspidistra elatior &lsquo;Snow Cap&rsquo;"},"content":{"rendered":"<p>Cette vari\u00e9t\u00e9 d&rsquo;Aspidistra est proche de la forme sauvage d&rsquo;Aspidistra elatior, mais l&rsquo;extr\u00e9mit\u00e9 de ses feuilles est flamm\u00e9e de blanc. De culture facile, cet Aspidistra &lsquo;Snow-Cap&rsquo; s&rsquo;adapte \u00e0 beaucoup d&rsquo;environnements ombrag\u00e9s, et a des besoins d&rsquo;arrosage assez faibles. Excellente plante d&rsquo;int\u00e9rieur, ou d&rsquo;ext\u00e9rieur en climat oc\u00e9anique \u00e0 m\u00e9diterran\u00e9en.<\/p>\n<p><span style=\"text-decoration: underline;\">Hauteur adulte<\/span> : 60\/80. <span style=\"text-decoration: underline;\">Origine g\u00e9ographique<\/span> : Origine horticole. <span style=\"text-decoration: underline;\">Persistance hiver<\/span> : Persistant. <span style=\"text-decoration: underline;\">Rusticit\u00e9 USDA<\/span> : Zone 8.<\/p>","protected":false},"excerpt":{"rendered":"<p>Cette vari\u00e9t\u00e9 d&rsquo;Aspidistra est proche de la forme sauvage d&rsquo;Aspidistra elatior, mais l&rsquo;extr\u00e9mit\u00e9 de ses feuilles est flamm\u00e9e de blanc. De culture facile, cet Aspidistra &lsquo;Snow-Cap&rsquo; s&rsquo;adapte \u00e0 beaucoup d&rsquo;environnements ombrag\u00e9s, et a des besoins d&rsquo;arrosage assez faibles. Excellente plante d&rsquo;int\u00e9rieur, ou d&rsquo;ext\u00e9rieur en climat oc\u00e9anique \u00e0 m\u00e9diterran\u00e9en.<\/p>\n<p><span style=\"text-decoration: underline;\">Hauteur adulte<\/span> : 60\/80. <span style=\"text-decoration: underline;\">Origine g\u00e9ographique<\/span> : Origine horticole. <span style=\"text-decoration: underline;\">Persistance hiver<\/span> : Persistant. <span style=\"text-decoration: underline;\">Rusticit\u00e9 USDA<\/span> : Zone 8.<\/p>","protected":false},"featured_media":31393,"template":"","meta":{"site-sidebar-layout":"default","site-content-layout":"default","ast-global-header-display":"","ast-main-header-display":"","ast-hfb-above-header-display":"","ast-hfb-below-header-display":"","ast-hfb-mobile-header-display":"","site-post-title":"","ast-breadcrumbs-content":"","ast-featured-img":"","footer-sml-layout":"","theme-transparent-header-meta":"default","adv-header-id-meta":"","stick-header-meta":"default","header-above-stick-meta":"","header-main-stick-meta":"","header-below-stick-meta":""},"product_cat":[537,551,552,553],"product_tag":[525,529,556,558,559,534],"class_list":["post-31360","product","type-product","status-publish","has-post-thumbnail","hentry","product_cat-autres-plantes","product_cat-autres-plantes-d-interieur","product_cat-autres-plantes-pour-climat-doux","product_cat-autres-plantes-pour-climat-frais","product_tag-plantes-a-feuillage-coriace","product_tag-plantes-origine-asiatique","product_tag-plantes-pour-interieur","product_tag-plantes-pour-climats-doux","product_tag-plantes-pour-climats-frais","product_tag-plantes-pour-ombre-seche","pa_taille-du-pot-pot-12-14-cm-diametre","desktop-align-center","tablet-align-center","mobile-align-center","ast-product-gallery-layout-horizontal","ast-product-single-variable","ast-product-tabs-layout-horizontal","ast-qv-on-image"],"_links":{"self":[{"href":"https:\/\/staging.pepiniereezavin.com\/en\/wp-json\/wp\/v2\/product\/31360","targetHints":{"allow":["GET"]}}],"collection":[{"href":"https:\/\/staging.pepiniereezavin.com\/en\/wp-json\/wp\/v2\/product"}],"about":[{"href":"https:\/\/staging.pepiniereezavin.com\/en\/wp-json\/wp\/v2\/types\/product"}],"wp:featuredmedia":[{"embeddable":true,"href":"https:\/\/staging.pepiniereezavin.com\/en\/wp-json\/wp\/v2\/media\/31393"}],"wp:attachment":[{"href":"https:\/\/staging.pepiniereezavin.com\/en\/wp-json\/wp\/v2\/media?parent=31360"}],"wp:term":[{"taxonomy":"product_cat","embeddable":true,"href":"https:\/\/staging.pepiniereezavin.com\/en\/wp-json\/wp\/v2\/product_cat?post=31360"},{"taxonomy":"product_tag","embeddable":true,"href":"https:\/\/staging.pepiniereezavin.com\/en\/wp-json\/wp\/v2\/product_tag?post=31360"}],"curies":[{"name":"wp","href":"https:\/\/api.w.org\/{rel}","templated":true}]}}