{"id":31404,"date":"2021-12-09T23:37:34","date_gmt":"2021-12-09T22:37:34","guid":{"rendered":"https:\/\/pepiniereezavin.fr\/?post_type=product&#038;p=31404"},"modified":"2022-05-02T17:29:19","modified_gmt":"2022-05-02T15:29:19","slug":"begonia-fuchsioides","status":"publish","type":"product","link":"https:\/\/staging.pepiniereezavin.com\/en\/product\/begonia-fuchsioides\/","title":{"rendered":"Begonia fuchsioides"},"content":{"rendered":"<p>Ce Begonia bambusiforme \u00e9met\u00a0de nombreuses\u00a0tiges\u00a0et forme un \u00e9l\u00e9gant buisson dress\u00e9, se couvrant de fleurs roses pendantes au bout des branches. Avec le temps il prend une forme\u00a0\u00e9vas\u00e9e\u00a0de toute beaut\u00e9. B\u00e9gonia de v\u00e9randa, d&rsquo;int\u00e9rieur, ou d&rsquo;ext\u00e9rieur en climat doux.<\/p>\n<p><span style=\"text-decoration: underline;\">Hauteur adulte\u00a0<\/span>: 40\/60 (80).\u00a0<span style=\"text-decoration: underline;\">Origine g\u00e9ographique\u00a0<\/span>: Am\u00e9rique du Sud.\u00a0<span style=\"text-decoration: underline;\">Persistance hiver\u00a0<\/span>: Persistant.\u00a0<span style=\"text-decoration: underline;\">Rusticit\u00e9 USDA\u00a0<\/span>: Zone 11 (+4.4\u00b0C\/+10\u00b0C).<\/p>","protected":false},"excerpt":{"rendered":"<p>Ce Begonia bambusiforme \u00e9met\u00a0de nombreuses tiges\u00a0et forme un \u00e9l\u00e9gant buisson dress\u00e9, se couvrant de fleurs roses pendantes au bout des branches. Avec le temps il prend une forme\u00a0\u00e9vas\u00e9e de toute beaut\u00e9. B\u00e9gonia de v\u00e9randa, d&rsquo;int\u00e9rieur, ou d&rsquo;ext\u00e9rieur en climat doux.<\/p>\n<p><span style=\"text-decoration: underline;\">Hauteur adulte\u00a0<\/span>: 40\/60 (80).\u00a0<span style=\"text-decoration: underline;\">Origine g\u00e9ographique\u00a0<\/span>: Am\u00e9rique du Sud.\u00a0<span style=\"text-decoration: underline;\">Persistance hiver\u00a0<\/span>: Persistant.\u00a0<span style=\"text-decoration: underline;\">Rusticit\u00e9 USDA\u00a0<\/span>: Zone 11 (+4.4\u00b0C\/+10\u00b0C).<\/p>","protected":false},"featured_media":31434,"template":"","meta":{"site-sidebar-layout":"default","site-content-layout":"default","ast-global-header-display":"","ast-main-header-display":"","ast-hfb-above-header-display":"","ast-hfb-below-header-display":"","ast-hfb-mobile-header-display":"","site-post-title":"","ast-breadcrumbs-content":"","ast-featured-img":"","footer-sml-layout":"","theme-transparent-header-meta":"default","adv-header-id-meta":"","stick-header-meta":"default","header-above-stick-meta":"","header-main-stick-meta":"","header-below-stick-meta":""},"product_cat":[536,547],"product_tag":[520,528,556],"class_list":["post-31404","product","type-product","status-publish","has-post-thumbnail","hentry","product_cat-begonias","product_cat-begonias-interieur","product_tag-begonias-botaniques","product_tag-plantes-origine-americaine","product_tag-plantes-pour-interieur","pa_taille-du-pot-pot-12-14-cm-diametre","desktop-align-center","tablet-align-center","mobile-align-center","ast-product-gallery-layout-horizontal","ast-product-single-variable","ast-product-tabs-layout-horizontal","ast-qv-on-image"],"_links":{"self":[{"href":"https:\/\/staging.pepiniereezavin.com\/en\/wp-json\/wp\/v2\/product\/31404","targetHints":{"allow":["GET"]}}],"collection":[{"href":"https:\/\/staging.pepiniereezavin.com\/en\/wp-json\/wp\/v2\/product"}],"about":[{"href":"https:\/\/staging.pepiniereezavin.com\/en\/wp-json\/wp\/v2\/types\/product"}],"wp:featuredmedia":[{"embeddable":true,"href":"https:\/\/staging.pepiniereezavin.com\/en\/wp-json\/wp\/v2\/media\/31434"}],"wp:attachment":[{"href":"https:\/\/staging.pepiniereezavin.com\/en\/wp-json\/wp\/v2\/media?parent=31404"}],"wp:term":[{"taxonomy":"product_cat","embeddable":true,"href":"https:\/\/staging.pepiniereezavin.com\/en\/wp-json\/wp\/v2\/product_cat?post=31404"},{"taxonomy":"product_tag","embeddable":true,"href":"https:\/\/staging.pepiniereezavin.com\/en\/wp-json\/wp\/v2\/product_tag?post=31404"}],"curies":[{"name":"wp","href":"https:\/\/api.w.org\/{rel}","templated":true}]}}