{"id":31412,"date":"2021-12-09T23:37:35","date_gmt":"2021-12-09T22:37:35","guid":{"rendered":"https:\/\/pepiniereezavin.fr\/?post_type=product&#038;p=31412"},"modified":"2022-08-11T23:19:22","modified_gmt":"2022-08-11T21:19:22","slug":"pyrrosia-linearifolia-urakoryu-jishi","status":"publish","type":"product","link":"https:\/\/staging.pepiniereezavin.com\/en\/product\/pyrrosia-linearifolia-urakoryu-jishi\/","title":{"rendered":"Pyrrosia linearifolia &lsquo;Urakoryu Jishi&rsquo;"},"content":{"rendered":"<p>Foug\u00e8re en touffe dense, \u00e0 frondes lin\u00e9aires. L&rsquo;extr\u00e9mit\u00e9 des frondes est divis\u00e9 et recourb\u00e9. Les poils \u00e9toil\u00e9s sont nombreux sur les deux faces. Croissance lente (comme tous les Pyrrosia). Jamais test\u00e9 en ext\u00e9rieur. C&rsquo;est une magnifique et tr\u00e8s \u00e9tonnante plante, parfois pas identifi\u00e9e comme une foug\u00e8re de prime abord.<br \/>\nPour connaisseurs! En int\u00e9rieur lumineux, en v\u00e9randa, ou en terrarium, et toujours avec forte hygrom\u00e9trie.<br \/>\n<span style=\"text-decoration: underline;\">Hauteur adulte<\/span> : 10 cm. <span style=\"text-decoration: underline;\">Origine g\u00e9ographique <\/span>: vari\u00e9t\u00e9 horticole japonaise. <span style=\"text-decoration: underline;\">Persistance hiver<\/span> : Persistant. <span style=\"text-decoration: underline;\">Rusticit\u00e9 USDA<\/span> : Zone 11 (+4.4\u00b0C\/+10\u00b0C), jamais test\u00e9 dehors.<\/p>","protected":false},"excerpt":{"rendered":"<p>Foug\u00e8re en touffe dense, \u00e0 frondes\u00a0lin\u00e9aires. L&rsquo;extr\u00e9mit\u00e9 des frondes est divis\u00e9 et recourb\u00e9. Les poils \u00e9toil\u00e9s sont nombreux sur les deux faces. Croissance lente (comme tous les Pyrrosia). Jamais test\u00e9 en ext\u00e9rieur. C&rsquo;est une magnifique et tr\u00e8s \u00e9tonnante plante, parfois pas identifi\u00e9e comme une foug\u00e8re de prime abord.<br \/>\nPour connaisseurs! En int\u00e9rieur lumineux, en v\u00e9randa, ou en terrarium, et toujours avec forte hygrom\u00e9trie.<br \/>\n<span style=\"text-decoration: underline;\">Hauteur adulte<\/span>\u00a0: 10 cm.\u00a0<span style=\"text-decoration: underline;\">Origine g\u00e9ographique\u00a0<\/span>: vari\u00e9t\u00e9 horticole japonaise.\u00a0<span style=\"text-decoration: underline;\">Persistance hiver<\/span>\u00a0: Persistant.\u00a0<span style=\"text-decoration: underline;\">Rusticit\u00e9 USDA<\/span>\u00a0: Zone 11 (+4.4\u00b0C\/+10\u00b0C), jamais test\u00e9 dehors.<\/p>","protected":false},"featured_media":31446,"template":"","meta":{"site-sidebar-layout":"default","site-content-layout":"default","ast-global-header-display":"","ast-main-header-display":"","ast-hfb-above-header-display":"","ast-hfb-below-header-display":"","ast-hfb-mobile-header-display":"","site-post-title":"","ast-breadcrumbs-content":"","ast-featured-img":"","footer-sml-layout":"","theme-transparent-header-meta":"default","adv-header-id-meta":"","stick-header-meta":"default","header-above-stick-meta":"","header-main-stick-meta":"","header-below-stick-meta":""},"product_cat":[535,543,544,545],"product_tag":[525,529,556,558,533,557],"class_list":["post-31412","product","type-product","status-publish","has-post-thumbnail","hentry","product_cat-fougeres","product_cat-fougeres-interieur","product_cat-fougeres-terrarium","product_cat-fougeres-climat-doux","product_tag-plantes-a-feuillage-coriace","product_tag-plantes-origine-asiatique","product_tag-plantes-pour-interieur","product_tag-plantes-pour-climats-doux","product_tag-plantes-pour-mur-vegetaux","product_tag-plantes-pour-terrarium","pa_taille-du-pot-pot-10-12-cm-diametre","desktop-align-center","tablet-align-center","mobile-align-center","ast-product-gallery-layout-horizontal","ast-product-single-variable","ast-product-tabs-layout-horizontal","ast-qv-on-image"],"_links":{"self":[{"href":"https:\/\/staging.pepiniereezavin.com\/en\/wp-json\/wp\/v2\/product\/31412","targetHints":{"allow":["GET"]}}],"collection":[{"href":"https:\/\/staging.pepiniereezavin.com\/en\/wp-json\/wp\/v2\/product"}],"about":[{"href":"https:\/\/staging.pepiniereezavin.com\/en\/wp-json\/wp\/v2\/types\/product"}],"wp:featuredmedia":[{"embeddable":true,"href":"https:\/\/staging.pepiniereezavin.com\/en\/wp-json\/wp\/v2\/media\/31446"}],"wp:attachment":[{"href":"https:\/\/staging.pepiniereezavin.com\/en\/wp-json\/wp\/v2\/media?parent=31412"}],"wp:term":[{"taxonomy":"product_cat","embeddable":true,"href":"https:\/\/staging.pepiniereezavin.com\/en\/wp-json\/wp\/v2\/product_cat?post=31412"},{"taxonomy":"product_tag","embeddable":true,"href":"https:\/\/staging.pepiniereezavin.com\/en\/wp-json\/wp\/v2\/product_tag?post=31412"}],"curies":[{"name":"wp","href":"https:\/\/api.w.org\/{rel}","templated":true}]}}