{"id":31415,"date":"2021-12-09T23:37:35","date_gmt":"2021-12-09T22:37:35","guid":{"rendered":"https:\/\/pepiniereezavin.fr\/?post_type=product&#038;p=31415"},"modified":"2022-12-06T15:11:28","modified_gmt":"2022-12-06T14:11:28","slug":"goniophlebium-subauriculatum-knightiae","status":"publish","type":"product","link":"https:\/\/staging.pepiniereezavin.com\/en\/product\/goniophlebium-subauriculatum-knightiae\/","title":{"rendered":"Goniophlebium subauriculatum &lsquo;Knightiae&rsquo;"},"content":{"rendered":"<p>(= <em>Schellolepis subauriculata &lsquo;<\/em>Knightiae<em>&lsquo;<\/em>) Cette magnifique foug\u00e8re tropicale produit des frondes retombantes pouvant atteindre 2 \u00e0 3 m. de long et 30 \u00e0 40 cm de large. La forme &lsquo;Knightiae&rsquo; est caract\u00e9ris\u00e9e par les marges frang\u00e9es des pennes lat\u00e9rales. Elles sont port\u00e9es par un rhizome tra\u00e7ant, ramifi\u00e9, couvert de poils marron fonc\u00e9 soyeux. C\u2019est une plante vigoureuse, \u00e0 installer sur mur v\u00e9g\u00e9tal ou en pot, avec, bien s\u00fbr, une position surplombante! Croissance rapide pour cette tropicale asiatique.<\/p>\n<p><span style=\"text-decoration: underline;\">Hauteur adulte<\/span>\u00a0: 200\/300. Plante grimpante \u00e0 port retombant.\u00a0<span style=\"text-decoration: underline;\">Origine g\u00e9ographique<\/span>\u00a0: origine horticole? Variation naturelle?\u00a0<span style=\"text-decoration: underline;\">Persistance hiver<\/span>\u00a0: Persistant, garder &gt;15\u00b0C, passe en repos en dessous. <span style=\"text-decoration: underline;\">Rusticit\u00e9 USDA<\/span>\u00a0: Zone 11 (+4.4\u00b0C\/+10\u00b0C).<\/p>","protected":false},"excerpt":{"rendered":"<p>(= <em>Schellolepis subauriculata &lsquo;Knightiae&rsquo;<\/em>) Cette magnifique foug\u00e8re tropicale produit des frondes retombantes pouvant atteindre 2 \u00e0 3 m. de long et 30 \u00e0 40 cm de large. La forme &lsquo;Knightiae&rsquo; est caract\u00e9ris\u00e9e par les marges frang\u00e9es des pennes lat\u00e9rales. Elles sont port\u00e9es par un rhizome tra\u00e7ant, ramifi\u00e9, couvert de poils marron fonc\u00e9 soyeux. C\u2019est une plante vigoureuse, \u00e0 installer sur mur v\u00e9g\u00e9tal ou en pot, avec, bien s\u00fbr, une position surplombante! Croissance rapide pour cette tropicale asiatique.<\/p>\n<p><span style=\"text-decoration: underline;\">Hauteur adulte<\/span>\u00a0: 200\/300. Plante grimpante \u00e0 port retombant.\u00a0<span style=\"text-decoration: underline;\">Origine g\u00e9ographique<\/span>\u00a0: origine horticole? Variation naturelle?\u00a0<span style=\"text-decoration: underline;\">Persistance hiver<\/span>\u00a0: Persistant, garder &gt;15\u00b0C, passe en repos en dessous. <span style=\"text-decoration: underline;\">Rusticit\u00e9 USDA<\/span>\u00a0: Zone 11 (+4.4\u00b0C\/+10\u00b0C).<\/p>","protected":false},"featured_media":31449,"template":"","meta":{"site-sidebar-layout":"default","site-content-layout":"default","ast-global-header-display":"","ast-main-header-display":"","ast-hfb-above-header-display":"","ast-hfb-below-header-display":"","ast-hfb-mobile-header-display":"","site-post-title":"","ast-breadcrumbs-content":"","ast-featured-img":"","footer-sml-layout":"","theme-transparent-header-meta":"default","adv-header-id-meta":"","stick-header-meta":"default","header-above-stick-meta":"","header-main-stick-meta":"","header-below-stick-meta":""},"product_cat":[535,543,545],"product_tag":[529,556,558,533],"class_list":["post-31415","product","type-product","status-publish","has-post-thumbnail","hentry","product_cat-fougeres","product_cat-fougeres-interieur","product_cat-fougeres-climat-doux","product_tag-plantes-origine-asiatique","product_tag-plantes-pour-interieur","product_tag-plantes-pour-climats-doux","product_tag-plantes-pour-mur-vegetaux","pa_taille-du-pot-pot-12-14-cm-diametre","pa_taille-du-pot-pot-15-18-cm-diametre","desktop-align-center","tablet-align-center","mobile-align-center","ast-product-gallery-layout-horizontal","ast-product-single-variable","ast-product-tabs-layout-horizontal","ast-qv-on-image"],"_links":{"self":[{"href":"https:\/\/staging.pepiniereezavin.com\/en\/wp-json\/wp\/v2\/product\/31415","targetHints":{"allow":["GET"]}}],"collection":[{"href":"https:\/\/staging.pepiniereezavin.com\/en\/wp-json\/wp\/v2\/product"}],"about":[{"href":"https:\/\/staging.pepiniereezavin.com\/en\/wp-json\/wp\/v2\/types\/product"}],"wp:featuredmedia":[{"embeddable":true,"href":"https:\/\/staging.pepiniereezavin.com\/en\/wp-json\/wp\/v2\/media\/31449"}],"wp:attachment":[{"href":"https:\/\/staging.pepiniereezavin.com\/en\/wp-json\/wp\/v2\/media?parent=31415"}],"wp:term":[{"taxonomy":"product_cat","embeddable":true,"href":"https:\/\/staging.pepiniereezavin.com\/en\/wp-json\/wp\/v2\/product_cat?post=31415"},{"taxonomy":"product_tag","embeddable":true,"href":"https:\/\/staging.pepiniereezavin.com\/en\/wp-json\/wp\/v2\/product_tag?post=31415"}],"curies":[{"name":"wp","href":"https:\/\/api.w.org\/{rel}","templated":true}]}}