{"id":31419,"date":"2021-12-09T23:37:35","date_gmt":"2021-12-09T22:37:35","guid":{"rendered":"https:\/\/pepiniereezavin.fr\/?post_type=product&#038;p=31419"},"modified":"2022-11-11T09:12:37","modified_gmt":"2022-11-11T08:12:37","slug":"kohleria-amabilis-var-bogotensis","status":"publish","type":"product","link":"https:\/\/staging.pepiniereezavin.com\/en\/product\/kohleria-amabilis-var-bogotensis\/","title":{"rendered":"Kohleria amabilis var. bogotensis"},"content":{"rendered":"<p>Les fleurs de cette esp\u00e8ce sont bicolores : le haut de la fleur est rouge, et le bas est jaune, ponctu\u00e9e de rouge sombre. Magnifique! Les feuilles sont vert clair au centre, et vert plus sombre en p\u00e9riph\u00e9rie. Tr\u00e8s vigoureux et drageonnant. Floraison automnale et hivernale de toute beaut\u00e9. A conserver en int\u00e9rieur. Peut \u00eatre hivern\u00e9 hors gel, mais cesser les arrosages en ce cas. NB. Les plantes vendues sont cultiv\u00e9es en serre froide, et passent en repos vers octobre novembre.<br \/>\n<span style=\"text-decoration: underline;\">Hauteur adulte<\/span>\u00a0: 20\/30. <span style=\"text-decoration: underline;\">Origine g\u00e9ographique<\/span>\u00a0: Am\u00e9rique du sud.\u00a0 <span style=\"text-decoration: underline;\">Persistance hiver<\/span>\u00a0: Persistant. <span style=\"text-decoration: underline;\">Rusticit\u00e9 USDA<\/span> : Zone 10 (-1.1\u00b0C\/+4.4\u00b0C)<\/p>","protected":false},"excerpt":{"rendered":"<p>Les fleurs de cette esp\u00e8ce sont bicolores : le haut de la fleur est rouge, et le bas est jaune, ponctu\u00e9e de rouge sombre. Magnifique! Les feuilles sont vert clair au centre, et vert plus sombre en p\u00e9riph\u00e9rie. Tr\u00e8s vigoureux et drageonnant. Floraison automnale et hivernale de toute beaut\u00e9. A conserver en int\u00e9rieur. Peut \u00eatre hivern\u00e9 hors gel, mais cesser les arrosages en ce cas. NB. Les plantes vendues sont cultiv\u00e9es en serre froide, et passent en repos vers octobre novembre.<br \/>\n<span style=\"text-decoration: underline;\">Hauteur adulte<\/span>\u00a0: 20\/30.\u00a0<span style=\"text-decoration: underline;\">Origine g\u00e9ographique<\/span>\u00a0: Am\u00e9rique du sud.\u00a0\u00a0<span style=\"text-decoration: underline;\">Persistance hiver<\/span>\u00a0: Persistant.\u00a0<span style=\"text-decoration: underline;\">Rusticit\u00e9 USDA<\/span>\u00a0: Zone 10 (-1.1\u00b0C\/+4.4\u00b0C)<\/p>","protected":false},"featured_media":31455,"template":"","meta":{"site-sidebar-layout":"default","site-content-layout":"default","ast-global-header-display":"","ast-main-header-display":"","ast-hfb-above-header-display":"","ast-hfb-below-header-display":"","ast-hfb-mobile-header-display":"","site-post-title":"","ast-breadcrumbs-content":"","ast-featured-img":"","footer-sml-layout":"","theme-transparent-header-meta":"default","adv-header-id-meta":"","stick-header-meta":"default","header-above-stick-meta":"","header-main-stick-meta":"","header-below-stick-meta":""},"product_cat":[537,551,552],"product_tag":[528,556,558,533],"class_list":["post-31419","product","type-product","status-publish","has-post-thumbnail","hentry","product_cat-autres-plantes","product_cat-autres-plantes-d-interieur","product_cat-autres-plantes-pour-climat-doux","product_tag-plantes-origine-americaine","product_tag-plantes-pour-interieur","product_tag-plantes-pour-climats-doux","product_tag-plantes-pour-mur-vegetaux","pa_taille-du-pot-pot-10-12-cm-diametre","desktop-align-center","tablet-align-center","mobile-align-center","ast-product-gallery-layout-horizontal","ast-product-gallery-with-no-image","ast-product-single-variable","ast-product-tabs-layout-horizontal","ast-qv-on-image"],"_links":{"self":[{"href":"https:\/\/staging.pepiniereezavin.com\/en\/wp-json\/wp\/v2\/product\/31419","targetHints":{"allow":["GET"]}}],"collection":[{"href":"https:\/\/staging.pepiniereezavin.com\/en\/wp-json\/wp\/v2\/product"}],"about":[{"href":"https:\/\/staging.pepiniereezavin.com\/en\/wp-json\/wp\/v2\/types\/product"}],"wp:featuredmedia":[{"embeddable":true,"href":"https:\/\/staging.pepiniereezavin.com\/en\/wp-json\/wp\/v2\/media\/31455"}],"wp:attachment":[{"href":"https:\/\/staging.pepiniereezavin.com\/en\/wp-json\/wp\/v2\/media?parent=31419"}],"wp:term":[{"taxonomy":"product_cat","embeddable":true,"href":"https:\/\/staging.pepiniereezavin.com\/en\/wp-json\/wp\/v2\/product_cat?post=31419"},{"taxonomy":"product_tag","embeddable":true,"href":"https:\/\/staging.pepiniereezavin.com\/en\/wp-json\/wp\/v2\/product_tag?post=31419"}],"curies":[{"name":"wp","href":"https:\/\/api.w.org\/{rel}","templated":true}]}}