{"id":31425,"date":"2021-12-09T23:37:36","date_gmt":"2021-12-09T22:37:36","guid":{"rendered":"https:\/\/pepiniereezavin.fr\/?post_type=product&#038;p=31425"},"modified":"2022-06-02T14:33:58","modified_gmt":"2022-06-02T12:33:58","slug":"begonia-dichotoma","status":"publish","type":"product","link":"https:\/\/staging.pepiniereezavin.com\/en\/product\/begonia-dichotoma\/","title":{"rendered":"Begonia dichotoma"},"content":{"rendered":"<p><em>Begonia dichotoma<\/em> forme un buisson dress\u00e9, avec des tiges bambusiformes \u00e9paisses. Les feuilles largement ovales sont anguleuses. Luxuriance du feuillage vert tendre, et tiges robustes. Fleurs blanches en grappes automnales \u00e0 hivernales. Cette esp\u00e8ce est d&rsquo;origine tropicale (V\u00e9n\u00e9zu\u00e9la) et doit \u00eatre conserv\u00e9e en int\u00e9rieur lumineux, ou v\u00e9randa, jardin d&rsquo;hiver.<\/p>\n<p>Hauteur adulte : 80\/100. Origine g\u00e9ographique : Am\u00e9rique du sud. Persistance hiver : Persistant. Rusticit\u00e9 USDA : Zone 11 (+4.4\u00b0C\/+10\u00b0C)<\/p>","protected":false},"excerpt":{"rendered":"<p><em>Begonia dichotoma<\/em> forme un buisson dress\u00e9, avec des tiges bambusiformes \u00e9paisses. Les feuilles largement ovales sont anguleuses. Luxuriance du feuillage vert tendre, et tiges robustes. Fleurs blanches en grappes automnales \u00e0 hivernales. Cette esp\u00e8ce est d&rsquo;origine tropicale (V\u00e9n\u00e9zu\u00e9la) et doit \u00eatre conserv\u00e9e en int\u00e9rieur lumineux, ou v\u00e9randa, jardin d&rsquo;hiver.<\/p>\n<p>Hauteur adulte : 80\/100. Origine g\u00e9ographique : Am\u00e9rique du sud. Persistance hiver : Persistant. Rusticit\u00e9 USDA : Zone 11 (+4.4\u00b0C\/+10\u00b0C)<\/p>","protected":false},"featured_media":31460,"template":"","meta":{"site-sidebar-layout":"default","site-content-layout":"default","ast-global-header-display":"","ast-main-header-display":"","ast-hfb-above-header-display":"","ast-hfb-below-header-display":"","ast-hfb-mobile-header-display":"","site-post-title":"","ast-breadcrumbs-content":"","ast-featured-img":"","footer-sml-layout":"","theme-transparent-header-meta":"default","adv-header-id-meta":"","stick-header-meta":"default","header-above-stick-meta":"","header-main-stick-meta":"","header-below-stick-meta":""},"product_cat":[536,547],"product_tag":[520,528,556],"class_list":["post-31425","product","type-product","status-publish","has-post-thumbnail","hentry","product_cat-begonias","product_cat-begonias-interieur","product_tag-begonias-botaniques","product_tag-plantes-origine-americaine","product_tag-plantes-pour-interieur","pa_taille-du-pot-pot-12-14-cm-diametre","desktop-align-center","tablet-align-center","mobile-align-center","ast-product-gallery-layout-horizontal","ast-product-single-variable","ast-product-tabs-layout-horizontal","ast-qv-on-image"],"_links":{"self":[{"href":"https:\/\/staging.pepiniereezavin.com\/en\/wp-json\/wp\/v2\/product\/31425","targetHints":{"allow":["GET"]}}],"collection":[{"href":"https:\/\/staging.pepiniereezavin.com\/en\/wp-json\/wp\/v2\/product"}],"about":[{"href":"https:\/\/staging.pepiniereezavin.com\/en\/wp-json\/wp\/v2\/types\/product"}],"wp:featuredmedia":[{"embeddable":true,"href":"https:\/\/staging.pepiniereezavin.com\/en\/wp-json\/wp\/v2\/media\/31460"}],"wp:attachment":[{"href":"https:\/\/staging.pepiniereezavin.com\/en\/wp-json\/wp\/v2\/media?parent=31425"}],"wp:term":[{"taxonomy":"product_cat","embeddable":true,"href":"https:\/\/staging.pepiniereezavin.com\/en\/wp-json\/wp\/v2\/product_cat?post=31425"},{"taxonomy":"product_tag","embeddable":true,"href":"https:\/\/staging.pepiniereezavin.com\/en\/wp-json\/wp\/v2\/product_tag?post=31425"}],"curies":[{"name":"wp","href":"https:\/\/api.w.org\/{rel}","templated":true}]}}