{"id":31427,"date":"2021-12-09T23:37:36","date_gmt":"2021-12-09T22:37:36","guid":{"rendered":"https:\/\/pepiniereezavin.fr\/?post_type=product&#038;p=31427"},"modified":"2022-04-19T18:35:00","modified_gmt":"2022-04-19T16:35:00","slug":"begonia-gehrtii","status":"publish","type":"product","link":"https:\/\/staging.pepiniereezavin.com\/en\/product\/begonia-gehrtii\/","title":{"rendered":"Begonia gehrtii"},"content":{"rendered":"<p>Ce b\u00e9gonia a une dr\u00f4le d&rsquo;allure, mi-chou mi-rhubarbe&#8230; Elle forme une touffe de feuilles gaufr\u00e9es ovales, \u00e9paisses et dures, port\u00e9es par des p\u00e9tioles poilus. Le port est dense, la floraison blanche au dessus du feuillage appara\u00eet en hiver. C&rsquo;est une plante vigoureuse, pour l&rsquo;int\u00e9rieur, v\u00e9randa ou serre, \u00e0 ne pas trop arroser, elle ne s&rsquo;en portera que mieux! Les feuilles peuvent atteindre 20 cm x 15 cm. Cette plante a \u00e9t\u00e9 d\u00e9couverte dans un jardin botanique au Br\u00e9sil, sans que l&rsquo;on soit s\u00fbr de son origine en nature.<\/p>\n<p><span style=\"text-decoration: underline;\"> Hauteur adulte\u00a0<\/span>: 20\/40. <span style=\"text-decoration: underline;\">Origine g\u00e9ographique<\/span> : Jardin botanique de Sao Paulo, Br\u00e9sil. <span style=\"text-decoration: underline;\">Persistance hiver<\/span> : Persistant. <span style=\"text-decoration: underline;\">Rusticit\u00e9 USDA<\/span> : Zone 10 (-1.1\u00b0C\/+4.4\u00b0C).<\/p>","protected":false},"excerpt":{"rendered":"<p>Ce b\u00e9gonia a une dr\u00f4le d&rsquo;allure, mi-chou mi-rhubarbe&#8230; Elle forme une touffe de feuilles gaufr\u00e9es ovales, \u00e9paisses et dures, port\u00e9es par des p\u00e9tioles poilus. Le port est dense, la floraison blanche au dessus du feuillage appara\u00eet en hiver. C&rsquo;est une plante vigoureuse, pour l&rsquo;int\u00e9rieur, v\u00e9randa ou serre, \u00e0 ne pas trop arroser, elle ne s&rsquo;en portera que mieux! Les feuilles peuvent atteindre 20 cm x 15 cm. Cette plante a \u00e9t\u00e9 d\u00e9couverte dans un jardin botanique au Br\u00e9sil, sans que l&rsquo;on soit s\u00fbr de son origine en nature.<\/p>\n<p><span style=\"text-decoration: underline;\"> Hauteur adulte\u00a0<\/span>: 20\/40. <span style=\"text-decoration: underline;\">Origine g\u00e9ographique<\/span> : Jardin botanique de Sao Paulo, Br\u00e9sil. <span style=\"text-decoration: underline;\">Persistance hiver<\/span> : Persistant. <span style=\"text-decoration: underline;\">Rusticit\u00e9 USDA<\/span> : Zone 10 (-1.1\u00b0C\/+4.4\u00b0C).<\/p>","protected":false},"featured_media":31463,"template":"","meta":{"site-sidebar-layout":"default","site-content-layout":"default","ast-global-header-display":"","ast-main-header-display":"","ast-hfb-above-header-display":"","ast-hfb-below-header-display":"","ast-hfb-mobile-header-display":"","site-post-title":"","ast-breadcrumbs-content":"","ast-featured-img":"","footer-sml-layout":"","theme-transparent-header-meta":"default","adv-header-id-meta":"","stick-header-meta":"default","header-above-stick-meta":"","header-main-stick-meta":"","header-below-stick-meta":""},"product_cat":[536,547],"product_tag":[520,525,528,556],"class_list":["post-31427","product","type-product","status-publish","has-post-thumbnail","hentry","product_cat-begonias","product_cat-begonias-interieur","product_tag-begonias-botaniques","product_tag-plantes-a-feuillage-coriace","product_tag-plantes-origine-americaine","product_tag-plantes-pour-interieur","pa_taille-du-pot-pot-12-14-cm-diametre","desktop-align-center","tablet-align-center","mobile-align-center","ast-product-gallery-layout-horizontal","ast-product-single-variable","ast-product-tabs-layout-horizontal","ast-qv-on-image"],"_links":{"self":[{"href":"https:\/\/staging.pepiniereezavin.com\/en\/wp-json\/wp\/v2\/product\/31427","targetHints":{"allow":["GET"]}}],"collection":[{"href":"https:\/\/staging.pepiniereezavin.com\/en\/wp-json\/wp\/v2\/product"}],"about":[{"href":"https:\/\/staging.pepiniereezavin.com\/en\/wp-json\/wp\/v2\/types\/product"}],"wp:featuredmedia":[{"embeddable":true,"href":"https:\/\/staging.pepiniereezavin.com\/en\/wp-json\/wp\/v2\/media\/31463"}],"wp:attachment":[{"href":"https:\/\/staging.pepiniereezavin.com\/en\/wp-json\/wp\/v2\/media?parent=31427"}],"wp:term":[{"taxonomy":"product_cat","embeddable":true,"href":"https:\/\/staging.pepiniereezavin.com\/en\/wp-json\/wp\/v2\/product_cat?post=31427"},{"taxonomy":"product_tag","embeddable":true,"href":"https:\/\/staging.pepiniereezavin.com\/en\/wp-json\/wp\/v2\/product_tag?post=31427"}],"curies":[{"name":"wp","href":"https:\/\/api.w.org\/{rel}","templated":true}]}}