{"id":31475,"date":"2021-12-10T00:09:17","date_gmt":"2021-12-09T23:09:17","guid":{"rendered":"https:\/\/pepiniereezavin.fr\/?post_type=product&#038;p=31475"},"modified":"2023-01-02T21:37:25","modified_gmt":"2023-01-02T20:37:25","slug":"rohdea-japonica-godaishu","status":"publish","type":"product","link":"https:\/\/staging.pepiniereezavin.com\/en\/product\/rohdea-japonica-godaishu\/","title":{"rendered":"Rohdea japonica &lsquo;Godaishu&rsquo;"},"content":{"rendered":"<p>Cette vari\u00e9t\u00e9 de Lys Sacr\u00e9 du Japon pr\u00e9sente des feuilles \u00e9troites et dress\u00e9es. Croissance vigoureuse, quelques panachures sur les feuillages. Et toujours la mati\u00e8re particuli\u00e8re du feuillage, plastique !<br \/>\n<span style=\"text-decoration: underline;\">Hauteur adulte<\/span> : 20\/40 cm. <span style=\"text-decoration: underline;\">Origine g\u00e9ographique<\/span> : Japon. <span style=\"text-decoration: underline;\">Persistance hiver<\/span> : Persistant. <span style=\"text-decoration: underline;\">Rusticit\u00e9 USDA<\/span> : Zone 7 (-17.8\u00b0C\/-12.2\u00b0C).<\/p>","protected":false},"excerpt":{"rendered":"<p>Cette vari\u00e9t\u00e9 de Lys Sacr\u00e9 du Japon pr\u00e9sente des feuilles \u00e9troites et dress\u00e9es. Croissance vigoureuse, quelques panachures sur les feuillages. Et toujours la mati\u00e8re particuli\u00e8re du feuillage, plastique !<br \/>\n<span style=\"text-decoration: underline;\">Hauteur adulte<\/span> : 20\/40 cm. <span style=\"text-decoration: underline;\">Origine g\u00e9ographique<\/span> : Japon. <span style=\"text-decoration: underline;\">Persistance hiver<\/span> : Persistant. <span style=\"text-decoration: underline;\">Rusticit\u00e9 USDA<\/span> : Zone 7 (-17.8\u00b0C\/-12.2\u00b0C).<\/p>","protected":false},"featured_media":31504,"template":"","meta":{"site-sidebar-layout":"default","site-content-layout":"default","ast-global-header-display":"","ast-main-header-display":"","ast-hfb-above-header-display":"","ast-hfb-below-header-display":"","ast-hfb-mobile-header-display":"","site-post-title":"","ast-breadcrumbs-content":"","ast-featured-img":"","footer-sml-layout":"","theme-transparent-header-meta":"default","adv-header-id-meta":"","stick-header-meta":"default","header-above-stick-meta":"","header-main-stick-meta":"","header-below-stick-meta":""},"product_cat":[537,551,552,553],"product_tag":[525,529,556,558,559,534],"class_list":["post-31475","product","type-product","status-publish","has-post-thumbnail","hentry","product_cat-autres-plantes","product_cat-autres-plantes-d-interieur","product_cat-autres-plantes-pour-climat-doux","product_cat-autres-plantes-pour-climat-frais","product_tag-plantes-a-feuillage-coriace","product_tag-plantes-origine-asiatique","product_tag-plantes-pour-interieur","product_tag-plantes-pour-climats-doux","product_tag-plantes-pour-climats-frais","product_tag-plantes-pour-ombre-seche","pa_taille-du-pot-pot-12-14-cm-diametre","desktop-align-center","tablet-align-center","mobile-align-center","ast-product-gallery-layout-horizontal","ast-product-gallery-with-no-image","ast-product-single-variable","ast-product-tabs-layout-horizontal","ast-qv-on-image"],"_links":{"self":[{"href":"https:\/\/staging.pepiniereezavin.com\/en\/wp-json\/wp\/v2\/product\/31475","targetHints":{"allow":["GET"]}}],"collection":[{"href":"https:\/\/staging.pepiniereezavin.com\/en\/wp-json\/wp\/v2\/product"}],"about":[{"href":"https:\/\/staging.pepiniereezavin.com\/en\/wp-json\/wp\/v2\/types\/product"}],"wp:featuredmedia":[{"embeddable":true,"href":"https:\/\/staging.pepiniereezavin.com\/en\/wp-json\/wp\/v2\/media\/31504"}],"wp:attachment":[{"href":"https:\/\/staging.pepiniereezavin.com\/en\/wp-json\/wp\/v2\/media?parent=31475"}],"wp:term":[{"taxonomy":"product_cat","embeddable":true,"href":"https:\/\/staging.pepiniereezavin.com\/en\/wp-json\/wp\/v2\/product_cat?post=31475"},{"taxonomy":"product_tag","embeddable":true,"href":"https:\/\/staging.pepiniereezavin.com\/en\/wp-json\/wp\/v2\/product_tag?post=31475"}],"curies":[{"name":"wp","href":"https:\/\/api.w.org\/{rel}","templated":true}]}}