{"id":31482,"date":"2021-12-10T00:09:18","date_gmt":"2021-12-09T23:09:18","guid":{"rendered":"https:\/\/pepiniereezavin.fr\/?post_type=product&#038;p=31482"},"modified":"2022-04-20T09:37:34","modified_gmt":"2022-04-20T07:37:34","slug":"ruscus-hypophyllum","status":"publish","type":"product","link":"https:\/\/staging.pepiniereezavin.com\/en\/product\/ruscus-hypophyllum\/","title":{"rendered":"Ruscus hypophyllum"},"content":{"rendered":"<p>Buisson toujours vert, \u00e0 branches vertes, et \u00ab\u00a0feuilles\u00a0\u00bb (= rameaux aplatis = cladodes) vert fonc\u00e9 brillantes. Le port est dress\u00e9 et dense, atteignant 1 m. de haut. Les fruits rouges port\u00e9s au centre des cladodes restent d\u00e9coratifs tout l&rsquo;hiver. Plante adapt\u00e9e aux p\u00e9riodes s\u00e8ches m\u00e9diterran\u00e9ennes. Peu d&rsquo;entretien. Convient bien en pot\u00e9e. Croissance automnale.<\/p>\n<p><span style=\"text-decoration: underline;\">Hauteur adulte<\/span> : 60\/100 cm.<span style=\"text-decoration: underline;\"> Origine g\u00e9ographique<\/span> : Europe m\u00e9diterran\u00e9enne. <span style=\"text-decoration: underline;\">Persistance hiver<\/span> :\u00a0 Persistant. <span style=\"text-decoration: underline;\">Rusticit\u00e9 USDA<\/span> : Zone 8 (-12.2\u00b0C\/-6.7\u00b0C)<\/p>","protected":false},"excerpt":{"rendered":"<p>Buisson toujours vert, \u00e0 branches vertes, et \u00ab\u00a0feuilles\u00a0\u00bb (= rameaux aplatis = cladodes) vert fonc\u00e9 brillantes. Le port est dress\u00e9 et dense, atteignant 1 m. de haut. Les fruits rouges port\u00e9s au centre des cladodes restent d\u00e9coratifs tout l&rsquo;hiver. Plante adapt\u00e9e aux p\u00e9riodes s\u00e8ches m\u00e9diterran\u00e9ennes. Peu d&rsquo;entretien. Convient bien en pot\u00e9e. Croissance automnale.<\/p>\n<p><span style=\"text-decoration: underline;\">Hauteur adulte<\/span> : 60\/100 cm. <span style=\"text-decoration: underline;\">Origine g\u00e9ographique<\/span> : Europe m\u00e9diterran\u00e9enne. <span style=\"text-decoration: underline;\">Persistance hiver<\/span> :\u00a0 Persistant. <span style=\"text-decoration: underline;\">Rusticit\u00e9 USDA<\/span> : Zone 8 (-12.2\u00b0C\/-6.7\u00b0C)<\/p>","protected":false},"featured_media":31509,"template":"","meta":{"site-sidebar-layout":"default","site-content-layout":"default","ast-global-header-display":"","ast-main-header-display":"","ast-hfb-above-header-display":"","ast-hfb-below-header-display":"","ast-hfb-mobile-header-display":"","site-post-title":"","ast-breadcrumbs-content":"","ast-featured-img":"","footer-sml-layout":"","theme-transparent-header-meta":"default","adv-header-id-meta":"","stick-header-meta":"default","header-above-stick-meta":"","header-main-stick-meta":"","header-below-stick-meta":""},"product_cat":[537,552,553],"product_tag":[525,530,558,559,534],"class_list":["post-31482","product","type-product","status-publish","has-post-thumbnail","hentry","product_cat-autres-plantes","product_cat-autres-plantes-pour-climat-doux","product_cat-autres-plantes-pour-climat-frais","product_tag-plantes-a-feuillage-coriace","product_tag-plantes-origine-europeenne","product_tag-plantes-pour-climats-doux","product_tag-plantes-pour-climats-frais","product_tag-plantes-pour-ombre-seche","pa_taille-du-pot-pot-12-14-cm-diametre","desktop-align-center","tablet-align-center","mobile-align-center","ast-product-gallery-layout-horizontal","ast-product-single-variable","ast-product-tabs-layout-horizontal","ast-qv-on-image"],"_links":{"self":[{"href":"https:\/\/staging.pepiniereezavin.com\/en\/wp-json\/wp\/v2\/product\/31482","targetHints":{"allow":["GET"]}}],"collection":[{"href":"https:\/\/staging.pepiniereezavin.com\/en\/wp-json\/wp\/v2\/product"}],"about":[{"href":"https:\/\/staging.pepiniereezavin.com\/en\/wp-json\/wp\/v2\/types\/product"}],"wp:featuredmedia":[{"embeddable":true,"href":"https:\/\/staging.pepiniereezavin.com\/en\/wp-json\/wp\/v2\/media\/31509"}],"wp:attachment":[{"href":"https:\/\/staging.pepiniereezavin.com\/en\/wp-json\/wp\/v2\/media?parent=31482"}],"wp:term":[{"taxonomy":"product_cat","embeddable":true,"href":"https:\/\/staging.pepiniereezavin.com\/en\/wp-json\/wp\/v2\/product_cat?post=31482"},{"taxonomy":"product_tag","embeddable":true,"href":"https:\/\/staging.pepiniereezavin.com\/en\/wp-json\/wp\/v2\/product_tag?post=31482"}],"curies":[{"name":"wp","href":"https:\/\/api.w.org\/{rel}","templated":true}]}}