{"id":31486,"date":"2021-12-10T00:09:18","date_gmt":"2021-12-09T23:09:18","guid":{"rendered":"https:\/\/pepiniereezavin.fr\/?post_type=product&#038;p=31486"},"modified":"2022-06-10T19:28:06","modified_gmt":"2022-06-10T17:28:06","slug":"hypolepis-dicksonioides","status":"publish","type":"product","link":"https:\/\/staging.pepiniereezavin.com\/en\/product\/hypolepis-dicksonioides\/","title":{"rendered":"Hypolepis dicksonioides"},"content":{"rendered":"<p>Si vous cherchez une <strong>foug\u00e8re g\u00e9ante<\/strong>, voici un cousin de notre foug\u00e8re aigle, qui fait d&rsquo;immenses frondes delto\u00efdes dress\u00e9es vert fonc\u00e9. <strong>Look tropical<\/strong>. Elle s&rsquo;installera tr\u00e8s bien en v\u00e9randa, o\u00f9 elle sera structurante, ou en ext\u00e9rieur en climat doux de bord de mer. Sa <strong>croissance<\/strong> est <strong>rapide<\/strong>, et elle a besoin de sol riche et frais&#8230; et d&rsquo;un gros pot!<\/p>\n<p>Hauteur adulte : 100\/200 cm. Origine g\u00e9ographique : Nouvelle-Z\u00e9lande. Persistance hiver :\u00a0 semi-persistant. Rusticit\u00e9 USDA : Zone 9 (-6.7\u00b0C\/-1.1\u00b0C) Bien pailler en hiver si elle est en ext\u00e9rieur.<\/p>","protected":false},"excerpt":{"rendered":"<p>Si vous cherchez une\u00a0<strong>foug\u00e8re g\u00e9ante<\/strong>, voici un cousin de notre foug\u00e8re aigle, qui fait d&rsquo;immenses frondes delto\u00efdes dress\u00e9es vert fonc\u00e9.\u00a0<strong>Look tropical<\/strong>. Elle s&rsquo;installera tr\u00e8s bien en v\u00e9randa, o\u00f9 elle sera structurante, ou en ext\u00e9rieur en climat doux de bord de mer. Sa\u00a0<strong>croissance<\/strong>\u00a0est\u00a0<strong>rapide<\/strong>, et elle a besoin de sol riche et frais&#8230; et d&rsquo;un gros pot!<\/p>\n<p>Hauteur adulte : 100\/200 cm. Origine g\u00e9ographique : Nouvelle-Z\u00e9lande. Persistance hiver :\u00a0 semi-persistant. Rusticit\u00e9 USDA : Zone 9 (-6.7\u00b0C\/-1.1\u00b0C) Bien pailler en hiver si elle est en ext\u00e9rieur.<\/p>","protected":false},"featured_media":31514,"template":"","meta":{"site-sidebar-layout":"default","site-content-layout":"default","ast-global-header-display":"","ast-main-header-display":"","ast-hfb-above-header-display":"","ast-hfb-below-header-display":"","ast-hfb-mobile-header-display":"","site-post-title":"","ast-breadcrumbs-content":"","ast-featured-img":"","footer-sml-layout":"","theme-transparent-header-meta":"default","adv-header-id-meta":"","stick-header-meta":"default","header-above-stick-meta":"","header-main-stick-meta":"","header-below-stick-meta":""},"product_cat":[535,543,545],"product_tag":[531,556,558],"class_list":["post-31486","product","type-product","status-publish","has-post-thumbnail","hentry","product_cat-fougeres","product_cat-fougeres-interieur","product_cat-fougeres-climat-doux","product_tag-plantes-origine-oceanienne","product_tag-plantes-pour-interieur","product_tag-plantes-pour-climats-doux","pa_taille-du-pot-pot-15-18-cm-diametre","desktop-align-center","tablet-align-center","mobile-align-center","ast-product-gallery-layout-horizontal","ast-product-single-variable","ast-product-tabs-layout-horizontal","ast-qv-on-image"],"_links":{"self":[{"href":"https:\/\/staging.pepiniereezavin.com\/en\/wp-json\/wp\/v2\/product\/31486","targetHints":{"allow":["GET"]}}],"collection":[{"href":"https:\/\/staging.pepiniereezavin.com\/en\/wp-json\/wp\/v2\/product"}],"about":[{"href":"https:\/\/staging.pepiniereezavin.com\/en\/wp-json\/wp\/v2\/types\/product"}],"wp:featuredmedia":[{"embeddable":true,"href":"https:\/\/staging.pepiniereezavin.com\/en\/wp-json\/wp\/v2\/media\/31514"}],"wp:attachment":[{"href":"https:\/\/staging.pepiniereezavin.com\/en\/wp-json\/wp\/v2\/media?parent=31486"}],"wp:term":[{"taxonomy":"product_cat","embeddable":true,"href":"https:\/\/staging.pepiniereezavin.com\/en\/wp-json\/wp\/v2\/product_cat?post=31486"},{"taxonomy":"product_tag","embeddable":true,"href":"https:\/\/staging.pepiniereezavin.com\/en\/wp-json\/wp\/v2\/product_tag?post=31486"}],"curies":[{"name":"wp","href":"https:\/\/api.w.org\/{rel}","templated":true}]}}