{"id":31493,"date":"2021-12-10T00:09:19","date_gmt":"2021-12-09T23:09:19","guid":{"rendered":"https:\/\/pepiniereezavin.fr\/?post_type=product&#038;p=31493"},"modified":"2022-07-16T17:36:55","modified_gmt":"2022-07-16T15:36:55","slug":"crinum-moorei-variegatum","status":"publish","type":"product","link":"https:\/\/staging.pepiniereezavin.com\/en\/product\/crinum-moorei-variegatum\/","title":{"rendered":"Crinum moorei &lsquo;Variegatum&rsquo;"},"content":{"rendered":"<p>C&rsquo;est la forme \u00e0 feuillage vein\u00e9 de blanc de ce cousin des Amaryllis. Les grandes fleurs blanches, l\u00e9g\u00e8rement parfum\u00e9es, sont automnales, et viennent surplomber un tr\u00e8s beau feuillage ruban\u00e9.<\/p>\n<p>Plante vigoureuse pour une ombre l\u00e9g\u00e8re. Rustique jusqu&rsquo;\u00e0 environ -8\u00b0C. (Conserver au sec en hiver).<\/p>\n<p><span style=\"text-decoration: underline;\">Hauteur adulte<\/span>\u00a0: 60\/80(100). <span style=\"text-decoration: underline;\">Origine g\u00e9ographique<\/span>\u00a0: horticole. <span style=\"text-decoration: underline;\">Persistance hiver<\/span>\u00a0: Semi-persistant. <span style=\"text-decoration: underline;\">Rusticit\u00e9 USDA<\/span>\u00a0: Zone 8\/9.<\/p>","protected":false},"excerpt":{"rendered":"<p>C&rsquo;est la forme \u00e0 feuillage vein\u00e9 de blanc de ce cousin des Amaryllis. Les grandes fleurs blanches, l\u00e9g\u00e8rement parfum\u00e9es, sont automnales, et viennent surplomber un tr\u00e8s beau feuillage ruban\u00e9.<\/p>\n<p>Plante vigoureuse pour une ombre l\u00e9g\u00e8re. Rustique jusqu&rsquo;\u00e0 environ -8\u00b0C. (Conserver au sec en hiver).<\/p>\n<p><span style=\"text-decoration: underline;\">Hauteur adulte<\/span>\u00a0: 60\/80(100). <span style=\"text-decoration: underline;\">Origine g\u00e9ographique<\/span>\u00a0: horticole. <span style=\"text-decoration: underline;\">Persistance hiver<\/span>\u00a0: Semi-persistant. <span style=\"text-decoration: underline;\">Rusticit\u00e9 USDA<\/span>\u00a0: Zone 8\/9.<\/p>","protected":false},"featured_media":31521,"template":"","meta":{"site-sidebar-layout":"default","site-content-layout":"default","ast-global-header-display":"","ast-main-header-display":"","ast-hfb-above-header-display":"","ast-hfb-below-header-display":"","ast-hfb-mobile-header-display":"","site-post-title":"","ast-breadcrumbs-content":"","ast-featured-img":"","footer-sml-layout":"","theme-transparent-header-meta":"default","adv-header-id-meta":"","stick-header-meta":"default","header-above-stick-meta":"","header-main-stick-meta":"","header-below-stick-meta":""},"product_cat":[537,551,552],"product_tag":[],"class_list":["post-31493","product","type-product","status-publish","has-post-thumbnail","hentry","product_cat-autres-plantes","product_cat-autres-plantes-d-interieur","product_cat-autres-plantes-pour-climat-doux","pa_taille-du-pot-pot-12-14-cm-diametre","desktop-align-center","tablet-align-center","mobile-align-center","ast-product-gallery-layout-horizontal","ast-product-single-variable","ast-product-tabs-layout-horizontal","ast-qv-on-image"],"_links":{"self":[{"href":"https:\/\/staging.pepiniereezavin.com\/en\/wp-json\/wp\/v2\/product\/31493","targetHints":{"allow":["GET"]}}],"collection":[{"href":"https:\/\/staging.pepiniereezavin.com\/en\/wp-json\/wp\/v2\/product"}],"about":[{"href":"https:\/\/staging.pepiniereezavin.com\/en\/wp-json\/wp\/v2\/types\/product"}],"wp:featuredmedia":[{"embeddable":true,"href":"https:\/\/staging.pepiniereezavin.com\/en\/wp-json\/wp\/v2\/media\/31521"}],"wp:attachment":[{"href":"https:\/\/staging.pepiniereezavin.com\/en\/wp-json\/wp\/v2\/media?parent=31493"}],"wp:term":[{"taxonomy":"product_cat","embeddable":true,"href":"https:\/\/staging.pepiniereezavin.com\/en\/wp-json\/wp\/v2\/product_cat?post=31493"},{"taxonomy":"product_tag","embeddable":true,"href":"https:\/\/staging.pepiniereezavin.com\/en\/wp-json\/wp\/v2\/product_tag?post=31493"}],"curies":[{"name":"wp","href":"https:\/\/api.w.org\/{rel}","templated":true}]}}