{"id":31503,"date":"2021-12-10T00:09:20","date_gmt":"2021-12-09T23:09:20","guid":{"rendered":"https:\/\/pepiniereezavin.fr\/?post_type=product&#038;p=31503"},"modified":"2022-11-13T22:13:24","modified_gmt":"2022-11-13T21:13:24","slug":"begonia-taiwaniana-var-albomaculata","status":"publish","type":"product","link":"https:\/\/staging.pepiniereezavin.com\/en\/product\/begonia-taiwaniana-var-albomaculata\/","title":{"rendered":"Begonia taiwaniana var. Albomaculata"},"content":{"rendered":"<p>Cette esp\u00e8ce native de Ta\u00efwan\u00a0est un\u00a0<strong>b\u00e9gonia bambusiforme<\/strong>\u00a0(b\u00e9gonia aile d&rsquo;ange) de petite taille, jusqu&rsquo;\u00e0 80 cm ici. Ses feuilles sont \u00e9troites, dent\u00e9es, jusqu&rsquo;\u00e0 10 cm de long ici, et sont mouchet\u00e9es de blanc, avec le revers rouge.<br \/>\nCulture facile comme b\u00e9gonia d&rsquo;int\u00e9rieur. Une lumi\u00e8re lat\u00e9rale lui permettra d&rsquo;adopter un port retombant, alors qu&rsquo;une lumi\u00e8re z\u00e9nithale permettra un port dress\u00e9.<br \/>\n<span style=\"text-decoration: underline;\">Hauteur adulte<\/span>\u00a0: 40\/60 (100)\u00a0<span style=\"text-decoration: underline;\">Origine g\u00e9ographique<\/span>\u00a0: Taiwan\u00a0<span style=\"text-decoration: underline;\">Persistance hiver<\/span>\u00a0: Persistant\u00a0<span style=\"text-decoration: underline;\">Rusticit\u00e9 USDA<\/span>\u00a0: Zone 10 (-1.1\u00b0C\/+4.4\u00b0C).<\/p>","protected":false},"excerpt":{"rendered":"<p>Cette esp\u00e8ce native de Ta\u00efwan\u00a0est un\u00a0<strong>b\u00e9gonia bambusiforme<\/strong>\u00a0(b\u00e9gonia aile d&rsquo;ange) de petite taille, jusqu&rsquo;\u00e0 80 cm ici. Ses feuilles sont \u00e9troites, dent\u00e9es, jusqu&rsquo;\u00e0 10 cm de long ici, et sont mouchet\u00e9es de blanc, avec le revers rouge.<br \/>\nCulture facile comme b\u00e9gonia d&rsquo;int\u00e9rieur. Une lumi\u00e8re lat\u00e9rale lui permettra d&rsquo;adopter un port retombant, alors qu&rsquo;une lumi\u00e8re z\u00e9nithale permettra un port dress\u00e9.<br \/>\n<span style=\"text-decoration: underline;\">Hauteur adulte<\/span>\u00a0: 40\/60 (100)\u00a0<span style=\"text-decoration: underline;\">Origine g\u00e9ographique<\/span>\u00a0: Taiwan\u00a0<span style=\"text-decoration: underline;\">Persistance hiver<\/span>\u00a0: Persistant\u00a0<span style=\"text-decoration: underline;\">Rusticit\u00e9 USDA<\/span>\u00a0: Zone 10 (-1.1\u00b0C\/+4.4\u00b0C).<\/p>","protected":false},"featured_media":31532,"template":"","meta":{"site-sidebar-layout":"default","site-content-layout":"default","ast-global-header-display":"","ast-main-header-display":"","ast-hfb-above-header-display":"","ast-hfb-below-header-display":"","ast-hfb-mobile-header-display":"","site-post-title":"","ast-breadcrumbs-content":"","ast-featured-img":"","footer-sml-layout":"","theme-transparent-header-meta":"default","adv-header-id-meta":"","stick-header-meta":"default","header-above-stick-meta":"","header-main-stick-meta":"","header-below-stick-meta":""},"product_cat":[536,547],"product_tag":[520,556],"class_list":["post-31503","product","type-product","status-publish","has-post-thumbnail","hentry","product_cat-begonias","product_cat-begonias-interieur","product_tag-begonias-botaniques","product_tag-plantes-pour-interieur","pa_taille-du-pot-pot-12-14-cm-diametre","desktop-align-center","tablet-align-center","mobile-align-center","ast-product-gallery-layout-horizontal","ast-product-single-variable","ast-product-tabs-layout-horizontal","ast-qv-on-image"],"_links":{"self":[{"href":"https:\/\/staging.pepiniereezavin.com\/en\/wp-json\/wp\/v2\/product\/31503","targetHints":{"allow":["GET"]}}],"collection":[{"href":"https:\/\/staging.pepiniereezavin.com\/en\/wp-json\/wp\/v2\/product"}],"about":[{"href":"https:\/\/staging.pepiniereezavin.com\/en\/wp-json\/wp\/v2\/types\/product"}],"wp:featuredmedia":[{"embeddable":true,"href":"https:\/\/staging.pepiniereezavin.com\/en\/wp-json\/wp\/v2\/media\/31532"}],"wp:attachment":[{"href":"https:\/\/staging.pepiniereezavin.com\/en\/wp-json\/wp\/v2\/media?parent=31503"}],"wp:term":[{"taxonomy":"product_cat","embeddable":true,"href":"https:\/\/staging.pepiniereezavin.com\/en\/wp-json\/wp\/v2\/product_cat?post=31503"},{"taxonomy":"product_tag","embeddable":true,"href":"https:\/\/staging.pepiniereezavin.com\/en\/wp-json\/wp\/v2\/product_tag?post=31503"}],"curies":[{"name":"wp","href":"https:\/\/api.w.org\/{rel}","templated":true}]}}