{"id":31542,"date":"2021-12-10T01:01:36","date_gmt":"2021-12-10T00:01:36","guid":{"rendered":"https:\/\/pepiniereezavin.fr\/?post_type=product&#038;p=31542"},"modified":"2022-06-14T08:36:20","modified_gmt":"2022-06-14T06:36:20","slug":"iris-louisiana","status":"publish","type":"product","link":"https:\/\/staging.pepiniereezavin.com\/en\/product\/iris-louisiana\/","title":{"rendered":"Iris louisiana"},"content":{"rendered":"<p>Cet Iris dress\u00e9 de zone humide se pla\u00eet au soleil ou en mi-ombre (dans le Sud la floraison est alors plus longue).<br \/>\nSes fleurs apparaissent au printemps. Plante tr\u00e8s solide et rustique. La texture du feuillage est magnifique, les feuilles sont dress\u00e9es et vert dense. Voici une tr\u00e8s bonne plante de bordure, persistante, dense, et fleurissant l&rsquo;\u00e9t\u00e9.<br \/>\n<span style=\"text-decoration: underline;\">Hauteur adulte<\/span> : 60\/80 <span style=\"text-decoration: underline;\">Origine g\u00e9ographique<\/span> : Am\u00e9rique du nord. <span style=\"text-decoration: underline;\">Persistance hiver<\/span> : Persistant <span style=\"text-decoration: underline;\">Rusticit\u00e9 USDA<\/span> : Zone 8 (-12.2\u00b0\/-6.7\u00b0C).<\/p>","protected":false},"excerpt":{"rendered":"<p>Cet Iris dress\u00e9 de zone humide se pla\u00eet au soleil ou en mi-ombre (dans le Sud la floraison est alors plus longue).<br \/>\nSes fleurs apparaissent au printemps. Plante tr\u00e8s solide et rustique. La texture du feuillage est magnifique, les feuilles sont dress\u00e9es et vert dense. Voici une tr\u00e8s bonne plante de bordure, persistante, dense, et fleurissant l&rsquo;\u00e9t\u00e9.<br \/>\n<span style=\"text-decoration: underline;\">Hauteur adulte<\/span>\u00a0: 60\/80\u00a0<span style=\"text-decoration: underline;\">Origine g\u00e9ographique<\/span>\u00a0: Am\u00e9rique du nord.\u00a0<span style=\"text-decoration: underline;\">Persistance hiver<\/span>\u00a0: Persistant\u00a0<span style=\"text-decoration: underline;\">Rusticit\u00e9 USDA<\/span>\u00a0: Zone 8 (-12.2\u00b0\/-6.7\u00b0C).<\/p>","protected":false},"featured_media":31576,"template":"","meta":{"site-sidebar-layout":"default","site-content-layout":"default","ast-global-header-display":"","ast-main-header-display":"","ast-hfb-above-header-display":"","ast-hfb-below-header-display":"","ast-hfb-mobile-header-display":"","site-post-title":"","ast-breadcrumbs-content":"","ast-featured-img":"","footer-sml-layout":"","theme-transparent-header-meta":"default","adv-header-id-meta":"","stick-header-meta":"default","header-above-stick-meta":"","header-main-stick-meta":"","header-below-stick-meta":""},"product_cat":[537,552,553],"product_tag":[523,525,528,532,558,559],"class_list":["post-31542","product","type-product","status-publish","has-post-thumbnail","hentry","product_cat-autres-plantes","product_cat-autres-plantes-pour-climat-doux","product_cat-autres-plantes-pour-climat-frais","product_tag-plantes-famille-iridacees","product_tag-plantes-a-feuillage-coriace","product_tag-plantes-origine-americaine","product_tag-plantes-pour-berges","product_tag-plantes-pour-climats-doux","product_tag-plantes-pour-climats-frais","pa_taille-du-pot-pot-12-14-cm-diametre","desktop-align-center","tablet-align-center","mobile-align-center","ast-product-gallery-layout-horizontal","ast-product-single-variable","ast-product-tabs-layout-horizontal","ast-qv-on-image"],"_links":{"self":[{"href":"https:\/\/staging.pepiniereezavin.com\/en\/wp-json\/wp\/v2\/product\/31542","targetHints":{"allow":["GET"]}}],"collection":[{"href":"https:\/\/staging.pepiniereezavin.com\/en\/wp-json\/wp\/v2\/product"}],"about":[{"href":"https:\/\/staging.pepiniereezavin.com\/en\/wp-json\/wp\/v2\/types\/product"}],"wp:featuredmedia":[{"embeddable":true,"href":"https:\/\/staging.pepiniereezavin.com\/en\/wp-json\/wp\/v2\/media\/31576"}],"wp:attachment":[{"href":"https:\/\/staging.pepiniereezavin.com\/en\/wp-json\/wp\/v2\/media?parent=31542"}],"wp:term":[{"taxonomy":"product_cat","embeddable":true,"href":"https:\/\/staging.pepiniereezavin.com\/en\/wp-json\/wp\/v2\/product_cat?post=31542"},{"taxonomy":"product_tag","embeddable":true,"href":"https:\/\/staging.pepiniereezavin.com\/en\/wp-json\/wp\/v2\/product_tag?post=31542"}],"curies":[{"name":"wp","href":"https:\/\/api.w.org\/{rel}","templated":true}]}}