{"id":31545,"date":"2021-12-10T01:01:41","date_gmt":"2021-12-10T00:01:41","guid":{"rendered":"https:\/\/pepiniereezavin.fr\/?post_type=product&#038;p=31545"},"modified":"2022-08-22T20:09:12","modified_gmt":"2022-08-22T18:09:12","slug":"pteris-cretica-wilsonii","status":"publish","type":"product","link":"https:\/\/staging.pepiniereezavin.com\/en\/product\/pteris-cretica-wilsonii\/","title":{"rendered":"Pteris cretica &lsquo;Wilsonii&rsquo;"},"content":{"rendered":"<p>Ce cultivar de <em>Pteris cretica<\/em> pr\u00e9sente des frondes dont les segments terminaux sont redivis\u00e9s \u00e0 leur extr\u00e9mit\u00e9. Ceci donne un aspect touffu \u00e0 la plante, et une belle luxuriance! Le port est un peu plus trapu que le type sauvage. La plante vigoureuse, demandant peu d&rsquo;entretien. Culture en int\u00e9rieur, v\u00e9randa, ou possible dehors en climat littoral doux.<\/p>\n<p><span style=\"text-decoration: underline;\"> Hauteur adulte<\/span> : 40\/60 cm. <span style=\"text-decoration: underline;\">Origine g\u00e9ographique<\/span> : horticole. <span style=\"text-decoration: underline;\">Persistance hiver<\/span> : Semi-persistant. <span style=\"text-decoration: underline;\">Rusticit\u00e9 USDA<\/span> :\u00a0Zone 8 (-12.2\u00b0C\/-6.7\u00b0C).<\/p>","protected":false},"excerpt":{"rendered":"<p>Ce cultivar de\u00a0<em>Pteris cretica<\/em>\u00a0pr\u00e9sente des frondes dont les segments terminaux sont redivis\u00e9s \u00e0 leur extr\u00e9mit\u00e9. Ceci donne un aspect touffu \u00e0 la plante, et une belle luxuriance! Le port est un peu plus trapu que le type sauvage. La plante vigoureuse, demandant peu d&rsquo;entretien. Culture en int\u00e9rieur, v\u00e9randa, ou possible dehors en climat littoral doux.<\/p>\n<p><span style=\"text-decoration: underline;\"> Hauteur adulte<\/span> : 40\/60 cm. <span style=\"text-decoration: underline;\">Origine g\u00e9ographique<\/span> : horticole. <span style=\"text-decoration: underline;\">Persistance hiver<\/span> : Semi-persistant. <span style=\"text-decoration: underline;\">Rusticit\u00e9 USDA<\/span> :\u00a0Zone 8 (-12.2\u00b0C\/-6.7\u00b0C).<\/p>","protected":false},"featured_media":31579,"template":"","meta":{"site-sidebar-layout":"default","site-content-layout":"default","ast-global-header-display":"","ast-main-header-display":"","ast-hfb-above-header-display":"","ast-hfb-below-header-display":"","ast-hfb-mobile-header-display":"","site-post-title":"","ast-breadcrumbs-content":"","ast-featured-img":"","footer-sml-layout":"","theme-transparent-header-meta":"default","adv-header-id-meta":"","stick-header-meta":"default","header-above-stick-meta":"","header-main-stick-meta":"","header-below-stick-meta":""},"product_cat":[535,543,544,545],"product_tag":[527,529,530,556,558,533,557],"class_list":["post-31545","product","type-product","status-publish","has-post-thumbnail","hentry","product_cat-fougeres","product_cat-fougeres-interieur","product_cat-fougeres-terrarium","product_cat-fougeres-climat-doux","product_tag-plantes-origine-africaine","product_tag-plantes-origine-asiatique","product_tag-plantes-origine-europeenne","product_tag-plantes-pour-interieur","product_tag-plantes-pour-climats-doux","product_tag-plantes-pour-mur-vegetaux","product_tag-plantes-pour-terrarium","pa_taille-du-pot-pot-12-14-cm-diametre","desktop-align-center","tablet-align-center","mobile-align-center","ast-product-gallery-layout-horizontal","ast-product-single-variable","ast-product-tabs-layout-horizontal","ast-qv-on-image"],"_links":{"self":[{"href":"https:\/\/staging.pepiniereezavin.com\/en\/wp-json\/wp\/v2\/product\/31545","targetHints":{"allow":["GET"]}}],"collection":[{"href":"https:\/\/staging.pepiniereezavin.com\/en\/wp-json\/wp\/v2\/product"}],"about":[{"href":"https:\/\/staging.pepiniereezavin.com\/en\/wp-json\/wp\/v2\/types\/product"}],"wp:featuredmedia":[{"embeddable":true,"href":"https:\/\/staging.pepiniereezavin.com\/en\/wp-json\/wp\/v2\/media\/31579"}],"wp:attachment":[{"href":"https:\/\/staging.pepiniereezavin.com\/en\/wp-json\/wp\/v2\/media?parent=31545"}],"wp:term":[{"taxonomy":"product_cat","embeddable":true,"href":"https:\/\/staging.pepiniereezavin.com\/en\/wp-json\/wp\/v2\/product_cat?post=31545"},{"taxonomy":"product_tag","embeddable":true,"href":"https:\/\/staging.pepiniereezavin.com\/en\/wp-json\/wp\/v2\/product_tag?post=31545"}],"curies":[{"name":"wp","href":"https:\/\/api.w.org\/{rel}","templated":true}]}}