{"id":31551,"date":"2021-12-10T01:01:42","date_gmt":"2021-12-10T00:01:42","guid":{"rendered":"https:\/\/pepiniereezavin.fr\/?post_type=product&#038;p=31551"},"modified":"2022-12-04T19:43:44","modified_gmt":"2022-12-04T18:43:44","slug":"kohleria-digitaliflora","status":"publish","type":"product","link":"https:\/\/staging.pepiniereezavin.com\/en\/product\/kohleria-digitaliflora\/","title":{"rendered":"Kohleria digitaliflora"},"content":{"rendered":"<p>C&rsquo;est un grand plaisir de proposer cette splendeur sud-am\u00e9ricaine! Autant le <strong>feuillage velout\u00e9<\/strong>, bord\u00e9 de rose, que les <strong>fleurs hallucinantes<\/strong> \u00e0 tube velu <strong>rose<\/strong> et \u00e0 segments <strong>verts mouchet\u00e9s de rouge sombre.<\/strong><br \/>\nCette plante de v\u00e9randa ou d&rsquo;int\u00e9rieur (voire d&rsquo;ext\u00e9rieur en zone hors gel) produit de nombreuses tiges qui fleurissent au printemps.<br \/>\nA cultiver en <strong>lumi\u00e8re tamis\u00e9e<\/strong>, en pot, avec r\u00e9duction des arrosages en hiver. Ne pas mouiller le feuillage. <span style=\"text-decoration: underline;\">Culture proche de celle des b\u00e9gonias d&rsquo;int\u00e9rieur<\/span>.\u00a0NB. Les plantes vendues sont cultiv\u00e9es en serre froide, et passent en g\u00e9n\u00e9ral en repos vers octobre novembre.<br \/>\n<span style=\"text-decoration: underline;\">Hauteur adulte<\/span> : 40\/60. <span style=\"text-decoration: underline;\">Origine g\u00e9ographique<\/span> : Am\u00e9rique du Sud. <span style=\"text-decoration: underline;\">Persistance hiver<\/span> : Persistant. <span style=\"text-decoration: underline;\">Rusticit\u00e9 USDA<\/span> : Zone 10 (-1.1\u00b0C\/+4.4\u00b0C).<\/p>","protected":false},"excerpt":{"rendered":"<p>C&rsquo;est un grand plaisir de proposer cette splendeur sud-am\u00e9ricaine! Autant le\u00a0<strong>feuillage velout\u00e9<\/strong>, bord\u00e9 de rose, que les\u00a0<strong>fleurs hallucinantes<\/strong>\u00a0\u00e0 tube velu\u00a0<strong>rose<\/strong>\u00a0et \u00e0 segments\u00a0<strong>verts mouchet\u00e9s de rouge sombre.<\/strong><br \/>\nCette plante de v\u00e9randa ou d&rsquo;int\u00e9rieur (voire d&rsquo;ext\u00e9rieur en zone hors gel) produit de nombreuses tiges qui fleurissent au printemps.<br \/>\nA cultiver en\u00a0<strong>lumi\u00e8re tamis\u00e9e<\/strong>, en pot, avec r\u00e9duction des arrosages en hiver. Ne pas mouiller le feuillage.\u00a0<span style=\"text-decoration: underline;\">Culture proche de celle des b\u00e9gonias d&rsquo;int\u00e9rieur<\/span>.\u00a0NB. Les plantes vendues sont cultiv\u00e9es en serre froide, et passent en g\u00e9n\u00e9ral en repos vers octobre novembre.<br \/>\n<span style=\"text-decoration: underline;\">Hauteur adulte<\/span>\u00a0: 40\/60.\u00a0<span style=\"text-decoration: underline;\">Origine g\u00e9ographique<\/span>\u00a0: Am\u00e9rique du Sud.\u00a0<span style=\"text-decoration: underline;\">Persistance hiver<\/span>\u00a0: Persistant.\u00a0<span style=\"text-decoration: underline;\">Rusticit\u00e9 USDA<\/span>\u00a0: Zone 10 (-1.1\u00b0C\/+4.4\u00b0C).<\/p>","protected":false},"featured_media":31596,"template":"","meta":{"site-sidebar-layout":"default","site-content-layout":"default","ast-global-header-display":"","ast-main-header-display":"","ast-hfb-above-header-display":"","ast-hfb-below-header-display":"","ast-hfb-mobile-header-display":"","site-post-title":"","ast-breadcrumbs-content":"","ast-featured-img":"","footer-sml-layout":"","theme-transparent-header-meta":"default","adv-header-id-meta":"","stick-header-meta":"default","header-above-stick-meta":"","header-main-stick-meta":"","header-below-stick-meta":""},"product_cat":[537,551,552],"product_tag":[528,556,558,533],"class_list":["post-31551","product","type-product","status-publish","has-post-thumbnail","hentry","product_cat-autres-plantes","product_cat-autres-plantes-d-interieur","product_cat-autres-plantes-pour-climat-doux","product_tag-plantes-origine-americaine","product_tag-plantes-pour-interieur","product_tag-plantes-pour-climats-doux","product_tag-plantes-pour-mur-vegetaux","pa_taille-du-pot-pot-10-cm-diametre","desktop-align-center","tablet-align-center","mobile-align-center","ast-product-gallery-layout-horizontal","ast-product-single-variable","ast-product-tabs-layout-horizontal","ast-qv-on-image"],"_links":{"self":[{"href":"https:\/\/staging.pepiniereezavin.com\/en\/wp-json\/wp\/v2\/product\/31551","targetHints":{"allow":["GET"]}}],"collection":[{"href":"https:\/\/staging.pepiniereezavin.com\/en\/wp-json\/wp\/v2\/product"}],"about":[{"href":"https:\/\/staging.pepiniereezavin.com\/en\/wp-json\/wp\/v2\/types\/product"}],"wp:featuredmedia":[{"embeddable":true,"href":"https:\/\/staging.pepiniereezavin.com\/en\/wp-json\/wp\/v2\/media\/31596"}],"wp:attachment":[{"href":"https:\/\/staging.pepiniereezavin.com\/en\/wp-json\/wp\/v2\/media?parent=31551"}],"wp:term":[{"taxonomy":"product_cat","embeddable":true,"href":"https:\/\/staging.pepiniereezavin.com\/en\/wp-json\/wp\/v2\/product_cat?post=31551"},{"taxonomy":"product_tag","embeddable":true,"href":"https:\/\/staging.pepiniereezavin.com\/en\/wp-json\/wp\/v2\/product_tag?post=31551"}],"curies":[{"name":"wp","href":"https:\/\/api.w.org\/{rel}","templated":true}]}}